{"id":6377,"date":"2023-10-06T18:09:26","date_gmt":"2023-10-06T16:09:26","guid":{"rendered":"https:\/\/antcube.shop\/product\/bundle-offer-polyrhachis-dives\/"},"modified":"2026-03-27T18:08:09","modified_gmt":"2026-03-27T17:08:09","slug":"bundle-offer-polyrhachis-dives","status":"publish","type":"product","link":"https:\/\/antcube.shop\/de\/produkt\/bundle-offer-polyrhachis-dives\/","title":{"rendered":"B\u00fcndelangebot - Polyrhachis dives"},"content":{"rendered":"<p dir=\"ltr\"><span data-text-color=\"alert\"><strong><span data-text-color=\"secondary\">Paketangebot mit einer Polyrhachis-Tauchameisenkolonie (K\u00f6nigin mit 26-50 Arbeiterinnen + Brut), einem Starterset f\u00fcr Weberameisen mit 1x Formicarium-Boden, 1x Zierstrauch und 1x Nestkugel als Nistplatz und 1x Magnetplattform zur leichteren F\u00fctterung.<\/span><br \/>\n<\/strong><\/span><\/p>\n<p><span data-text-color=\"alert\"><strong>Nur solange der Vorrat reicht.<\/strong><\/span><\/p>\n<p><strong>Alles, was Sie f\u00fcr eine Polyrhachis-dives-Ameisenkolonie brauchen<\/strong><br \/>\nDieses Paket enth\u00e4lt alles, was Sie brauchen, um eine Polyrhachis dives-Kolonie erfolgreich durch die ersten Monate zu bringen. Es ist flexibel erweiterbar und ausdr\u00fccklich auch f\u00fcr Anf\u00e4nger in der Ameisenhaltung geeignet.<\/p>\n<p><strong>Ameisenart Polyrhachis dives:<\/strong><br \/>\nPolyrhachis dives stammt aus Asien und Australien und hat ein etwas gr\u00f6\u00dferes Verbreitungsgebiet. Charakteristisch f\u00fcr diese Art ist die silberne bis goldene F\u00e4rbung auf dem ansonsten schwarz-braunen K\u00f6rper der Tiere. Sie sind etwas kleiner als Oecophylla, leben oft in Bodenn\u00e4he und bauen ihre Nester gerne auf Steinen oder Baumrinde. Sie benutzen ihre Larven zum Spinnen des Nestes, geh\u00f6ren aber aus wissenschaftlicher Sicht nicht zu den \"echten Weberameisen\" wie Oecophylla, obwohl sie im Grunde fast die gleiche Webtechnik anwenden. Arten der Gattung Polyrhachis haben manchmal recht kleine Kolonien von h\u00f6chstens ein paar tausend Tieren. Berichten zufolge k\u00f6nnen Polyrhachis dives unter optimalen Bedingungen sogar Kolonien mit mehreren hundert K\u00f6niginnen und bis zu mehreren hunderttausend Arbeiterinnen bilden. Bei der Haltung zu Hause wird dies jedoch nicht der Fall sein.<\/p>\n<p>Polyrhachis dives ist polygyn, was bedeutet, dass sie mehrere K\u00f6niginnen gleichzeitig haben kann. Dies bedeutet, dass die Kolonie sehr schnell wachsen kann und viel Futter und Platz ben\u00f6tigt. Das Formicarium sollte daher auch erweiterbar sein. Aufgrund ihrer Koloniegr\u00f6\u00dfe sind sie recht agil und wahre Fluchtspezialisten. Es muss daher auf einen guten Ausbruchsschutz geachtet werden.<\/p>\n<p><strong>Nest f\u00fcr Polyrhachis dives<\/strong><br \/>\nIm Formicarium nehmen Polyrhachis dives fast jedes Baumaterial an, das man ihnen anbietet. Von Sand, Kleintierstreu oder Bl\u00e4ttern \u00fcber Kork und Holzst\u00fccke bis hin zu kleinen Steinen verweben sie alles, was die Natur rund um ihr Zuhause hergibt, zu ihren Nestern. Wir halten unsere Polyrhachis-Kolonien seit vielen Jahren mit sogenannten Nestkugeln. In diesem Set haben wir auch einen Zierstrauch beigelegt, damit die Nestkugel etwas \u00fcber dem Boden platziert werden kann, wie es in der Natur \u00fcblich ist.<\/p>\n<p><strong>Nahrung f\u00fcr Polyrhachis dives<\/strong><br \/>\nAls Futter haben wir in diesem Set unsere ganzen blanchierten Grillen und Honigtau enthalten. Beides wird von Polyrhachis dives sehr gut angenommen und unterst\u00fctzt durch die enthaltenen N\u00e4hrstoffe eine nat\u00fcrliche und positive Entwicklung der Kolonie.<\/p>\n<p><strong>Die optimalen klimatischen Bedingungen f\u00fcr Polyrhachis dives sind wie folgt:<\/strong><br \/>\nLuftfeuchtigkeit:<br \/>\nArena: 50 - 70% Nestbereich: 60 - 80%<br \/>\nTemperatur:<br \/>\nArena: Tags\u00fcber: 28 - 30\u00b0C Nachts: 24 - 28\u00b0C Nestbereich: 28- 30\u00b0C<\/p>\n<p><strong>Inhalt:<\/strong><\/p>\n<p>1x Polyrhachis dives (2 queens + 26-50 workers + brood)<br \/>\n1x Nestkugel natur 10 cm - grob<br \/>\n1x ANTCUBE Eckplattform 8\u00d78 - Magnet<br \/>\n1x Dekorativer W\u00fcstenstrauch 30x15cm - dunkelbraun<br \/>\n1x Honigtau-Mix Nachf\u00fcllpackung 10ml<br \/>\n1x Grillenmarmelade 25g<br \/>\n1x Formicarium Unterlage 20\u00d720<\/p>\n<p>1x ANTCUBE - Arena 20x20x40 - Hoch<br \/>\n1x Ameisenarena-Rahmen 20\u00d720<br \/>\n1x Ameisenarena-Abdeckung 20\u00d720<br \/>\n4x Befestigungspunkt f\u00fcr Arenadeckel<\/p>\n<p>1x Substrat - Regenwald - 1 kg<br \/>\n1x Fotor\u00fcckwand - Regenwald - 20\u00d740 - hoch<br \/>\n1x Spr\u00fchflasche Sprayer 0,5 Liter - Messingd\u00fcse<\/p>\n<p>2x Grid insert acrylic &#8211; 50 mm with sealing ring<br \/>\n2x Grid insert acrylic &#8211; 27 mm with sealing ring<\/p>\n<p>1x Federstahlpinzette breit - weich<br \/>\n1x Kunststoffpinzette Standard<br \/>\n1x Kunststoffpipette 3ml<br \/>\n1x Ameisenausbruchsschutz\u00f6l 10ml<br \/>\n1x drinking clear 5ml &#8211; sponge<br \/>\n1x Feeding dish white rectangle &#8211; 3 compartments<br \/>\n1x Drinking trough 2ml &#8211; 360 Degrees<br \/>\n1x Handlupe - 2x - 30mm<br \/>\n1x Schaumstoffwischer 150x18x2,5mm<\/p>\n<p>&nbsp;<\/p>\n<p><strong>Beschreibung Starter-Set Weberameisen:<\/strong><br \/>\nDieses erweiterbare Starterset f\u00fcr verschiedene Weberameisenarten wie Polyrhachis spec. oder Oecophylla spec. enth\u00e4lt neben dem optimal angepassten Formicarium auch das passende Zubeh\u00f6r zur Haltung dieser Ameisenart. Geeignet f\u00fcr Kolonien von bis zu ca. 500-1000 Tieren. F\u00fcr gr\u00f6\u00dfere Kolonien empfehlen wir ein 30x30x60cm Formicarium. Die \"klare 20ml - Schwamm\"-Tr\u00e4nke ist f\u00fcr Wasser, die \"2ml - 360 Grad\"-Tr\u00e4nke f\u00fcr den Honigtau-Mix gedacht.<\/p>\n<p><strong>Das ist wichtig:<\/strong> Bitte befeuchten Sie das W\u00fcstensubstrat vor der Verwendung, damit sich die Mischung verbinden und einen festen Halt im Ameisenbau entwickeln kann. Au\u00dferdem kann ein trockenes und staubiges Substrat dazu f\u00fchren, dass die Atemwege der Ameisen blockiert werden und die Tiere im schlimmsten Fall ersticken.<\/p>\n<p><strong>Hinweise zur Produktion<\/strong><br \/>\nDer Zuschnitt des Glases erfolgt nach DIN 1249 mit einer Toleranz von +\/- 1 mm. F\u00fcr extrem kleine Ameisenarten ist ein zus\u00e4tzlicher Ausbruchsschutz erforderlich.<\/p>\n<p><strong>Hinweis zu den blanchierten Grillen:<\/strong><br \/>\nUnsere blanchierten Grillen sind eine einfache M\u00f6glichkeit, Ihre Ameisen mit frisch konservierter Proteinnahrung zu versorgen, ohne lebende Insekten f\u00fcttern zu m\u00fcssen. Die enthaltenen Grillen (Acheta domesticus) wurden schonend blanchiert, um sicherzustellen, dass N\u00e4hrwerte, Geschmack und Aroma erhalten bleiben. Au\u00dferdem wird der Chitinpanzer der Insekten auf diese Weise aufgeweicht, so dass er leichter verdaut werden kann. Die Bindungen der kollagenen Proteine werden aufgebrochen, so dass die Ameisen sie besser verwerten k\u00f6nnen. Acheta domesticus in Dosen hat den gleichen N\u00e4hrwert wie lebende Grillen, ist aber leichter zu verdauen.<\/p>\n<p>Die blanchierten Grillen eignen sich nicht f\u00fcr die Jagd auf Ameisenarten, die Lebendfutter ben\u00f6tigen (z. B. Ponerinen (Gro\u00dfe Ameisen) wie Harpegnathos oder Odontomachus).<\/p>\n<p>Weitere Vorteile:<br \/>\nGarantiert milbenfrei<br \/>\nKann portioniert werden<br \/>\nSterilisiert und vakuumiert<br \/>\nOhne Zusatzstoffe<br \/>\nGrillen aus nachhaltiger, rein biologischer Zucht, gef\u00fcttert mit Bioabf\u00e4llen<\/p>\n<p><strong>Bitte beachten:<\/strong><br \/>\nNach dem \u00d6ffnen etwa vier Tage im K\u00fchlschrank aufbewahren. L\u00e4nger haltbar, wenn eingefroren.<\/p>\n<p><strong>Anmerkung zum Honigtau:<\/strong><br \/>\nInhalt: 10 ml<br \/>\nEs handelt sich um ein Naturprodukt, das wir nach ausgiebigen Tests in unserem Labor verfeinert und zu einem von den Ameisen sehr gut angenommenen Futter entwickelt haben. Der Grund daf\u00fcr ist, dass unverarbeiteter Honigtauhonig in seiner konzentrierten urspr\u00fcnglichen Form von Ameisen und deren Stoffwechsel nicht gut angenommen wird.<br \/>\nUnser Honigtau wurde in den unber\u00fchrten wilden Bergw\u00e4ldern Bulgariens gesammelt. Honigtau wird nur f\u00fcr eine sehr begrenzte Zeit produziert, etwa zwei Monate im Sommer. Er ist daher sehr selten. Aufgrund der besonderen Bodenbeschaffenheit der W\u00e4lder und des Klimas werden wichtige N\u00e4hrstoffe in den Bl\u00e4ttern der B\u00e4ume gespeichert, die von den Blattl\u00e4usen aufgenommen werden. Das macht diese Honigtau-Mischung f\u00fcr die Ameisen so begehrenswert.<\/p>\n<p><strong>Anwendung:<\/strong><br \/>\nDie Lebensmittelmenge sollte innerhalb von etwa 3 Tagen verbraucht werden.<\/p>\n<p><strong>Beschreibung:<\/strong><br \/>\nHonigtau wird im Gegensatz zu Bl\u00fctenhonig aus Sekreten von Insekten gewonnen, die an Pflanzen saugen, z. B. Blattl\u00e4usen. Honigtau ist eine beliebte Nahrungsquelle f\u00fcr viele Insekten wie Ameisen, Bienen und Hummeln. Bienen und Hummeln lecken ihn von den Bl\u00e4ttern oder Nadeln verschiedener B\u00e4ume ab. Ameisen wie Lasius niger halten die Blattl\u00e4use buchst\u00e4blich fest. Sie verteidigen sie sogar gegen Fressfeinde und tragen sie zu neuen Trieben.<\/p>\n<p>Honigtau ist bei Ameisen wegen seiner etwas anderen Bestandteile besonders beliebt. Die wichtigsten Zuckerarten im Honigtau sind Saccharose und Fruktose, aber auch kleinere Mengen an Maltose, Trehalose, Melezitose, Raffinose und anderen Oligosacchariden sind enthalten. Neben Zucker und Wasser enth\u00e4lt der Honigtau auch essenzielle Aminos\u00e4uren, Mineralstoffe, Spurenelemente, Adenosine, Phosphate und andere Inhaltsstoffe wie Vitamine.<\/p>\n<p><strong>Verwendung:<\/strong><br \/>\nF\u00fcr honigfressende Ameisenarten (Meliphagidae)<br \/>\nDies ist ein Erg\u00e4nzungsfuttermittel<br \/>\nEs kann den Tieren wie geliefert angeboten werden. Da die Zuckerkonzentration durch die Feuchtigkeit verringert wird und ein G\u00e4rungsprozess einsetzt, sollte das Futter alle 3 Tage ausgetauscht werden. Reinigen Sie den Futternapf\/die Tube vor der Wiederverwendung gr\u00fcndlich.<br \/>\nEine ge\u00f6ffnete Packung sollte bis zum Ablauf des Verfallsdatums fest verschlossen aufbewahrt werden.<br \/>\nN\u00e4hrwertangaben pro 100 g:<br \/>\nca. 2,7 % Fette<br \/>\ndavon ges\u00e4ttigt ca. 0,45 %<br \/>\nca. 95 % Kohlenhydrate<br \/>\ndavon Zucker ca. 71<br \/>\nca. 2,85% Protein<\/p>\n<p>Mineralstoffe (Kalium, Calcium, Kupfer, Eisen, Natrium, Magnesium, Phosphor, Zink und andere Spurenelemente) Aminos\u00e4uren (Prolin, Leucin, Phenylalanin, Alanin, Histidin, Isoleucin, Glutamins\u00e4ure, Arginin, Asparagins\u00e4ure usw.) Organische S\u00e4uren Enzyme (Fermente)Aromastoffe Inhibine (antibakterielle Substanzen) Blumen Pollen<\/p>\n<p><strong>Lagerung:<\/strong><br \/>\nUm die Qualit\u00e4t des Futters zu gew\u00e4hrleisten, sollte es an einem dunklen und trockenen Ort gelagert werden.<\/p>\n<p><strong>Anmerkung:<\/strong><br \/>\nInformationen \u00fcber die Verwendung von Futterschl\u00e4uchen finden Sie hier: Link<br \/>\nErg\u00e4nzungsfuttermittel f\u00fcr honigfressende Ameisen.<br \/>\nDie Zusammensetzung, die analytischen Bestandteile, das Mindesthaltbarkeitsdatum und die Chargennummer entnehmen Sie bitte der Packungsbeilage.<\/p>\n<p>Informations-Hotline +49 30 439703870<\/p>\n<p>Zust\u00e4ndiges Veterin\u00e4r- und Lebensmittelinspektorat:<br \/>\nVeterin\u00e4ramt Steglitz<br \/>\nK\u00f6nigin-Luise-Str. 92<br \/>\n14195 Berlin<\/p>\n<p><strong>Beschreibung Zierstrauch<\/strong><\/p>\n<p>Gr\u00f6\u00dfe \/ H\u00f6he 17 cm bis 19 cm, Durchmesser ~ 10 cm -12 cm, ideal f\u00fcr Arenen 30x30x30 cm und h\u00f6her.<br \/>\nDas Gewicht schwankt zwischen 50 und 80 Gramm.<\/p>\n<p>Dekorationsartikel, der aus einem nat\u00fcrlich getrockneten Holzstrauch und einem Sockel aus Kunstharz (Bodenplatte) besteht.<br \/>\nDieser Zierstrauch wurde in Deutschland handgefertigt und zeichnet sich daher durch Nachhaltigkeit aus.<\/p>\n<p><strong>ACHTUNG!<\/strong> Bitte nicht in sehr feuchte Formicaria (\u00fcber 60% Luftfeuchtigkeit) stellen. Der Strauch k\u00f6nnte anfangen zu schimmeln. Bei sehr guter Bel\u00fcftung kann der Strauch auch in feuchtere Formicarien gestellt werden.<\/p>\n<p>Einige Zierstr\u00e4ucher stehen aufgrund ihrer H\u00f6he nicht von alleine im Formicarium. In diesem Fall hilft es, die Basis ein wenig mit Substrat zu bedecken oder das Produkt nahe an den Au\u00dfenscheiben zu platzieren.<\/p>\n<p><span data-text-color=\"alert\"><strong>WICHTIGER HINWEIS ZU DEM ARTIKEL:<\/strong><\/span><br \/>\nDa es sich um ein Naturprodukt \/ Unikat handelt, sind die Abbildungen hier nicht ganz identisch mit dem Artikel, den Sie erhalten. Es kann zu Abweichungen in Gr\u00f6\u00dfe, Form und Farbe des Minibaums und der Bruchschiefergrundplatte kommen. Wir garantieren nur die maximale H\u00f6he des Artikels.<\/p>\n<p>Mit der Bestellung dieses Artikels erkl\u00e4ren Sie sich mit den oben genannten m\u00f6glichen Abweichungen des Produkts in Gr\u00f6\u00dfe, Form und Farbe zum Zeitpunkt des Kaufs einverstanden.<\/p>","protected":false},"excerpt":{"rendered":"<p>Das Set besteht aus 31 Teilen.<br \/>\nGr\u00f6\u00dfe: <strong>XL<\/strong><\/p>","protected":false},"featured_media":7116,"comment_status":"open","ping_status":"closed","template":"","meta":{"_acf_changed":false,"content-type":"","_monsterinsights_skip_tracking":false,"_monsterinsights_sitenote_active":false,"_monsterinsights_sitenote_note":"","_monsterinsights_sitenote_category":0},"product_brand":[],"product_cat":[355,354,73],"product_tag":[],"class_list":{"0":"post-6377","1":"product","2":"type-product","3":"status-publish","4":"has-post-thumbnail","6":"product_cat-bundle-offers","7":"product_cat-starter-sets-for-weaver-ants","8":"product_cat-starter-sets","10":"first","11":"instock","12":"taxable","13":"shipping-taxable","14":"purchasable","15":"product-type-simple"},"acf":[],"aioseo_notices":[],"jetpack_sharing_enabled":true,"_links":{"self":[{"href":"https:\/\/antcube.shop\/de\/wp-json\/wp\/v2\/product\/6377","targetHints":{"allow":["GET"]}}],"collection":[{"href":"https:\/\/antcube.shop\/de\/wp-json\/wp\/v2\/product"}],"about":[{"href":"https:\/\/antcube.shop\/de\/wp-json\/wp\/v2\/types\/product"}],"replies":[{"embeddable":true,"href":"https:\/\/antcube.shop\/de\/wp-json\/wp\/v2\/comments?post=6377"}],"wp:featuredmedia":[{"embeddable":true,"href":"https:\/\/antcube.shop\/de\/wp-json\/wp\/v2\/media\/7116"}],"wp:attachment":[{"href":"https:\/\/antcube.shop\/de\/wp-json\/wp\/v2\/media?parent=6377"}],"wp:term":[{"taxonomy":"product_brand","embeddable":true,"href":"https:\/\/antcube.shop\/de\/wp-json\/wp\/v2\/product_brand?post=6377"},{"taxonomy":"product_cat","embeddable":true,"href":"https:\/\/antcube.shop\/de\/wp-json\/wp\/v2\/product_cat?post=6377"},{"taxonomy":"product_tag","embeddable":true,"href":"https:\/\/antcube.shop\/de\/wp-json\/wp\/v2\/product_tag?post=6377"}],"curies":[{"name":"wp","href":"https:\/\/api.w.org\/{rel}","templated":true}]}}