{"id":5936,"date":"2023-06-24T12:30:54","date_gmt":"2023-06-24T10:30:54","guid":{"rendered":"https:\/\/antcube.shop\/product\/antcube-starter-set-fur-ernteameisen-l-popcorn\/"},"modified":"2026-04-01T09:56:03","modified_gmt":"2026-04-01T07:56:03","slug":"antcube-starter-set-fur-harvester-ant-l-popcorn","status":"publish","type":"product","link":"https:\/\/antcube.shop\/de\/produkt\/antcube-starter-set-fur-harvester-ant-l-popcorn\/","title":{"rendered":"ANTCUBE Starter Set for Harvester Ants &#8211; L"},"content":{"rendered":"<div class=\"tab-body active\">\n<p><strong>Inhalt:<\/strong><br \/>\n1x ANTCUBE - Arena 20x20x10 - flach<br \/>\n1x Ameisenarena-Rahmen 20\u00d720<br \/>\n1x Ameisenarena-Abdeckung 20\u00d720<br \/>\n1x Befestigungspunkte f\u00fcr Arenadeckel 4 Stk.<br \/>\n2x ANTCUBE - Ameisenfarm - L - 20\u00d720 - stehend<\/p>\n<p>2x ANTCUBE - Digfix Terra nidum 20\u00d720 - L - beige<\/p>\n<p>1x 1m Schlauch transparent 20\/16 mm<br \/>\n2x ANTCUBE - Rote Folie 20\u00d720 - Filter<br \/>\n2x selbstklebende Clips - transparent 2 Stk.<br \/>\n1x Substrat - W\u00fcste - 1 kg<\/p>\n<p>2x Grid insert acrylic &#8211; 50 mm with sealing ring<br \/>\n1x Grid insert acrylic &#8211; 27 mm with sealing ring<br \/>\n1x Grid cap &#8211; 10mm &#8211; stainless steel<\/p>\n<p>1x drinking clear 5ml &#8211; sponge<br \/>\n1x Feeding dish white rectangle &#8211; 3 compartments<\/p>\n<p>2x Foil thermometer &#8211; farm<br \/>\n1x Foil thermometer display<\/p>\n<p>1x Tankschlauchanschluss 27-14,16,20 mm - transparent<br \/>\n1x Ameisenausbruch-Schutz\u00f6l 10ml<br \/>\n1x Pinzette Federstahl - breit - weich<br \/>\n1x Pinzette Kunststoff transparent<br \/>\n1x Kunststoffpipette 3ml<br \/>\n1x Handlupe - 2x - 30mm<br \/>\n1x Schaumstoffwischer 150x18x2,5mm<br \/>\n1x Fotor\u00fcckseite - W\u00fcste - 20\u00d710<\/p>\n<p><strong>Beschreibung:<\/strong><br \/>\nThis starter set is especially suitable for grain-collecting ant species of the genus Messor or Pogonomyrmex. One of these farms is intended for storing grains\/seeds and ant bread. To prevent the stored grains\/seeds from germinating or molding, it should be kept completely dry.<br \/>\nThe second farm is intended as a nest and breeding area for the ant colony. It should always be kept slightly moist.<\/p>\n<p><strong>Beschreibung der Terra nidum Platte:<\/strong> Die Terra nidum (lateinisch f\u00fcr Erdnest) Platte aus grabbarem Material ist die perfekte Erg\u00e4nzung f\u00fcr unsere ANTCUBE Ameisenfarmen. Sie kann sowohl trocken als auch nass verwendet werden. Sie ist auch f\u00fcr viele Ameisenarten geeignet, insbesondere f\u00fcr Arten, die in Sand und (totem) Holz nisten. Es kann anstelle von Sand\/Lehm-Mischungen oder Korknesteins\u00e4tzen verwendet werden. Der Vorteil dieses Nestes ist, dass die Befeuchtung der Platte durch eine deutlich sichtbare Verf\u00e4rbung leichter zu kontrollieren ist und die F\u00e4rbung der Platte einen super Kontrast zu den meist dunkleren Ameisenarten bietet. Au\u00dferdem k\u00f6nnen die Innenscheiben der Ameisenfarm nicht mit Substrat verschmutzt werden, wie es z.B. bei Sand-Lehm-Gemischen der Fall ist, was eine perfekte Sicht auf das Nest erm\u00f6glicht. Unser Nistmaterial hat auch eine viel festere Struktur, so dass die von den Ameisen gegrabenen G\u00e4nge und Kammern nicht einst\u00fcrzen.<\/p>\n<p><strong>Das ist wichtig: <\/strong>Bitte befeuchten Sie das W\u00fcstensubstrat vor der Verwendung, damit sich die Mischung verbinden und einen festen Halt im Ameisenbau entwickeln kann. Au\u00dferdem kann ein trockenes und staubiges Substrat dazu f\u00fchren, dass die Atemwege der Ameisen blockiert werden und die Tiere im schlimmsten Fall ersticken.<\/p>\n<p><strong>Empfehlung:<\/strong> Wir empfehlen eine Substratschicht von 2 mm H\u00f6he, damit sich die Tiere nicht in die Arena eingraben k\u00f6nnen und stattdessen die Farm f\u00fcr diesen Zweck nutzen. Wir empfehlen auch, dass das Nistmaterial in der Farm (Sand\/Lehm, Digfix usw.) an einer Stelle leicht eingestochen wird, um den Tieren das Graben zu erleichtern.<\/p>\n<p><strong>Hinweise zur Produktion<\/strong><br \/>\nDas Glas ist nach DIN 1249 mit einer Toleranz von +\/;- 1mm geschliffen. F\u00fcr extrem kleine Ameisenarten ist ein zus\u00e4tzlicher Ameisenfluchtschutz unerl\u00e4sslich.<\/p>\n<p><strong>Anmerkungen zum Bauernhof<\/strong><br \/>\nBeim Anbringen oder Entfernen von Schl\u00e4uchen ist Folgendes zu beachten:<br \/>\nL\u00e4sst sich der Schlauch nur sehr schwer auf den Anschlussstutzen aufstecken, sollte der Stutzen leicht mit einem Tropfen unseres Ausbruchsicherungs\u00f6ls oder -pulvers eingerieben werden. Der Schlauch sollte dann mit drehenden oder schraubenden Bewegungen auf den Stutzen geschoben werden, ohne den Stutzen durch Auf- und Abw\u00e4rtsbewegungen zu belasten. Das Gleiche gilt f\u00fcr das Abziehen der Schl\u00e4uche von der Hofanschlussmuffe. Bitte nicht einfach abziehen!<\/p>\n<p><strong>Anmerkung zu Terra nidum:<\/strong> Der nat\u00fcrliche Farbton kann zwischen beige\/sandfarben und hellbraun variieren. Der Farbton hat keinen Einfluss auf die Qualit\u00e4t.<br \/>\nAufgrund des Herstellungsprozesses k\u00f6nnen die Abmessungen um +\/- 1 mm variieren.<\/p>\n<\/div>","protected":false},"excerpt":{"rendered":"<p>This set consists of 30 parts and is ideal for all grain-collecting ants species.<br \/>\nGr\u00f6\u00dfe: <span style=\"color: #0000ff;\"><strong>L<\/strong><\/span><\/p>","protected":false},"featured_media":5926,"comment_status":"open","ping_status":"closed","template":"","meta":{"_acf_changed":false,"content-type":"","_monsterinsights_skip_tracking":false,"_monsterinsights_sitenote_active":false,"_monsterinsights_sitenote_note":"","_monsterinsights_sitenote_category":0},"product_brand":[],"product_cat":[344,353,73,75],"product_tag":[],"class_list":{"0":"post-5936","1":"product","2":"type-product","3":"status-publish","4":"has-post-thumbnail","6":"product_cat-popcorn","7":"product_cat-starter-sets-for-harvester-ants","8":"product_cat-starter-sets","9":"product_cat-starter-sets-digfix","11":"first","12":"instock","13":"taxable","14":"shipping-taxable","15":"purchasable","16":"product-type-simple"},"acf":[],"aioseo_notices":[],"jetpack_sharing_enabled":true,"_links":{"self":[{"href":"https:\/\/antcube.shop\/de\/wp-json\/wp\/v2\/product\/5936","targetHints":{"allow":["GET"]}}],"collection":[{"href":"https:\/\/antcube.shop\/de\/wp-json\/wp\/v2\/product"}],"about":[{"href":"https:\/\/antcube.shop\/de\/wp-json\/wp\/v2\/types\/product"}],"replies":[{"embeddable":true,"href":"https:\/\/antcube.shop\/de\/wp-json\/wp\/v2\/comments?post=5936"}],"wp:featuredmedia":[{"embeddable":true,"href":"https:\/\/antcube.shop\/de\/wp-json\/wp\/v2\/media\/5926"}],"wp:attachment":[{"href":"https:\/\/antcube.shop\/de\/wp-json\/wp\/v2\/media?parent=5936"}],"wp:term":[{"taxonomy":"product_brand","embeddable":true,"href":"https:\/\/antcube.shop\/de\/wp-json\/wp\/v2\/product_brand?post=5936"},{"taxonomy":"product_cat","embeddable":true,"href":"https:\/\/antcube.shop\/de\/wp-json\/wp\/v2\/product_cat?post=5936"},{"taxonomy":"product_tag","embeddable":true,"href":"https:\/\/antcube.shop\/de\/wp-json\/wp\/v2\/product_tag?post=5936"}],"curies":[{"name":"wp","href":"https:\/\/api.w.org\/{rel}","templated":true}]}}