{"id":5935,"date":"2023-06-24T12:30:33","date_gmt":"2023-06-24T10:30:33","guid":{"rendered":"https:\/\/antcube.shop\/product\/bundle-offer-messor-angularis\/"},"modified":"2025-10-19T06:01:04","modified_gmt":"2025-10-19T04:01:04","slug":"bundel-angebot-messor-angularis","status":"publish","type":"product","link":"https:\/\/antcube.shop\/de\/produkt\/bundel-angebot-messor-angularis\/","title":{"rendered":"B\u00fcndelangebot - Messor arenarius"},"content":{"rendered":"<div class=\"tab-body active\">\n<p><span data-text-color=\"secondary\"><strong>Paketangebot mit einer Messor arenarius Ameisenkolonie (K\u00f6nigin + 5-10 Arbeiterinnen + Brut), einem Starterset f\u00fcr Ernteameisen L Popcorn mit 3x Formicarium-Pads und einer Dose unserer speziellen blanchierten Grillen (feuchtes Protein).<\/strong><\/span><\/p>\n<p><span data-text-color=\"alert\"><strong>Nur solange der Vorrat reicht.<\/strong><\/span><\/p>\n<p><strong>Alles, was Sie brauchen, um Messor arenarius erfolgreich zu halten<\/strong><br \/>\nDieses Paket enth\u00e4lt alles, was Sie f\u00fcr die erfolgreiche Haltung einer Messor arenarius-Kolonie in den ersten Monaten ben\u00f6tigen. Es kann flexibel erweitert werden und ist ideal f\u00fcr den Einstieg in die Ameisenhaltung.<\/p>\n<p><strong>Die Ameisenarten: Messor arenarius<\/strong><br \/>\nMessor arenarius, auch bekannt als \"D\u00fcnenameise\", ist eine im Vergleich zu anderen Messor-Arten sehr gro\u00dfe, k\u00f6rnerfressende Ameisenart, die haupts\u00e4chlich in trockenen und warmen Regionen Nordafrikas vorkommt. Ihre gro\u00dfen Arbeiterinnen k\u00f6nnen eine erstaunliche Gr\u00f6\u00dfe von 18 mm erreichen. Sie ist bekannt f\u00fcr ihre Anpassungsf\u00e4higkeit an trockene Lebensr\u00e4ume und geh\u00f6rt zu den so genannten Harvesterameisen, die f\u00fcr ihre interessante Lebensweise und beeindruckenden Neststrukturen bekannt sind.<\/p>\n<p>Optisch f\u00e4llt Messor arenarius durch ihren gl\u00e4nzend schwarzen K\u00f6rper und die kr\u00e4ftig gebauten gro\u00dfen Arbeiterinnen auf, die besonders beeindruckend sind. Aufgrund ihres robusten Wesens und ihrer einfachen Haltungsanforderungen ist sie eine ideale Art f\u00fcr Anf\u00e4nger, aber aufgrund ihrer beeindruckenden Gr\u00f6\u00dfe auch f\u00fcr fortgeschrittene Ameisenhalter interessant.<\/p>\n<p><strong>Futter f\u00fcr Messor arenarius<\/strong><br \/>\nMessor arenarius ern\u00e4hrt sich haupts\u00e4chlich von K\u00f6rnern, aus denen sie das so genannte \"Ameisenbrot\" herstellt. Dar\u00fcber hinaus nimmt die Kolonie auch s\u00fc\u00dfe Fr\u00fcchte, kleine Insekten und Eiwei\u00dfnahrung zu sich. Der gr\u00f6\u00dfte Teil ihres Feuchtigkeitsbedarfs wird durch K\u00f6rner gedeckt, der Rest durch Insekten und angebotene Fl\u00fcssigkeiten, wie z. B. Honigwasser.<\/p>\n<p><strong>Die folgenden Futtermittel sollten im Formicarium bereitgestellt werden:<\/strong><br \/>\nK\u00f6rnermischungen<br \/>\nKleine Insekten (z. B. Fruchtfliegen)<br \/>\nStets frisches Wasser bereitstellen<br \/>\nBei Bedarf Honigwasser (Achtung: offene Fl\u00fcssigkeiten immer abdecken, damit die Ameisen nicht hineinfallen k\u00f6nnen).<\/p>\n<p><strong>Das richtige Formicarium f\u00fcr Messor arenarius<\/strong><br \/>\nWie alle Ernteameisen ben\u00f6tigt auch Messor arenarius ein Nest, das sowohl trockene als auch leicht feuchte Bereiche bietet. Der feuchte Bereich dient der Brutpflege, w\u00e4hrend der trockene Teil ideal f\u00fcr die Lagerung von K\u00f6rnern ist, um Schimmelbildung zu vermeiden. Unser Starterset enth\u00e4lt daher zwei Ameisenfarmen (Nester), die f\u00fcr die ersten 1-2 Jahre ausreichend sind. Danach sollte das Formicarium erweitert werden, um Platz f\u00fcr das Wachstum der Kolonie zu schaffen.<\/p>\n<p><strong>Die optimalen Klimabedingungen f\u00fcr Messor arenarius:<\/strong><br \/>\n<strong>Luftfeuchtigkeit:<\/strong><br \/>\nArena: 30-50 %<br \/>\nNestbereich: 50-70 %<\/p>\n<p><strong>Temperatur:<\/strong><br \/>\nArena: 25-30 \u00b0C<br \/>\nNestbereich: 22-28 \u00b0C<\/p>\n<p><strong>Nistmaterial f\u00fcr Messor arenarius<\/strong><br \/>\nDigfix ist besonders geeignet f\u00fcr die Haltung von Messor arenarius. Es ist feuchtigkeitsbest\u00e4ndig und erm\u00f6glicht eine freie Sicht auf die Neststrukturen, ohne dass Substratreste die Sicht beeintr\u00e4chtigen, wie es bei Sand-Lehm-Gemischen der Fall ist.<\/p>\n<p>Da die Major-Arbeiterinnen mit der Zeit auch h\u00e4rtere Materialien wie Ytong anknabbern k\u00f6nnen, empfehlen wir Glasnester mit einem Digfix-Einsatz. Diese Kombination bietet nicht nur Langlebigkeit, sondern auch optimale Bedingungen f\u00fcr die Beobachtung und Pflege des Volkes.<\/p>\n<p>Mit dieser Einrichtung schaffen Sie eine ideale Grundlage f\u00fcr die Haltung von Messor arenarius und k\u00f6nnen diese faszinierenden Ameisen viele Jahre lang beobachten und pflegen.<\/p>\n<p><strong>Inhalt:<\/strong><br \/>\n1x Messor arenarius (K\u00f6nigin + 1-4 Arbeiterinnen + Brut)<br \/>\n1x blanchierte Grille 10g<br \/>\n1x Getreidefutter moll 100g<br \/>\n1x Formicarium-Unterlage - 20x20cm<br \/>\n2x Formicarium-Unterlage - 20x6cm<\/p>\n<p>1x ANTCUBE - arena 20x20x10 - flach<br \/>\n1x Ameisenarena-Rahmen 20\u00d720<br \/>\n1x Ameisenarena-Abdeckung 20\u00d720<br \/>\n1x Befestigungspunkte f\u00fcr Arenadeckel 4Stk.<br \/>\n2x ANTCUBE - Ameisenfarm - L - 20\u00d720 - stehend<\/p>\n<p>2x ANTCUBE - Digfix Terra nidum 20\u00d720 - L - beige<br \/>\n1x Popcorn-Nest 20\u00d720 - L<br \/>\n1x 1m Schlauch transparent 20\/16 mm<br \/>\n2x ANTCUBE - Rote Folie 20\u00d720 - Filter<br \/>\n2x selbstklebende Clips - transparent 2 Stk.<br \/>\n1x Substrat - W\u00fcste - 1 kg<\/p>\n<p>2x Gittereinsatz - 50mm - Edelstahl<br \/>\n1x Gittereinsatz - 27mm - rostfreier Stahl<br \/>\n1x Gitterkappe - 16mm - Edelstahl<\/p>\n<p>1x Tankschlauchanschluss 27-14,16,20 mm - transparent<br \/>\n1x Futterspender 2ml - dosierbar<br \/>\n1x Tr\u00e4nketrog klar 20ml - Schwamm<br \/>\n1x Napf klar 1\u00d720 - Schwamm<br \/>\n1x Mini-Thermo-Hygrometer analog - Anzeige - h\u00e4ngend<br \/>\n1x Ameisenausbruch-Schutz\u00f6l 10ml<br \/>\n1x Pinzette Federstahl - breit - weich<br \/>\n1x Pinzette Kunststoff transparent<br \/>\n1x Kunststoffpipette 3ml<br \/>\n1x Handlupe - 2x - 30mm<br \/>\n1x Schaumstoffwischer 150x18x2,5mm<br \/>\n1x Fotor\u00fcckseite - W\u00fcste - 20\u00d710<\/p>\n<p><strong>Beschreibung Starter Set:<\/strong><br \/>\nDieses Starterset ist besonders f\u00fcr kornsammelnde Ameisenarten der Gattung Messor oder Pogonomyrmex geeignet. Die Farm mit dem Popcornteller ist f\u00fcr die Aufbewahrung der Samen und des Ameisenbrotes vorgesehen und sollte daher v\u00f6llig trocken bleiben, um zu verhindern, dass die von den Ameisen dort gelagerten Samen\/K\u00f6rner keimen oder schimmeln.<br \/>\nDie zweite Farm mit der \"Terra nidum\"-Platte ist als Nist- und Brutplatz f\u00fcr das Ameisenvolk gedacht. Diese sollte immer leicht feucht gehalten werden.<br \/>\nUm Ihnen mehr Flexibilit\u00e4t bei der Einrichtung Ihres Formicariums zu geben, haben wir eine zweite \"Terra nidum\"-Platte beigelegt, die Sie anstelle des Popcorn-Nests verwenden k\u00f6nnen.<\/p>\n<p><strong>Beschreibung der Terra nidum Platte:<\/strong> Die Terra nidum (lateinisch f\u00fcr Erdnest) Platte aus grabbarem Material ist die perfekte Erg\u00e4nzung f\u00fcr unsere ANTCUBE Ameisenfarmen. Sie kann sowohl trocken als auch nass verwendet werden. Sie ist auch f\u00fcr viele Ameisenarten geeignet, insbesondere f\u00fcr Arten, die in Sand und (totem) Holz nisten. Es kann anstelle von Sand\/Lehm-Mischungen oder Korknesteins\u00e4tzen verwendet werden. Der Vorteil dieses Nestes ist, dass die Befeuchtung der Platte durch eine deutlich sichtbare Verf\u00e4rbung leichter zu kontrollieren ist und die F\u00e4rbung der Platte einen super Kontrast zu den meist dunkleren Ameisenarten bietet. Au\u00dferdem k\u00f6nnen die Innenscheiben der Ameisenfarm nicht mit Substrat verschmutzt werden, wie es z.B. bei Sand-Lehm-Gemischen der Fall ist, was eine perfekte Sicht auf das Nest erm\u00f6glicht. Unser Nistmaterial hat auch eine viel festere Struktur, so dass die von den Ameisen gegrabenen G\u00e4nge und Kammern nicht einst\u00fcrzen.<\/p>\n<p><strong>Beschreibung des Popcorn-Nests:<\/strong> Dieses Popcornnest mit vorgefertigten G\u00e4ngen und Kammern eignet sich hervorragend als Kornspeicher, zum Beispiel f\u00fcr Messor-Ameisen, aber auch f\u00fcr andere k\u00f6rnersammelnde Ameisenarten. Es hat ein Loch f\u00fcr den Zugang zum Nest. Das Popcornnest nimmt Feuchtigkeit auf und kann sich dadurch ausdehnen, daher sollte es immer trocken gehalten werden. Messor barbarus nimmt unser ANTCUBE Popcornnest sehr gut als Kornspeicher an. Mit der Zeit beginnen die Ameisen, das Popcornnest zu vergr\u00f6\u00dfern und sich durch das Nistmaterial zu fressen. Es riecht nach karamellisiertem Honig und ist daher sehr attraktiv.<\/p>\n<p>Das Popcornnest sollte nur f\u00fcr Ameisenarten verwendet werden, die sehr wenig bis gar keine Feuchtigkeit im Nestbereich ben\u00f6tigen.<\/p>\n<p><strong>Das ist wichtig:<\/strong> Bitte befeuchten Sie das W\u00fcstensubstrat vor der Verwendung, damit sich die Mischung verbinden und einen festen Halt im Ameisenbau entwickeln kann. Au\u00dferdem kann ein trockenes und staubiges Substrat dazu f\u00fchren, dass die Atemwege der Ameisen blockiert werden und die Tiere im schlimmsten Fall ersticken.<\/p>\n<p><strong>Empfehlung:<\/strong> Wir empfehlen eine Substratschicht von 2 mm H\u00f6he, damit sich die Tiere nicht in die Arena eingraben k\u00f6nnen und stattdessen die Farm f\u00fcr diesen Zweck nutzen. Wir empfehlen auch, dass das Nistmaterial in der Farm (Sand\/Lehm, Digfix usw.) an einer Stelle leicht eingestochen wird, um den Tieren das Graben zu erleichtern.<\/p>\n<p><strong>Hinweise zur Produktion<\/strong><br \/>\nDas Glas ist nach DIN 1249 mit einer Toleranz von +\/;- 1mm geschliffen. F\u00fcr extrem kleine Ameisenarten ist ein zus\u00e4tzlicher Ameisenfluchtschutz unerl\u00e4sslich.<\/p>\n<p><strong>Anmerkungen zum Bauernhof<\/strong><br \/>\nBeim Anbringen oder Entfernen von Schl\u00e4uchen ist Folgendes zu beachten:<br \/>\nL\u00e4sst sich der Schlauch nur sehr schwer auf den Anschlussstutzen aufstecken, sollte der Stutzen leicht mit einem Tropfen unseres Ausbruchsicherungs\u00f6ls oder -pulvers eingerieben werden. Der Schlauch sollte dann mit drehenden oder schraubenden Bewegungen auf den Stutzen geschoben werden, ohne den Stutzen durch Auf- und Abw\u00e4rtsbewegungen zu belasten. Das Gleiche gilt f\u00fcr das Abziehen der Schl\u00e4uche von der Hofanschlussmuffe. Bitte nicht einfach abziehen!<\/p>\n<p><strong>Anmerkung zu Terra nidum:<\/strong> Die nat\u00fcrliche Farbe kann zwischen beige\/sandfarben und hellbraun variieren. Die Farbe hat keinen Einfluss auf die Qualit\u00e4t.<br \/>\nProduktionsbedingt k\u00f6nnen die Abmessungen um +\/- 1 mm abweichen.<\/p>\n<p><strong>Hinweis zu den blanchierten Grillen:<\/strong><br \/>\nUnsere blanchierten Grillen sind eine einfache M\u00f6glichkeit, Ihre Ameisen mit frisch konservierter Proteinnahrung zu versorgen, ohne lebende Insekten f\u00fcttern zu m\u00fcssen. Die enthaltenen Grillen (Acheta domesticus) wurden schonend blanchiert, um sicherzustellen, dass N\u00e4hrwerte, Geschmack und Aroma erhalten bleiben. Au\u00dferdem wird der Chitinpanzer der Insekten auf diese Weise aufgeweicht, so dass er leichter verdaut werden kann. Die Bindungen der kollagenen Proteine werden aufgebrochen, so dass die Ameisen sie besser verwerten k\u00f6nnen. Acheta domesticus in Dosen hat den gleichen N\u00e4hrwert wie lebende Grillen, ist aber leichter zu verdauen.<\/p>\n<p>Die blanchierten Grillen eignen sich nicht f\u00fcr die Jagd auf Ameisenarten, die lebende Nahrung ben\u00f6tigen (z. B. Ponerinen), wie Harpegnathos oder Odontomachus<\/p>\n<p><strong>Weitere Vorteile:<\/strong><br \/>\nGarantiert milbenfrei<br \/>\nKann portioniert werden<br \/>\nSterilisiert und vakuumiert<br \/>\nOhne Zusatzstoffe<br \/>\nGrillen aus nachhaltiger, rein biologischer Zucht, gef\u00fcttert mit Bioabf\u00e4llen<\/p>\n<p><strong>Bitte beachten:<\/strong><br \/>\nNach dem \u00d6ffnen etwa vier Tage im K\u00fchlschrank aufbewahren. L\u00e4nger haltbar, wenn eingefroren.<\/p>\n<\/div>","protected":false},"excerpt":{"rendered":"<p>Paketangebot mit einer Messor arenarius Ameisenkolonie (K\u00f6nigin + 5-10 Arbeiterinnen + Brut), einem Starterset f\u00fcr Ernteameisen L Popcorn mit 3x Formicarium-Pads und einer Dose unserer speziellen blanchierten Grillen (feuchtes Protein). Nur solange der Vorrat reicht. Alles, was Sie f\u00fcr die erfolgreiche Haltung von Messor arenarius ben\u00f6tigen Dieses Paket enth\u00e4lt alles, was Sie ben\u00f6tigen, um","protected":false},"featured_media":10873,"comment_status":"open","ping_status":"closed","template":"","meta":{"_acf_changed":false,"content-type":"","_monsterinsights_skip_tracking":false,"_monsterinsights_sitenote_active":false,"_monsterinsights_sitenote_note":"","_monsterinsights_sitenote_category":0},"product_brand":[],"product_cat":[355,344,353,73],"product_tag":[],"class_list":{"0":"post-5935","1":"product","2":"type-product","3":"status-publish","4":"has-post-thumbnail","6":"product_cat-bundle-offers","7":"product_cat-popcorn","8":"product_cat-starter-sets-for-harvester-ants","9":"product_cat-starter-sets","11":"first","12":"outofstock","13":"taxable","14":"shipping-taxable","15":"purchasable","16":"product-type-simple"},"acf":[],"aioseo_notices":[],"jetpack_sharing_enabled":true,"_links":{"self":[{"href":"https:\/\/antcube.shop\/de\/wp-json\/wp\/v2\/product\/5935","targetHints":{"allow":["GET"]}}],"collection":[{"href":"https:\/\/antcube.shop\/de\/wp-json\/wp\/v2\/product"}],"about":[{"href":"https:\/\/antcube.shop\/de\/wp-json\/wp\/v2\/types\/product"}],"replies":[{"embeddable":true,"href":"https:\/\/antcube.shop\/de\/wp-json\/wp\/v2\/comments?post=5935"}],"wp:featuredmedia":[{"embeddable":true,"href":"https:\/\/antcube.shop\/de\/wp-json\/wp\/v2\/media\/10873"}],"wp:attachment":[{"href":"https:\/\/antcube.shop\/de\/wp-json\/wp\/v2\/media?parent=5935"}],"wp:term":[{"taxonomy":"product_brand","embeddable":true,"href":"https:\/\/antcube.shop\/de\/wp-json\/wp\/v2\/product_brand?post=5935"},{"taxonomy":"product_cat","embeddable":true,"href":"https:\/\/antcube.shop\/de\/wp-json\/wp\/v2\/product_cat?post=5935"},{"taxonomy":"product_tag","embeddable":true,"href":"https:\/\/antcube.shop\/de\/wp-json\/wp\/v2\/product_tag?post=5935"}],"curies":[{"name":"wp","href":"https:\/\/api.w.org\/{rel}","templated":true}]}}