{"id":5934,"date":"2023-06-24T12:30:09","date_gmt":"2023-06-24T10:30:09","guid":{"rendered":"https:\/\/antcube.shop\/product\/antcube-terra-nidum-20x20-l-beige\/"},"modified":"2026-04-04T16:23:10","modified_gmt":"2026-04-04T14:23:10","slug":"antcube-terra-nidum-20x20-l-beige","status":"publish","type":"product","link":"https:\/\/antcube.shop\/de\/produkt\/antcube-terra-nidum-20x20-l-beige\/","title":{"rendered":"ANTCUBE - Digfix Terra nidum 20\u00d720 - L - beige"},"content":{"rendered":"<p><strong>Abmessungen:<\/strong> 183x160x20 mm<\/p>\n<p><strong>Material:<\/strong> gr\u00e4bbares Material auf Harzbasis.<\/p>\n<p><strong>Beschreibung:<\/strong> Die Terra nidum (lat. Erdnest) Platte aus grabbarem Material ist die perfekte Erg\u00e4nzung zu unseren ANTCUBE Ameisenfarmen. Sie kann sowohl trocken als auch nass verwendet werden. Sie ist auch f\u00fcr viele Ameisenarten geeignet, insbesondere f\u00fcr solche, die in Sand und in (totem) Holz nisten. Es kann anstelle von Sand-Lehm-Mischungen oder den Nesteins\u00e4tzen aus Kork verwendet werden. Der Vorteil dieses Nestes ist, dass die Benetzung der Platte durch eine gut sichtbare Verf\u00e4rbung leichter zu kontrollieren ist und die Farbe der Platte einen gro\u00dfen Kontrast zu den meist dunkler gef\u00e4rbten Ameisenarten bietet. Au\u00dferdem k\u00f6nnen die Innenscheiben der Ameisenfarm nicht mit Substrat verschmutzt werden, wie es z.B. bei Sand-Lehm-Gemischen der Fall ist, was eine perfekte Sicht auf das Nest erm\u00f6glicht. Unser Nestmaterial hat auch eine viel festere Struktur, so dass die von den Ameisen gegrabenen G\u00e4nge und Kammern nicht zusammenbrechen.<\/p>\n<p><strong>Anmerkung:<\/strong> Der nat\u00fcrliche Farbton kann zwischen beige\/sand und hellbraun variieren. Der Farbton hat keinen Einfluss auf die Qualit\u00e4t.<br \/>\nFertigungsbedingt k\u00f6nnen die Abmessungen um +\/- 1mm variieren.<\/p>","protected":false},"excerpt":{"rendered":"<p>Gr\u00f6\u00dfe: <strong>L<\/strong><\/p>","protected":false},"featured_media":5928,"comment_status":"open","ping_status":"closed","template":"","meta":{"_acf_changed":false,"content-type":"","_monsterinsights_skip_tracking":false,"_monsterinsights_sitenote_active":false,"_monsterinsights_sitenote_note":"","_monsterinsights_sitenote_category":0},"product_brand":[],"product_cat":[257,87,88],"product_tag":[],"class_list":{"0":"post-5934","1":"product","2":"type-product","3":"status-publish","4":"has-post-thumbnail","6":"product_cat-new-innovatve-products","7":"product_cat-nest-insets","8":"product_cat-digfix","10":"first","11":"instock","12":"taxable","13":"shipping-taxable","14":"purchasable","15":"product-type-simple"},"acf":[],"aioseo_notices":[],"jetpack_sharing_enabled":true,"_links":{"self":[{"href":"https:\/\/antcube.shop\/de\/wp-json\/wp\/v2\/product\/5934","targetHints":{"allow":["GET"]}}],"collection":[{"href":"https:\/\/antcube.shop\/de\/wp-json\/wp\/v2\/product"}],"about":[{"href":"https:\/\/antcube.shop\/de\/wp-json\/wp\/v2\/types\/product"}],"replies":[{"embeddable":true,"href":"https:\/\/antcube.shop\/de\/wp-json\/wp\/v2\/comments?post=5934"}],"wp:featuredmedia":[{"embeddable":true,"href":"https:\/\/antcube.shop\/de\/wp-json\/wp\/v2\/media\/5928"}],"wp:attachment":[{"href":"https:\/\/antcube.shop\/de\/wp-json\/wp\/v2\/media?parent=5934"}],"wp:term":[{"taxonomy":"product_brand","embeddable":true,"href":"https:\/\/antcube.shop\/de\/wp-json\/wp\/v2\/product_brand?post=5934"},{"taxonomy":"product_cat","embeddable":true,"href":"https:\/\/antcube.shop\/de\/wp-json\/wp\/v2\/product_cat?post=5934"},{"taxonomy":"product_tag","embeddable":true,"href":"https:\/\/antcube.shop\/de\/wp-json\/wp\/v2\/product_tag?post=5934"}],"curies":[{"name":"wp","href":"https:\/\/api.w.org\/{rel}","templated":true}]}}