{"id":5475,"date":"2023-02-10T13:18:16","date_gmt":"2023-02-10T12:18:16","guid":{"rendered":"https:\/\/antcube.shop\/produkt\/popcorn-nest-20x20-l\/"},"modified":"2026-03-09T17:50:04","modified_gmt":"2026-03-09T16:50:04","slug":"popcorn-nest-20x20-l","status":"publish","type":"product","link":"https:\/\/antcube.shop\/de\/produkt\/popcorn-nest-20x20-l\/","title":{"rendered":"Popcorn-Nest 20\u00d720 - L"},"content":{"rendered":"<p><strong>Abmessungen:<\/strong> 184 x 160 x 18 mm<\/p>\n<p><strong>Material:<\/strong> mit Saccharose und Eiwei\u00df gepresstes Popcorn<\/p>\n<p><strong>Passt nur<\/strong> in unseren Ameisenfarmen Gr\u00f6\u00dfe <strong>L<\/strong><\/p>\n<p><strong>Beschreibung:<\/strong> Dieses Popcornnest mit vorgefertigten G\u00e4ngen und Kammern eignet sich perfekt als Kornkammer f\u00fcr z. B. Messor-Ameisen, aber auch andere kornsammelnde Ameisenarten. Es hat ein Loch als Nestzugang. Das Popcornnest nimmt Feuchtigkeit auf und kann sich dadurch ausdehnen, so<strong> es sollte auf jeden Fall trocken gehalten werden<\/strong>. Messor barbarus akzeptiert unser ANTCUBE Popcorn Nest sehr gut als Kornkammer. Mit der Zeit werden die Ameisen beginnen, das Popcornnest zu erweitern und sich durch das Nistmaterial zu fressen.<\/p>\n<p>Das Popcorn-Nest sollte nur f\u00fcr Ameisenarten verwendet werden, die sehr wenig bis keine Feuchtigkeit im Nestbereich ben\u00f6tigen.<\/p>","protected":false},"excerpt":{"rendered":"<p>Abmessungen: 184 x 160 x 18 mm Material: Popcorn gepresst mit Saccharose und Eiwei\u00df Passt nur in unsere Ameisenfarmen Gr\u00f6\u00dfe L Beschreibung: Dieses Popcornnest mit vorgefertigten G\u00e4ngen und Kammern eignet sich hervorragend als Kornkammer f\u00fcr z.B. Messor-Ameisen, aber auch andere kornsammelnde Ameisenarten. Es hat ein Loch als Nest","protected":false},"featured_media":5459,"comment_status":"open","ping_status":"closed","template":"","meta":{"_acf_changed":false,"content-type":"","_monsterinsights_skip_tracking":false,"_monsterinsights_sitenote_active":false,"_monsterinsights_sitenote_note":"","_monsterinsights_sitenote_category":0},"product_brand":[],"product_cat":[257,344,87],"product_tag":[],"class_list":{"0":"post-5475","1":"product","2":"type-product","3":"status-publish","4":"has-post-thumbnail","6":"product_cat-new-innovatve-products","7":"product_cat-popcorn","8":"product_cat-nest-insets","10":"first","11":"instock","12":"taxable","13":"shipping-taxable","14":"purchasable","15":"product-type-simple"},"acf":[],"aioseo_notices":[],"jetpack_sharing_enabled":true,"_links":{"self":[{"href":"https:\/\/antcube.shop\/de\/wp-json\/wp\/v2\/product\/5475","targetHints":{"allow":["GET"]}}],"collection":[{"href":"https:\/\/antcube.shop\/de\/wp-json\/wp\/v2\/product"}],"about":[{"href":"https:\/\/antcube.shop\/de\/wp-json\/wp\/v2\/types\/product"}],"replies":[{"embeddable":true,"href":"https:\/\/antcube.shop\/de\/wp-json\/wp\/v2\/comments?post=5475"}],"wp:featuredmedia":[{"embeddable":true,"href":"https:\/\/antcube.shop\/de\/wp-json\/wp\/v2\/media\/5459"}],"wp:attachment":[{"href":"https:\/\/antcube.shop\/de\/wp-json\/wp\/v2\/media?parent=5475"}],"wp:term":[{"taxonomy":"product_brand","embeddable":true,"href":"https:\/\/antcube.shop\/de\/wp-json\/wp\/v2\/product_brand?post=5475"},{"taxonomy":"product_cat","embeddable":true,"href":"https:\/\/antcube.shop\/de\/wp-json\/wp\/v2\/product_cat?post=5475"},{"taxonomy":"product_tag","embeddable":true,"href":"https:\/\/antcube.shop\/de\/wp-json\/wp\/v2\/product_tag?post=5475"}],"curies":[{"name":"wp","href":"https:\/\/api.w.org\/{rel}","templated":true}]}}