{"id":5380,"date":"2023-02-01T17:57:19","date_gmt":"2023-02-01T16:57:19","guid":{"rendered":"https:\/\/antcube.shop\/produkt\/bundle-offer-lasius-niger\/"},"modified":"2026-04-12T12:02:06","modified_gmt":"2026-04-12T10:02:06","slug":"bundel-angebot-lasius-niger","status":"publish","type":"product","link":"https:\/\/antcube.shop\/de\/produkt\/bundel-angebot-lasius-niger\/","title":{"rendered":"B\u00fcndelangebot - Lasius niger"},"content":{"rendered":"<p><span data-text-color=\"secondary\"><strong>Paketangebot mit einem Lasius niger Ameisenvolk (K\u00f6nigin + 26-50 Arbeiterinnen + Brut), einem Starterset Combi M mit Ausbruchsschutzrahmen, Gittereinsatz 50mm, Formicariumboden - 20x20cm, klarer Tr\u00e4nke 20ml - Schwamm, einem Glas unserer speziellen ganzen blanchierten Grillen 10g (feuchtes Eiwei\u00df) und einem Honigtau-Mix Nachf\u00fcllpack 10ml.<\/strong><\/span><\/p>\n<p><span data-text-color=\"alert\"><strong>Nur solange der Vorrat reicht.<\/strong><\/span><\/p>\n<p><strong>Alles, was Sie f\u00fcr eine Lasius niger-Ameisenkolonie ben\u00f6tigen<\/strong><br \/>\nDieses Paket enth\u00e4lt alles, was Sie brauchen, um eine Lasius niger-Kolonie erfolgreich durch die ersten Monate zu bringen. Es ist flexibel erweiterbar und ausdr\u00fccklich f\u00fcr Anf\u00e4nger in der Ameisenhaltung geeignet.<\/p>\n<p>Ameisenart Lasius niger Lasius niger, auch bekannt als \"Schwarze Wegameise\", ist eine der beliebtesten Arten f\u00fcr Anf\u00e4nger in der Ameisenhaltung. Sie geh\u00f6rt zu den kleinen bis mittelgro\u00dfen Ameisen und ist sehr gen\u00fcgsam. Sie ist in ganz Europa verbreitet, kommt aber auch in Asien, Afrika und Nordamerika vor.<\/p>\n<p><strong>Futter f\u00fcr Lasius niger<\/strong><br \/>\nIn freier Wildbahn h\u00e4lt Lasius niger oft Blattl\u00e4use, um deren aus Pflanzensaft gewonnenen Honigtau zu sammeln. Auf diese Weise sch\u00fctzen sie diese und transportieren sie sogar zu jungen Trieben.<br \/>\nIm Formicarium k\u00f6nnen Sie einfach ein paar befallene Zweige (z. B. Rosen, Holunder, Johannisbeeren) in eine Vase stellen und die Tiere beim Melken beobachten. Im Formicarium gibt man am besten Honigl\u00f6sung und Eiwei\u00dffutter (entweder lebende kleine Insekten oder getrocknetes Eiwei\u00dffutter).<\/p>\n<p><strong>\u00dcberwinterung bei Lasius niger<\/strong><br \/>\nLasius niger \u00fcberwintert zwischen etwa Ende Oktober und Ende M\u00e4rz bei 5-8 Grad. Im Formicarium kann man einfach das gesamte Formicarium in einen k\u00fchlen Raum stellen oder (wenn das Formicarium einen herausnehmbaren Nesteinsatz hat) den Nesteinsatz z.B. in den K\u00fchlschrank stellen. Allerdings sollte darauf geachtet werden, dass die Ameisen nicht Temperaturen unter 0 Grad ausgesetzt werden, da sie im Formicarium nie so gut vor K\u00e4lte gesch\u00fctzt sind wie in der freien Natur. Es gibt auch Berichte von Haltern, die Lasius niger ohne Winterschlaf halten. Dies kann jedoch zu einer verk\u00fcrzten Lebensdauer der Kolonie f\u00fchren oder die Entwicklung der Brut verlangsamen. W\u00e4hrend des Winterschlafs m\u00fcssen die Tiere nicht oder nur sehr wenig gef\u00fcttert werden, wenn es n\u00f6tig ist. Sie sollten jedoch regelm\u00e4\u00dfig die Luftfeuchtigkeit kontrollieren und auf Schimmel achten!<\/p>\n<p><strong>Inhalt:<\/strong><\/p>\n<p>1x Lasius niger (K\u00f6nigin + 26-50 Arbeiterinnen + Brut)<br \/>\n1x Grillenmarmelade 25g<br \/>\n1x Honeydew honey 10ml refill pack<\/p>\n<p>1x ANTCUBE - Arena 20x20x20 - Kombi M<br \/>\n1x Ameisenarena-Abdeckung 20\u00d720<br \/>\n4x Befestigungspunkt f\u00fcr Arenadeckel<br \/>\n1x Ameisenarena-Rahmen 20\u00d720<br \/>\n1x pad for formicariums &#8211; 20x20cm<\/p>\n<p>2x grid insert &#8211; 50mm<br \/>\n2x grid insert &#8211; 27mm<br \/>\n1x ANTCUBE - Digfix Platte 20\u00d720 - M<br \/>\n1x soil &#8211; Sand-loam red &#8211; 200g<\/p>\n<p>1x Foil thermometer display<br \/>\n1x drinking clear 5ml &#8211; sponge<br \/>\n1x Tr\u00e4nketrog 2ml - 360 Grad<br \/>\n1x Feeding dish white rectangle &#8211; 3 compartments<br \/>\n1x Handlupe - 2x - 30mm<br \/>\n1x Transparent plastic tweezers<br \/>\n1x Pinzette Federstahl - breit - weich<br \/>\n1x Kunststoffpipette 3ml<br \/>\n1x Ameisenflucht-Schutz\u00f6l 10ml<br \/>\n1x Foam wiper 150x18x2.5mm<\/p>\n<p><strong>Beschreibung:<\/strong><br \/>\nDieses Starter Set - Combi ist f\u00fcr die meisten Ameisenarten geeignet, die im Boden nisten.<br \/>\nDas Set ist sehr kompakt und das enthaltene Zubeh\u00f6r wurde auf das Wesentliche reduziert.<br \/>\nEs handelt sich also um ein preiswertes Set aus hochwertigen Materialien, das ideal f\u00fcr den Einstieg in die Ameisenhaltung ist.<br \/>\nDas mitgelieferte Substrat Sand-Lehm-Beige wird von den meisten erdnestgrabenden Ameisenarten gut angenommen.<\/p>\n<p>Es k\u00f6nnen aber auch andere Bodensubstrate oder Nesteins\u00e4tze in den Nestbereich der Arena gelegt werden.<br \/>\nWeiteres n\u00fctzliches Zubeh\u00f6r finden Sie unter den Vorschl\u00e4gen (siehe unten).<\/p>\n<p><strong>Empfehlung:<\/strong> Wir empfehlen eine Substratschicht von 2 mm H\u00f6he, damit sich die Tiere nicht in die Arena eingraben k\u00f6nnen und stattdessen die Farm f\u00fcr diesen Zweck nutzen. Wir empfehlen auch, dass das Nistmaterial in der Farm (Sand\/Lehm, Digfix usw.) an einer Stelle leicht eingestochen wird, um den Tieren das Graben zu erleichtern.<\/p>\n<p><strong>Das ist wichtig:<\/strong> Bitte befeuchten Sie das W\u00fcstensubstrat vor der Verwendung, damit sich die Mischung verbinden und einen festen Halt im Ameisenbau entwickeln kann. Au\u00dferdem kann ein trockenes und staubiges Substrat dazu f\u00fchren, dass die Atemwege der Ameisen blockiert werden und die Tiere im schlimmsten Fall ersticken.<\/p>\n<p><strong>Anmerkung:<\/strong><br \/>\nWenn Sie unsere Nesteins\u00e4tze verwenden, beachten Sie bitte, dass diese 8 mm schmaler sind, da sie urspr\u00fcnglich f\u00fcr unsere schmaleren Ameisenfarmen und Arena-Eins\u00e4tze konzipiert wurden! In diesem Fall m\u00fcsste der Zwischenraum mit F\u00fcllmaterial wie Gips oder Ton aufgef\u00fcllt werden.<\/p>\n<p><strong>Hinweise zur Produktion<\/strong><br \/>\nDas Glas ist nach DIN 1249 mit einer Toleranz von +\/;- 1mm geschliffen. F\u00fcr extrem kleine Ameisenarten ist ein zus\u00e4tzlicher Ameisenfluchtschutz unerl\u00e4sslich.<\/p>\n<p><strong>Anweisungen: <\/strong>(Version 2023, die aktualisierte Version f\u00fcr 2024 wird sp\u00e4testens am 04\/2024 verf\u00fcgbar sein)<strong><br \/>\n<\/strong><\/p>\n<p>- DE<a href=\"https:\/\/www.antstore.net\/shop\/images\/info\/de\/Gebrauchsanweisung%20Starter%20Set%20Combi.pdf\"> Gebrauchsanweisung Starter Set Combi<\/a> (PDF 7,98 MB)<\/p>\n<p>- DE<a href=\"https:\/\/www.antstore.net\/shop\/images\/info\/en\/Instructions%20for%20use%20-%20Starter%20Set%20Combi.pdf\"> Gebrauchsanweisung - Starter Set Combi<\/a> (PDF 7,94 MB)<\/p>\n<p>- ES<a href=\"https:\/\/www.antstore.net\/shop\/images\/info\/es\/Manual%20de%20instrucciones%20-%20Set%20de%20inicio%20Combi.pdf\"> Bedienungsanleitung - Einf\u00fchrungsset Combi<\/a> (PDF 7,94 MB)<\/p>\n<p>- FR<a href=\"https:\/\/www.antstore.net\/shop\/images\/info\/fr\/Manuel%20d'instruction%20-%20Kit%20de%20d%C3%A9marrage%20Combi.pdf\"> Gebrauchsanweisung - Kit de d\u00e9marrage Combi<\/a> (PDF 7,95 MB)<\/p>\n<p><strong>Anmerkungen zum Cricket Jam:<\/strong><br \/>\nUnsere blanchierten Grillen sind eine einfache M\u00f6glichkeit, Ihre Ameisen mit frisch konservierter Proteinnahrung zu versorgen, ohne lebende Insekten f\u00fcttern zu m\u00fcssen. Die enthaltenen Grillen (Acheta domesticus) wurden schonend blanchiert, um sicherzustellen, dass N\u00e4hrwerte, Geschmack und Aroma erhalten bleiben. Au\u00dferdem wird der Chitinpanzer der Insekten auf diese Weise aufgeweicht, so dass er leichter verdaut werden kann. Die Bindungen der kollagenen Proteine werden aufgebrochen, so dass die Ameisen sie besser verwerten k\u00f6nnen. Acheta domesticus in Dosen hat den gleichen N\u00e4hrwert wie lebende Grillen, ist aber leichter zu verdauen.<\/p>\n<p>Cricket Jam eignet sich nicht f\u00fcr die Jagd auf Ameisenarten, die Lebendfutter ben\u00f6tigen (z. B. Ponerinen (Gro\u00dfe Ameisen) wie Harpegnathos oder Odontomachus).<\/p>\n<p><strong>Weitere Vorteile:<\/strong><br \/>\nGarantiert milbenfrei<br \/>\nKann portioniert und mit Wasser verd\u00fcnnt werden<br \/>\nSterilisiert und vakuumverpackt<br \/>\nOhne Zusatzstoffe<br \/>\nGrillen aus nachhaltiger, rein biologischer Zucht, gef\u00fcttert mit Bioabf\u00e4llen<\/p>\n<p><strong>Anmerkung:<\/strong><br \/>\nNach dem \u00d6ffnen etwa vier Tage im K\u00fchlschrank aufbewahren. L\u00e4nger haltbar, wenn eingefroren.<br \/>\nAchtung! Erst portionieren, dann einfrieren.<\/p>\n<p><strong>Anmerkung zum Honigtau:<\/strong><br \/>\nInhalt: 10 ml<br \/>\nEs handelt sich um ein Naturprodukt, das wir nach ausgiebigen Tests in unserem Labor verfeinert und zu einem von den Ameisen sehr gut angenommenen Futter entwickelt haben. Der Grund daf\u00fcr ist, dass unverarbeiteter Honigtauhonig in seiner konzentrierten urspr\u00fcnglichen Form von Ameisen und deren Stoffwechsel nicht gut angenommen wird.<br \/>\nUnser Honigtau wurde in den unber\u00fchrten wilden Bergw\u00e4ldern Bulgariens gesammelt. Honigtau wird nur f\u00fcr eine sehr begrenzte Zeit produziert, etwa zwei Monate im Sommer. Er ist daher sehr selten. Aufgrund der besonderen Bodenbeschaffenheit der W\u00e4lder und des Klimas werden wichtige N\u00e4hrstoffe in den Bl\u00e4ttern der B\u00e4ume gespeichert, die von den Blattl\u00e4usen aufgenommen werden. Das macht diese Honigtau-Mischung f\u00fcr die Ameisen so begehrenswert.<\/p>\n<p><strong>Anwendung:<\/strong><br \/>\nDie Lebensmittelmenge sollte innerhalb von etwa 3 Tagen verbraucht werden.<\/p>\n<p><strong>Beschreibung:<\/strong><br \/>\nHonigtau wird im Gegensatz zu Bl\u00fctenhonig aus Sekreten von Insekten gewonnen, die an Pflanzen saugen, z. B. Blattl\u00e4usen. Honigtau ist eine beliebte Nahrungsquelle f\u00fcr viele Insekten wie Ameisen, Bienen und Hummeln. Bienen und Hummeln lecken ihn von den Bl\u00e4ttern oder Nadeln verschiedener B\u00e4ume ab. Ameisen wie Lasius niger halten die Blattl\u00e4use buchst\u00e4blich fest. Sie verteidigen sie sogar gegen Fressfeinde und tragen sie zu neuen Trieben.<\/p>\n<p>Honigtau ist bei Ameisen wegen seiner etwas anderen Bestandteile besonders beliebt. Die wichtigsten Zuckerarten im Honigtau sind Saccharose und Fruktose, aber auch kleinere Mengen an Maltose, Trehalose, Melezitose, Raffinose und anderen Oligosacchariden sind enthalten. Neben Zucker und Wasser enth\u00e4lt der Honigtau auch essenzielle Aminos\u00e4uren, Mineralstoffe, Spurenelemente, Adenosine, Phosphate und andere Inhaltsstoffe wie Vitamine.<\/p>\n<p><strong>Verwendung:<\/strong><br \/>\nF\u00fcr honigfressende Ameisenarten (Meliphagidae)<br \/>\nDies ist ein Erg\u00e4nzungsfuttermittel<br \/>\nEs kann den Tieren wie geliefert angeboten werden. Da die Zuckerkonzentration durch die Feuchtigkeit verringert wird und ein G\u00e4rungsprozess einsetzt, sollte das Futter alle 3 Tage ausgetauscht werden. Reinigen Sie den Futternapf\/die Tube vor der Wiederverwendung gr\u00fcndlich.<br \/>\nNach dem \u00d6ffnen sollte die Packung bis zum Ablauf des Verfallsdatums fest verschlossen aufbewahrt werden.<\/p>\n<p><strong>N\u00e4hrwertangaben pro 100 g:<\/strong><br \/>\nca. 2,7 % Fette<br \/>\ndavon ges\u00e4ttigt ca. 0,45 %<br \/>\nca. 95 % Kohlenhydrate<br \/>\ndavon Zucker ca. 71<br \/>\nca. 2,85% Protein<br \/>\nMineralstoffe (Kalium, Calcium, Kupfer, Eisen, Natrium, Magnesium, Phosphor, Zink und andere Spurenelemente) Aminos\u00e4uren (Prolin, Leucin, Phenylalanin, Alanin, Histidin, Isoleucin, Glutamins\u00e4ure, Arginin, Asparagins\u00e4ure usw.) Organische S\u00e4uren Enzyme (Fermente)Aromastoffe Inhibine (antibakterielle Substanzen) Blumen Pollen<\/p>\n<p><strong>Lagerung:<\/strong><br \/>\nUm die Qualit\u00e4t des Futters zu gew\u00e4hrleisten, sollte es an einem dunklen und trockenen Ort gelagert werden.<\/p>\n<p><strong>Anmerkung:<\/strong><br \/>\nErg\u00e4nzungsfuttermittel f\u00fcr honigfressende Ameisen.<br \/>\nDie Zusammensetzung, die analytischen Bestandteile, das Mindesthaltbarkeitsdatum und die Chargennummer entnehmen Sie bitte der Packungsbeilage.<\/p>\n<p>Informations-Hotline +49 30 439703870<\/p>\n<p>Zust\u00e4ndiges Veterin\u00e4r- und Lebensmittelinspektorat:<br \/>\nVeterin\u00e4ramt Steglitz<br \/>\nK\u00f6nigin-Luise-Str. 92<br \/>\n14195 Berlin<\/p>","protected":false},"excerpt":{"rendered":"<p>Gr\u00f6\u00dfe: M<\/p>","protected":false},"featured_media":7115,"comment_status":"open","ping_status":"closed","template":"","meta":{"_acf_changed":false,"content-type":"","_monsterinsights_skip_tracking":false,"_monsterinsights_sitenote_active":false,"_monsterinsights_sitenote_note":"","_monsterinsights_sitenote_category":0},"product_brand":[],"product_cat":[355,73,78],"product_tag":[],"class_list":{"0":"post-5380","1":"product","2":"type-product","3":"status-publish","4":"has-post-thumbnail","6":"product_cat-bundle-offers","7":"product_cat-starter-sets","8":"product_cat-starter-sets-combi","10":"first","11":"instock","12":"taxable","13":"shipping-taxable","14":"purchasable","15":"product-type-simple"},"acf":[],"aioseo_notices":[],"jetpack_sharing_enabled":true,"_links":{"self":[{"href":"https:\/\/antcube.shop\/de\/wp-json\/wp\/v2\/product\/5380","targetHints":{"allow":["GET"]}}],"collection":[{"href":"https:\/\/antcube.shop\/de\/wp-json\/wp\/v2\/product"}],"about":[{"href":"https:\/\/antcube.shop\/de\/wp-json\/wp\/v2\/types\/product"}],"replies":[{"embeddable":true,"href":"https:\/\/antcube.shop\/de\/wp-json\/wp\/v2\/comments?post=5380"}],"wp:featuredmedia":[{"embeddable":true,"href":"https:\/\/antcube.shop\/de\/wp-json\/wp\/v2\/media\/7115"}],"wp:attachment":[{"href":"https:\/\/antcube.shop\/de\/wp-json\/wp\/v2\/media?parent=5380"}],"wp:term":[{"taxonomy":"product_brand","embeddable":true,"href":"https:\/\/antcube.shop\/de\/wp-json\/wp\/v2\/product_brand?post=5380"},{"taxonomy":"product_cat","embeddable":true,"href":"https:\/\/antcube.shop\/de\/wp-json\/wp\/v2\/product_cat?post=5380"},{"taxonomy":"product_tag","embeddable":true,"href":"https:\/\/antcube.shop\/de\/wp-json\/wp\/v2\/product_tag?post=5380"}],"curies":[{"name":"wp","href":"https:\/\/api.w.org\/{rel}","templated":true}]}}