{"id":5347,"date":"2023-01-17T17:36:25","date_gmt":"2023-01-17T16:36:25","guid":{"rendered":"https:\/\/antcube.shop\/produkt\/bundle-offer-messor-barbarus\/"},"modified":"2026-04-22T14:54:38","modified_gmt":"2026-04-22T12:54:38","slug":"bundel-angebot-messor-barbarus","status":"publish","type":"product","link":"https:\/\/antcube.shop\/de\/produkt\/bundel-angebot-messor-barbarus\/","title":{"rendered":"B\u00fcndelangebot - Messor barbarus"},"content":{"rendered":"<p><span data-text-color=\"secondary\"><strong>Paketangebot mit einer Messor barbarus Ameisenkolonie (K\u00f6nigin + 11-25 Arbeiterinnen + Brut), einem Starterset f\u00fcr Messor spec. mit 3x Formicariummatten und einem Glas unserer speziellen ganzen blanchierten Grillen 10g (feuchtes Protein).<\/strong><\/span><\/p>\n<p><span data-text-color=\"alert\"><strong>Nur solange der Vorrat reicht.<\/strong><\/span><\/p>\n<p><strong>Alles, was Sie f\u00fcr eine Messor barbarus-Ameisenkolonie ben\u00f6tigen<\/strong><br \/>\nDieses Paket enth\u00e4lt alles, was Sie brauchen, um eine Kolonie von Messor barbarus erfolgreich durch die ersten Monate zu bringen. Es ist flexibel erweiterbar und ausdr\u00fccklich f\u00fcr Anf\u00e4nger in der Ameisenhaltung geeignet.<\/p>\n<p><strong>Messor barbarus Ameisenarten:<\/strong><br \/>\nMessor barbarus ist eine ausgesprochene granivore (K\u00f6rner fressende) Ameisenart aus dem Mittelmeerraum. Sie geh\u00f6rt zu den sogenannten Ernteameisen und ist eine der Einstiegsarten f\u00fcr Ameisenhalter, da sie relativ einfache Anspr\u00fcche an Klima und Nahrung stellt. Aufgrund ihrer Farbe und der Bildung von Minor-, Media- und Major-Arbeiterinnen (kleinere und gr\u00f6\u00dfere) ist sie sehr spannend zu beobachten.<\/p>\n<p><strong>Futter f\u00fcr Messor barbarus<\/strong><br \/>\nIn freier Wildbahn frisst Messor barbarus haupts\u00e4chlich K\u00f6rner und stellt daraus \"Ameisenbrot\" her, aber auch s\u00fc\u00dfe Fr\u00fcchte und tote Insekten werden gerne angenommen. Messor barbarus deckt einen gro\u00dfen Teil seines Feuchtigkeitsbedarfs mit K\u00f6rnern und den Rest mit Insekten. Im Formicarium k\u00f6nnen K\u00f6rner und bei Bedarf auch Honig, Eiwei\u00dffutter, sehr kleine Insekten oder Gelee gegeben werden. Honigwasser wird nur akzeptiert, wenn es an Fl\u00fcssigkeit mangelt. Da Messor-Arten dazu neigen, in offene Wasserquellen zu tauchen, sollten diese immer mit Steinen oder saugf\u00e4higer Baumwolle abgedeckt werden.<\/p>\n<p>Messor barbarus h\u00e4lt seinen Winterschlaf von etwa Ende November bis Ende Februar. Anders als zum Beispiel bei Lasius niger ist die Aktivit\u00e4t in dieser Zeit jedoch stark reduziert. Die \u00dcberwinterungszeit sollte bei etwa 15 \u00b0C verbracht werden, da die Temperaturen in den Herkunftsgebieten von Messor barbarus auch im Winter nur selten niedriger sind. Sie k\u00f6nnen die Ameisen zu diesem Zweck einfach in einen ungeheizten Raum stellen. Es gibt auch Berichte von Haltern, die Messor barbarus ohne Winterschlaf halten. Dies kann jedoch zu einer verk\u00fcrzten Lebensdauer des Volkes f\u00fchren oder die Entwicklung der Brut verlangsamen. W\u00e4hrend des Winterschlafs m\u00fcssen die Tiere nur wenig gef\u00fcttert werden. Allerdings sollte man regelm\u00e4\u00dfig die Luftfeuchtigkeit kontrollieren und auf Schimmel achten!<\/p>\n<p><strong>Formicarium f\u00fcr Messor barbarus<\/strong><br \/>\nErnteameisen brauchen einen leicht feuchten Nestbereich f\u00fcr die Brut und einen trockenen Nestbereich, um ihre gesammelten K\u00f6rner zu lagern (trocken, um Schimmelbildung zu vermeiden). Dies funktioniert am besten mit zwei separaten Nestern, die in unserem Starterset enthalten sind. Dies reicht f\u00fcr mindestens 1-2 Jahre. Danach sollten sowohl das Nest als auch die Arena erweitert werden.<\/p>\n<p><strong>Die optimalen klimatischen Bedingungen f\u00fcr Messor barbarus sind wie folgt:<\/strong><br \/>\nLuftfeuchtigkeit:<br \/>\nArena: 30 - 50% Nestbereich: 50 - 70%<br \/>\nTemperatur:<br \/>\nArena: 25 - 30\u00b0C Nestbereich: 21 - 26\u00b0C<\/p>\n<p>Unser Digfix ist das am besten geeignete Nistmaterial. Es ist sehr feuchtigkeitsresistent und sorgt daf\u00fcr, dass die Sicht in das Nest und die darin befindlichen Kammern und G\u00e4nge nicht durch Substratreste wie bei Sand-Lehm-Mischungen gest\u00f6rt wird. Dank ihrer kr\u00e4ftigen Kiefer k\u00f6nnen sich die Major-Arbeiterinnen mit der Zeit auch problemlos durch Ytong fressen. Glasnester mit Digfix-Eins\u00e4tzen sind daher die beste und sicherste Art, Messor angularis zu halten.<\/p>\n<p><strong>Inhalt:<\/strong><\/p>\n<p>1x Messor barbarus (K\u00f6nigin + 11-25 Arbeiterinnen + Brut)<br \/>\n1x Grillenmarmelade 25g<br \/>\n1x K\u00f6rnerfutter moll 100g<br \/>\n1x pad for formicariums &#8211; 20x20cm<br \/>\n2x pad for formicariums &#8211; 20x6cm<\/p>\n<p>1x ANTCUBE - arena 20x20x10 - flach<br \/>\n1x Ameisenarena-Rahmen 20\u00d720<br \/>\n1x Ameisenarena-Abdeckung 20\u00d720<br \/>\n4x Befestigungspunkt f\u00fcr Arenadeckel<br \/>\n2x ANTCUBE - Ameisenfarm - M - 20\u00d720 - stehend<\/p>\n<p>2x ANTCUBE - Digfix Platte 20\u00d720 - M<br \/>\n1x 1m Schlauch transparent 14\/10 mm<br \/>\n2x ANTCUBE - Rote Folie 20\u00d720 - Filter<br \/>\n2x Klebeklammern - transparent 2 Stk.<br \/>\n1x Substrat - W\u00fcste - 1 kg<\/p>\n<p>2x grid insert &#8211; 50mm<br \/>\n1x grid insert &#8211; 27mm<br \/>\n1x Gitterkappe - 10mm - Edelstahl<\/p>\n<p>1x Tankschlauchanschluss 27-14,16,20 mm - transparent<br \/>\n1x drinking clear 5ml &#8211; sponge<br \/>\n1x Feeding dish white rectangle &#8211; 3 compartments<br \/>\n1x Foil thermometer display<br \/>\n2x Foil thermometer farm<br \/>\n1x Ameisenausbruch-Schutz\u00f6l 10ml<br \/>\n1x Pinzette Federstahl - breit - weich<br \/>\n1x Pinzette Kunststoff transparent<br \/>\n1x Kunststoffpipette 3ml<br \/>\n1x Handlupe - 2x - 30mm<br \/>\n1x Schaumstoffwischer 150x18x2,5mm<br \/>\n1x Fotor\u00fcckseite - W\u00fcste - 20\u00d710<\/p>\n<p><strong>Beschreibung Starter Set:<\/strong><br \/>\nDieses Starterset ist besonders f\u00fcr verschiedene Arten der Gattung Messor geeignet. Eine der beiden Farmen ist f\u00fcr die Aufbewahrung der Samen und des Ameisenbrotes vorgesehen und sollte daher v\u00f6llig trocken gehalten werden, um zu verhindern, dass die von den Ameisen dort gelagerten Samen\/K\u00f6rner keimen oder schimmeln.<br \/>\nDie \"Digfix-Platten\" k\u00f6nnen in die volltransparenten Farmen eingesetzt werden. Alternativ k\u00f6nnen Sie aber auch die \"Soil - Desert\" zum Bef\u00fcllen der Farmen verwenden. \u00dcber die 50-mm-L\u00f6cher im Deckel k\u00f6nnen bei Bedarf weitere Module angeschlossen werden, z. B. die separat erh\u00e4ltlichen Nebler, L\u00fcfter oder Leuchten. Alternativ sind passende Gittereins\u00e4tze zum Verschlie\u00dfen der \u00d6ffnungen im Lieferumfang enthalten. Auf Wunsch kann das Formicarium auch offen betrieben werden, indem einfach der abnehmbare Rahmen aufgesteckt und der Rand mit Ameisenschutz\u00f6l versehen wird.<\/p>\n<p><strong>Das ist wichtig:<\/strong> Bitte befeuchten Sie das Substrat vor der Verwendung, damit sich die Mischung verbinden und einen festen Halt im Ameisenbau entwickeln kann. Ist das Substrat au\u00dferdem zu trocken und staubig, k\u00f6nnen die Atemwege der Ameisen verstopft werden und im schlimmsten Fall k\u00f6nnen die Tiere ersticken.<\/p>\n<p><strong>Empfehlung:<\/strong> Wir empfehlen eine Substratschicht von 2 mm H\u00f6he, damit sich die Tiere nicht in die Arena eingraben k\u00f6nnen und stattdessen die Farm f\u00fcr diesen Zweck nutzen. Wir empfehlen auch, dass das Nistmaterial in der Farm (Sand\/Lehm, Digfix usw.) an einer Stelle leicht eingestochen wird, um den Tieren das Graben zu erleichtern.<\/p>\n<p><strong>Hinweise zur Produktion<\/strong><br \/>\nDas Glas ist nach DIN 1249 mit einer Toleranz von +\/;- 1mm geschliffen. F\u00fcr extrem kleine Ameisenarten ist ein zus\u00e4tzlicher Ameisenfluchtschutz unerl\u00e4sslich.<\/p>\n<p><strong>Anmerkungen zum Bauernhof<\/strong><br \/>\nBeim Anbringen oder Entfernen von Schl\u00e4uchen ist Folgendes zu beachten:<br \/>\nL\u00e4sst sich der Schlauch nur sehr schwer auf den Anschlussstutzen aufstecken, sollte der Stutzen leicht mit einem Tropfen unseres Ausbruchsicherungs\u00f6ls oder -pulvers eingerieben werden. Der Schlauch sollte dann mit drehenden oder schraubenden Bewegungen auf den Stutzen geschoben werden, ohne den Stutzen durch Auf- und Abw\u00e4rtsbewegungen zu belasten. Das Gleiche gilt f\u00fcr das Abziehen der Schl\u00e4uche von der Hofanschlussmuffe. Bitte nicht einfach abziehen!<\/p>\n<p><strong>Anmerkung zu Digfix:<\/strong> Die nat\u00fcrliche Farbe kann zwischen gr\u00fcn\/grau-braun und erd-braun variieren. Der Farbton hat keinen Einfluss auf die Qualit\u00e4t.<\/p>\n<p><strong>Anweisungen: <\/strong>(Version 2023, die aktualisierte Version f\u00fcr 2024 wird sp\u00e4testens am 04\/2024 verf\u00fcgbar sein)<br \/>\n<span data-sheets-root=\"1\" data-sheets-value=\"{&quot;1&quot;:2,&quot;2&quot;:&quot;DE Gebrauchsanweisung Starter Set Ernteameisen (PDF 2,50 MB)&quot;}\" data-sheets-userformat=\"{&quot;2&quot;:513,&quot;3&quot;:{&quot;1&quot;:0},&quot;12&quot;:0}\" data-sheets-hyperlink=\"https:\/\/www.antstore.net\/shop\/images\/info\/de\/Gebrauchsanweisung Starter Set Ernteameisen.pdf\" data-sheets-hyperlinkruns=\"{&quot;1&quot;:3,&quot;2&quot;:&quot;https:\/\/www.antstore.net\/shop\/images\/info\/de\/Gebrauchsanweisung Starter Set Ernteameisen.pdf&quot;}\uee10{&quot;1&quot;:46}\"><a class=\"in-cell-link\" href=\"https:\/\/www.antstore.net\/shop\/images\/info\/de\/Gebrauchsanweisung Starter Set Ernteameisen.pdf\" target=\"_blank\" rel=\"noopener\">- DE <\/a><a class=\"in-cell-link\" href=\"https:\/\/www.antstore.net\/shop\/images\/info\/de\/Gebrauchsanweisung Starter Set Ernteameisen.pdf\" target=\"_blank\" rel=\"noopener\">Gebrauchsanweisung Starter Set Ernteameisen<\/a><a class=\"in-cell-link\" href=\"https:\/\/www.antstore.net\/shop\/images\/info\/de\/Gebrauchsanweisung Starter Set Ernteameisen.pdf\" target=\"_blank\" rel=\"noopener\"> (PDF 2,50 MB)<\/a><\/span><br \/>\n<a href=\"https:\/\/www.antstore.net\/shop\/images\/info\/en\/Instructions%20for%20use%20-%20Starter%20Set%20for%20Harvester%20Ants.pdf\">- DE Gebrauchsanweisung - Starter Set f\u00fcr Harvesterameisen (PDF 2,50 MB)<\/a><br \/>\n<a href=\"https:\/\/www.antstore.net\/shop\/images\/info\/es\/Manual%20de%20instrucciones%20-%20Set%20de%20inicio%20para%20las%20hormigas%20de%20la%20cosecha%20_%20messor.pdf\">- ES Gebrauchsanweisung - Einf\u00fchrungsset f\u00fcr Hormongaben _ messor (PDF 2,50 MB)<\/a><br \/>\n<a href=\"https:\/\/www.antstore.net\/shop\/images\/info\/fr\/Manuel%20d'instruction%20-%20Kit%20de%20d%C3%A9marrage%20pour%20les%20fourmis%20moissonneuses_%20Messor.pdf\">- FR Gebrauchsanweisung - Kit de d\u00e9marrage pour les fourmis moissonneuses_ Messor (PDF 2,50 MB)<\/a><\/p>\n<p><strong>Anmerkungen zum Cricket Jam:<\/strong><br \/>\nUnsere blanchierten Grillen sind eine einfache M\u00f6glichkeit, Ihre Ameisen mit frisch konservierter Proteinnahrung zu versorgen, ohne lebende Insekten f\u00fcttern zu m\u00fcssen. Die enthaltenen Grillen (Acheta domesticus) wurden schonend blanchiert, um sicherzustellen, dass N\u00e4hrwerte, Geschmack und Aroma erhalten bleiben. Au\u00dferdem wird der Chitinpanzer der Insekten auf diese Weise aufgeweicht, so dass er leichter verdaut werden kann. Die Bindungen der kollagenen Proteine werden aufgebrochen, so dass die Ameisen sie besser verwerten k\u00f6nnen. Acheta domesticus in Dosen hat den gleichen N\u00e4hrwert wie lebende Grillen, ist aber leichter zu verdauen.<\/p>\n<p>Cricket Jam eignet sich nicht f\u00fcr die Jagd auf Ameisenarten, die Lebendfutter ben\u00f6tigen (z. B. Ponerinen (Gro\u00dfe Ameisen) wie Harpegnathos oder Odontomachus).<\/p>\n<p><strong>Weitere Vorteile:<\/strong><br \/>\nGarantiert milbenfrei<br \/>\nKann portioniert und mit Wasser verd\u00fcnnt werden<br \/>\nSterilisiert und vakuumverpackt<br \/>\nOhne Zusatzstoffe<br \/>\nGrillen aus nachhaltiger, rein biologischer Zucht, gef\u00fcttert mit Bioabf\u00e4llen<\/p>\n<p><strong>Anmerkung:<\/strong><br \/>\nNach dem \u00d6ffnen etwa vier Tage im K\u00fchlschrank aufbewahren. L\u00e4nger haltbar, wenn eingefroren.<br \/>\n<strong>Achtung!<\/strong> Erst portionieren, dann einfrieren.<\/p>","protected":false},"excerpt":{"rendered":"<p>Das Set besteht aus 39 Teilen<br \/>\nGr\u00f6\u00dfe: M<\/p>","protected":false},"featured_media":7113,"comment_status":"open","ping_status":"closed","template":"","meta":{"_acf_changed":false,"content-type":"","_monsterinsights_skip_tracking":false,"_monsterinsights_sitenote_active":false,"_monsterinsights_sitenote_note":"","_monsterinsights_sitenote_category":0},"product_brand":[],"product_cat":[355,353,73],"product_tag":[],"class_list":{"0":"post-5347","1":"product","2":"type-product","3":"status-publish","4":"has-post-thumbnail","6":"product_cat-bundle-offers","7":"product_cat-starter-sets-for-harvester-ants","8":"product_cat-starter-sets","10":"first","11":"instock","12":"taxable","13":"shipping-taxable","14":"purchasable","15":"product-type-simple"},"acf":[],"aioseo_notices":[],"jetpack_sharing_enabled":true,"_links":{"self":[{"href":"https:\/\/antcube.shop\/de\/wp-json\/wp\/v2\/product\/5347","targetHints":{"allow":["GET"]}}],"collection":[{"href":"https:\/\/antcube.shop\/de\/wp-json\/wp\/v2\/product"}],"about":[{"href":"https:\/\/antcube.shop\/de\/wp-json\/wp\/v2\/types\/product"}],"replies":[{"embeddable":true,"href":"https:\/\/antcube.shop\/de\/wp-json\/wp\/v2\/comments?post=5347"}],"wp:featuredmedia":[{"embeddable":true,"href":"https:\/\/antcube.shop\/de\/wp-json\/wp\/v2\/media\/7113"}],"wp:attachment":[{"href":"https:\/\/antcube.shop\/de\/wp-json\/wp\/v2\/media?parent=5347"}],"wp:term":[{"taxonomy":"product_brand","embeddable":true,"href":"https:\/\/antcube.shop\/de\/wp-json\/wp\/v2\/product_brand?post=5347"},{"taxonomy":"product_cat","embeddable":true,"href":"https:\/\/antcube.shop\/de\/wp-json\/wp\/v2\/product_cat?post=5347"},{"taxonomy":"product_tag","embeddable":true,"href":"https:\/\/antcube.shop\/de\/wp-json\/wp\/v2\/product_tag?post=5347"}],"curies":[{"name":"wp","href":"https:\/\/api.w.org\/{rel}","templated":true}]}}