{"id":4873,"date":"2022-12-07T14:03:10","date_gmt":"2022-12-07T13:03:10","guid":{"rendered":"https:\/\/antcube.shop\/produkt\/combi-balkon\/"},"modified":"2026-04-09T15:19:14","modified_gmt":"2026-04-09T13:19:14","slug":"kombi-balkon","status":"publish","type":"product","link":"https:\/\/antcube.shop\/de\/produkt\/kombi-balkon\/","title":{"rendered":"Kombi-Balkon"},"content":{"rendered":"<p style=\"margin-bottom: 0cm;\"><strong>Abmessungen:<\/strong> 19x6x8 cm<\/p>\n<p><strong>Material:<\/strong> PMMA<\/p>\n<p><strong>Farbe:<\/strong> kristallklar, transparent, durchscheinend<\/p>\n<p><strong>Inhalt:<\/strong><br \/>\n1x Grundplatte<br \/>\n2x Halterung<br \/>\n1x Rampe schmal (f\u00fcr kleine Ameisen)<br \/>\n1x Rampe breit (f\u00fcr gro\u00dfe Ameisen)<\/p>\n<p><strong>Anmerkung:<\/strong> Die Teile werden als Bausatz oder Stecksystem geliefert. Ein Verkleben ist nicht erforderlich.<\/p>\n<p><strong>Verbindung:<\/strong><br \/>\nKann in alle Combi Arenen 20x20x20 cm in S, M, L eingeh\u00e4ngt werden.<\/p>\n<p><strong>Beschreibung:<\/strong> Der Combi-Balkon wird einfach in die bestehende Arena Combi eingeh\u00e4ngt. Der Balkon dient als Erweiterung der Arena und erleichtert den Ameisen das Auf- und Absteigen aus dem oberen Nestbereich der Arena. Es gibt eine schmale Kletterhilfe f\u00fcr kleine Ameisenarten, wie Lasius niger, und eine breitere f\u00fcr Arten wie Camponotus. Die erh\u00f6hte Plattform kann als Futterplatz zum Aufstellen von Schalen oder Tr\u00e4nken genutzt werden. Sie vereinfacht die Pflege- und Wartungsarbeiten durch die N\u00e4he zur oberen \u00d6ffnung und h\u00e4lt das Bodensubstrat frei von Futterresten. Durch das transparente Material passt der Combi Balcony perfekt in die Combi Arena, ohne die Sicht auf den Nestbereich zu versperren, und ist zudem leicht zu reinigen.<\/p>\n<p style=\"margin-bottom: 0cm;\">","protected":false},"excerpt":{"rendered":"<p>Abmessungen: 19x6x8 cm Material: PMMA Farbe: glasklar, transparent, transluzent Inhalt: 1x Grundplatte 2x Halteb\u00fcgel 1x Rampe schmal (f\u00fcr kleine Ameisen) 1x Rampe breit (f\u00fcr gro\u00dfe Ameisen) Hinweis: Die Teile werden als Bausatz oder Stecksystem geliefert. Es ist kein Verkleben notwendig. Anschluss: Kann in alle Combi-Arenen 20x20x20 cm eingeh\u00e4ngt werden, in [...]","protected":false},"featured_media":4875,"comment_status":"open","ping_status":"closed","template":"","meta":{"_acf_changed":false,"content-type":"","_monsterinsights_skip_tracking":false,"_monsterinsights_sitenote_active":false,"_monsterinsights_sitenote_note":"","_monsterinsights_sitenote_category":0},"product_brand":[],"product_cat":[239],"product_tag":[],"class_list":{"0":"post-4873","1":"product","2":"type-product","3":"status-publish","4":"has-post-thumbnail","6":"product_cat-useful-additions","8":"first","9":"instock","10":"taxable","11":"shipping-taxable","12":"purchasable","13":"product-type-simple"},"acf":[],"aioseo_notices":[],"jetpack_sharing_enabled":true,"_links":{"self":[{"href":"https:\/\/antcube.shop\/de\/wp-json\/wp\/v2\/product\/4873","targetHints":{"allow":["GET"]}}],"collection":[{"href":"https:\/\/antcube.shop\/de\/wp-json\/wp\/v2\/product"}],"about":[{"href":"https:\/\/antcube.shop\/de\/wp-json\/wp\/v2\/types\/product"}],"replies":[{"embeddable":true,"href":"https:\/\/antcube.shop\/de\/wp-json\/wp\/v2\/comments?post=4873"}],"wp:featuredmedia":[{"embeddable":true,"href":"https:\/\/antcube.shop\/de\/wp-json\/wp\/v2\/media\/4875"}],"wp:attachment":[{"href":"https:\/\/antcube.shop\/de\/wp-json\/wp\/v2\/media?parent=4873"}],"wp:term":[{"taxonomy":"product_brand","embeddable":true,"href":"https:\/\/antcube.shop\/de\/wp-json\/wp\/v2\/product_brand?post=4873"},{"taxonomy":"product_cat","embeddable":true,"href":"https:\/\/antcube.shop\/de\/wp-json\/wp\/v2\/product_cat?post=4873"},{"taxonomy":"product_tag","embeddable":true,"href":"https:\/\/antcube.shop\/de\/wp-json\/wp\/v2\/product_tag?post=4873"}],"curies":[{"name":"wp","href":"https:\/\/api.w.org\/{rel}","templated":true}]}}