{"id":4747,"date":"2022-11-14T15:08:27","date_gmt":"2022-11-14T14:08:27","guid":{"rendered":"https:\/\/antcube.shop\/produkt\/beckenverbinder-3-4-beidseitig-fur-bohrung-27-mm\/"},"modified":"2026-03-31T12:29:29","modified_gmt":"2026-03-31T10:29:29","slug":"beckenverbinder-3-4-beidseitig-fur-bohrung-27-mm","status":"publish","type":"product","link":"https:\/\/antcube.shop\/de\/produkt\/beckenverbinder-3-4-beidseitig-fur-bohrung-27-mm\/","title":{"rendered":"Waschbeckenanschluss 3\/4\u2033 - beidseitig f\u00fcr Bohrung 27 mm"},"content":{"rendered":"<p><strong>Abmessungen:<\/strong> f\u00fcr Bohrung 27mm<\/p>\n<p><strong>Inhalt:<\/strong> 1x Schraubadapter (<strong>ACHTUNG<\/strong>: Gewindemuttern nicht im Lieferumfang enthalten, siehe unter \"Verwandte Produkte\").<\/p>\n<p><strong>Beschreibung:<\/strong> Mit diesem Beckenverbinder k\u00f6nnen zwei Becken oder auch zwei H\u00f6fe der Gr\u00f6\u00dfe XL miteinander verbunden werden. Die L\u00f6cher m\u00fcssen in den Becken, die Sie verbinden wollen, auf gleicher H\u00f6he sein. Der Verbinder wird durch jedes der L\u00f6cher gesteckt und mit einer separat erh\u00e4ltlichen Kontermutter verschraubt. Dadurch ist die Verbindung ausbruchsicher und h\u00e4lt auch beim Verschieben der Becken sicher.<\/p>\n<p>&nbsp;<\/p>","protected":false},"excerpt":{"rendered":"<p>Abmessungen: f\u00fcr Bohrung 27mm Inhalt: 1x Schraubadapter (ACHTUNG: Gewindemuttern nicht enthalten, siehe unter \"Verwandte Produkte\"). Beschreibung: Mit diesem Beckenverbinder k\u00f6nnen zwei Becken oder auch zwei H\u00f6fe der Gr\u00f6\u00dfe XL miteinander verbunden werden. Die L\u00f6cher m\u00fcssen sich in den zu verbindenden Becken auf gleicher H\u00f6he befinden. Die","protected":false},"featured_media":4755,"comment_status":"open","ping_status":"closed","template":"","meta":{"_acf_changed":false,"content-type":"","_monsterinsights_skip_tracking":false,"_monsterinsights_sitenote_active":false,"_monsterinsights_sitenote_note":"","_monsterinsights_sitenote_category":0},"product_brand":[],"product_cat":[121],"product_tag":[],"class_list":{"0":"post-4747","1":"product","2":"type-product","3":"status-publish","4":"has-post-thumbnail","6":"product_cat-connectors","8":"first","9":"instock","10":"taxable","11":"shipping-taxable","12":"purchasable","13":"product-type-simple"},"acf":[],"aioseo_notices":[],"jetpack_sharing_enabled":true,"_links":{"self":[{"href":"https:\/\/antcube.shop\/de\/wp-json\/wp\/v2\/product\/4747","targetHints":{"allow":["GET"]}}],"collection":[{"href":"https:\/\/antcube.shop\/de\/wp-json\/wp\/v2\/product"}],"about":[{"href":"https:\/\/antcube.shop\/de\/wp-json\/wp\/v2\/types\/product"}],"replies":[{"embeddable":true,"href":"https:\/\/antcube.shop\/de\/wp-json\/wp\/v2\/comments?post=4747"}],"wp:featuredmedia":[{"embeddable":true,"href":"https:\/\/antcube.shop\/de\/wp-json\/wp\/v2\/media\/4755"}],"wp:attachment":[{"href":"https:\/\/antcube.shop\/de\/wp-json\/wp\/v2\/media?parent=4747"}],"wp:term":[{"taxonomy":"product_brand","embeddable":true,"href":"https:\/\/antcube.shop\/de\/wp-json\/wp\/v2\/product_brand?post=4747"},{"taxonomy":"product_cat","embeddable":true,"href":"https:\/\/antcube.shop\/de\/wp-json\/wp\/v2\/product_cat?post=4747"},{"taxonomy":"product_tag","embeddable":true,"href":"https:\/\/antcube.shop\/de\/wp-json\/wp\/v2\/product_tag?post=4747"}],"curies":[{"name":"wp","href":"https:\/\/api.w.org\/{rel}","templated":true}]}}