{"id":4736,"date":"2022-11-14T15:05:15","date_gmt":"2022-11-14T14:05:15","guid":{"rendered":"https:\/\/antcube.shop\/produkt\/rohrverbindungsring-fur-32mm-rohr\/"},"modified":"2026-04-13T09:33:48","modified_gmt":"2026-04-13T07:33:48","slug":"rohrverbindungsring-fur-32mm-rohr","status":"publish","type":"product","link":"https:\/\/antcube.shop\/de\/produkt\/rohrverbindungsring-fur-32mm-rohr\/","title":{"rendered":"Rohranschlussring f\u00fcr 32mm Rohr"},"content":{"rendered":"<p><strong>Menge:<\/strong> 1 St\u00fcck<\/p>\n<p><strong>Abmessungen:<\/strong> 32mm (Innendurchmesser), 40x10mm (Au\u00dfenabmessungen)<\/p>\n<p><strong>Farbe:<\/strong> transparent<\/p>\n<p><strong>Material:<\/strong> Acryl<\/p>\n<p><strong>Beschreibung:<\/strong><br \/>\nRohrverbindungsring aus transparentem Acryl zum Verbinden von Acrylrohren.<\/p>\n<p><strong>Anwendung:<\/strong><br \/>\nF\u00fcr die Verbindung von Acrylrohren mit einem Durchmesser von 32 mm.<\/p>\n<p><strong>Hinweis:<\/strong><br \/>\nBei der Montage der Rohre ist Folgendes zu beachten:<br \/>\nL\u00e4sst sich das Rohr nur sehr schwer auf die Anschlussmuffe aufschieben, sollte der Dichtring leicht mit einem Tropfen unseres Ausbruchsicherungs\u00f6ls oder -pulvers eingerieben werden. Das Rohr sollte dann durch Dreh- oder Schraubbewegungen auf die Muffe geschoben werden, ohne die Muffe durch Auf- und Abbewegungen zu belasten. Aufgrund der Materialeigenschaften von Acryl sollten Druck und Hebelwirkung unbedingt vermieden werden.<\/p>\n<p>&nbsp;<\/p>","protected":false},"excerpt":{"rendered":"<p>Menge: 1 St\u00fcck Abmessungen: 32mm (Innendurchmesser), 40x10mm (Au\u00dfenma\u00dfe) Farbe: transparent Material: Acryl Beschreibung: Rohrverbindungsring aus transparentem Acryl zum Verbinden von Acrylrohren. Anwendung: Zum Verbinden von Acrylrohren mit einem Durchmesser von 32mm. Hinweise: Bitte beachten Sie bei der Montage der Rohre folgendes: Wenn das Rohr sehr schwer auf die Verbindungsmuffe passt,","protected":false},"featured_media":4890,"comment_status":"open","ping_status":"closed","template":"","meta":{"_acf_changed":false,"content-type":"","_monsterinsights_skip_tracking":false,"_monsterinsights_sitenote_active":false,"_monsterinsights_sitenote_note":"","_monsterinsights_sitenote_category":0},"product_brand":[],"product_cat":[345],"product_tag":[],"class_list":{"0":"post-4736","1":"product","2":"type-product","3":"status-publish","4":"has-post-thumbnail","6":"product_cat-pipe-connectors","8":"first","9":"instock","10":"taxable","11":"shipping-taxable","12":"purchasable","13":"product-type-simple"},"acf":[],"aioseo_notices":[],"jetpack_sharing_enabled":true,"_links":{"self":[{"href":"https:\/\/antcube.shop\/de\/wp-json\/wp\/v2\/product\/4736","targetHints":{"allow":["GET"]}}],"collection":[{"href":"https:\/\/antcube.shop\/de\/wp-json\/wp\/v2\/product"}],"about":[{"href":"https:\/\/antcube.shop\/de\/wp-json\/wp\/v2\/types\/product"}],"replies":[{"embeddable":true,"href":"https:\/\/antcube.shop\/de\/wp-json\/wp\/v2\/comments?post=4736"}],"wp:featuredmedia":[{"embeddable":true,"href":"https:\/\/antcube.shop\/de\/wp-json\/wp\/v2\/media\/4890"}],"wp:attachment":[{"href":"https:\/\/antcube.shop\/de\/wp-json\/wp\/v2\/media?parent=4736"}],"wp:term":[{"taxonomy":"product_brand","embeddable":true,"href":"https:\/\/antcube.shop\/de\/wp-json\/wp\/v2\/product_brand?post=4736"},{"taxonomy":"product_cat","embeddable":true,"href":"https:\/\/antcube.shop\/de\/wp-json\/wp\/v2\/product_cat?post=4736"},{"taxonomy":"product_tag","embeddable":true,"href":"https:\/\/antcube.shop\/de\/wp-json\/wp\/v2\/product_tag?post=4736"}],"curies":[{"name":"wp","href":"https:\/\/api.w.org\/{rel}","templated":true}]}}