{"id":4726,"date":"2022-11-14T15:02:37","date_gmt":"2022-11-14T14:02:37","guid":{"rendered":"https:\/\/antcube.shop\/produkt\/rohrverbindungsring-fur-50mm-rohr\/"},"modified":"2026-03-20T10:38:38","modified_gmt":"2026-03-20T09:38:38","slug":"rohrverbindungsring-fur-50mm-rohr","status":"publish","type":"product","link":"https:\/\/antcube.shop\/de\/produkt\/rohrverbindungsring-fur-50mm-rohr\/","title":{"rendered":"Rohranschlussring f\u00fcr 50mm Rohr"},"content":{"rendered":"<p><strong>Menge:<\/strong> 1 St\u00fcck<\/p>\n<p><strong>Abmessungen:<\/strong> 50mm (Innendurchmesser), 60x10mm (Au\u00dfenabmessungen)<\/p>\n<p><strong>Farbe:<\/strong> transparent<\/p>\n<p><strong>Material:<\/strong> Acryl<\/p>\n<p><strong>Beschreibung:<\/strong><br \/>\nRohrverbindungsring aus transparentem Acryl zum Verbinden von Acrylrohren.<\/p>\n<p><strong>Anwendung:<\/strong><br \/>\nF\u00fcr die Verbindung von Acrylrohren mit einem Durchmesser von 50 mm.<\/p>\n<p><strong>Hinweis:<\/strong><br \/>\nBei der Montage der Rohre ist Folgendes zu beachten:<br \/>\nL\u00e4sst sich das Rohr nur sehr schwer auf die Anschlussmuffe aufschieben, sollte der Dichtring leicht mit einem Tropfen unseres Ausbruchsicherungs\u00f6ls oder -pulvers eingerieben werden. Das Rohr sollte dann durch Dreh- oder Schraubbewegungen auf die Muffe geschoben werden, ohne die Muffe durch Auf- und Abbewegungen zu belasten. Aufgrund der Materialeigenschaften von Acryl sollten Druck und Hebelwirkung unbedingt vermieden werden.<\/p>\n<p>&nbsp;<\/p>","protected":false},"excerpt":{"rendered":"<p>Menge: 1 St\u00fcck Abmessungen: 50mm (Innendurchmesser), 60x10mm (Au\u00dfenma\u00dfe) Farbe: transparent Material: Acryl Beschreibung: Rohrverbindungsring aus transparentem Acryl zum Verbinden von Acrylrohren. Anwendung: Zum Verbinden von Acrylrohren mit einem Durchmesser von 50mm. Hinweise: Bitte beachten Sie bei der Montage der Rohre folgendes: Wenn das Rohr nur sehr schwer auf den Anschlussstutzen passt,","protected":false},"featured_media":4921,"comment_status":"open","ping_status":"closed","template":"","meta":{"_acf_changed":false,"content-type":"","_monsterinsights_skip_tracking":false,"_monsterinsights_sitenote_active":false,"_monsterinsights_sitenote_note":"","_monsterinsights_sitenote_category":0},"product_brand":[],"product_cat":[345],"product_tag":[],"class_list":{"0":"post-4726","1":"product","2":"type-product","3":"status-publish","4":"has-post-thumbnail","6":"product_cat-pipe-connectors","8":"first","9":"instock","10":"taxable","11":"shipping-taxable","12":"purchasable","13":"product-type-simple"},"acf":[],"aioseo_notices":[],"jetpack_sharing_enabled":true,"_links":{"self":[{"href":"https:\/\/antcube.shop\/de\/wp-json\/wp\/v2\/product\/4726","targetHints":{"allow":["GET"]}}],"collection":[{"href":"https:\/\/antcube.shop\/de\/wp-json\/wp\/v2\/product"}],"about":[{"href":"https:\/\/antcube.shop\/de\/wp-json\/wp\/v2\/types\/product"}],"replies":[{"embeddable":true,"href":"https:\/\/antcube.shop\/de\/wp-json\/wp\/v2\/comments?post=4726"}],"wp:featuredmedia":[{"embeddable":true,"href":"https:\/\/antcube.shop\/de\/wp-json\/wp\/v2\/media\/4921"}],"wp:attachment":[{"href":"https:\/\/antcube.shop\/de\/wp-json\/wp\/v2\/media?parent=4726"}],"wp:term":[{"taxonomy":"product_brand","embeddable":true,"href":"https:\/\/antcube.shop\/de\/wp-json\/wp\/v2\/product_brand?post=4726"},{"taxonomy":"product_cat","embeddable":true,"href":"https:\/\/antcube.shop\/de\/wp-json\/wp\/v2\/product_cat?post=4726"},{"taxonomy":"product_tag","embeddable":true,"href":"https:\/\/antcube.shop\/de\/wp-json\/wp\/v2\/product_tag?post=4726"}],"curies":[{"name":"wp","href":"https:\/\/api.w.org\/{rel}","templated":true}]}}