{"id":4720,"date":"2022-11-14T15:01:00","date_gmt":"2022-11-14T14:01:00","guid":{"rendered":"https:\/\/antcube.shop\/produkt\/formicarium-schraubbuchse-fur-50mm-bohrung-transparent\/"},"modified":"2025-10-19T12:40:25","modified_gmt":"2025-10-19T10:40:25","slug":"formicarium-schraubbuchse-fur-50mm-bohrung-transparent","status":"publish","type":"product","link":"https:\/\/antcube.shop\/de\/produkt\/formicarium-schraubbuchse-fur-50mm-bohrung-transparent\/","title":{"rendered":"Formicarium Schraubbuchse f\u00fcr 50mm Loch - transparent"},"content":{"rendered":"<p><strong>Inhalt:<\/strong> 1 Stk.<\/p>\n<p><strong>Abmessungen:<\/strong> 68 x 68 x 46 mm (49mm Fassung)<\/p>\n<p><strong>Material:<\/strong> Kunststoff<\/p>\n<p><strong>Farbe:<\/strong> Transparent<\/p>\n<p><strong>Beschreibung:<\/strong><br \/>\nBei diesem Artikel handelt es sich um einen Beckenschlauchanschluss.<br \/>\n\u00dcber passende Schlauchverbinder 50mm, k\u00f6nnen Sie mehr Schl\u00e4uche 50mm oder mehr Formicarien mit diesem Beckenschlauchverbinder verbinden.<br \/>\nOptional kann \u00fcber den Dichtungsring f\u00fcr 50mm auch ein 60mm Rohr (60\/56mm) angeschlossen werden.<br \/>\nIm Falle einer Abdeckung k\u00f6nnen auch geeignete Porzellanfassungen f\u00fcr Beleuchtungsk\u00f6rper verwendet werden.<\/p>\n<p><strong>Hinweis:<\/strong><br \/>\nDa der Durchmesser dieser Buchse nur 49mm statt 50mm betr\u00e4gt, ben\u00f6tigen Sie die Dichtungsringe oder eine Umwicklung aus der Klebefolie glasklar, um auf den Durchmesser von 50mm f\u00fcr eine dichte Verbindung zu kommen.<\/p>","protected":false},"excerpt":{"rendered":"<p>Inhalt: 1 Stk. Abmessungen: 68 x 68 x 46 mm (49mm Sockel) Material: Kunststoff Farbe: Transparent Beschreibung: Dieser Artikel ist ein Beckenschlauchverbinder. \u00dcber passende Schlauchverbinder 50mm, k\u00f6nnen Sie mit diesem Beckenschlauchverbinder mehrere Schl\u00e4uche 50mm oder mehrere Formicarien anschlie\u00dfen. Es ist auch m\u00f6glich, optional einen 60mm Schlauch (60\/56mm) \u00fcber","protected":false},"featured_media":4924,"comment_status":"open","ping_status":"closed","template":"","meta":{"_acf_changed":false,"content-type":"","_monsterinsights_skip_tracking":false,"_monsterinsights_sitenote_active":false,"_monsterinsights_sitenote_note":"","_monsterinsights_sitenote_category":0},"product_brand":[],"product_cat":[345],"product_tag":[],"class_list":{"0":"post-4720","1":"product","2":"type-product","3":"status-publish","4":"has-post-thumbnail","6":"product_cat-pipe-connectors","8":"first","9":"outofstock","10":"taxable","11":"shipping-taxable","12":"purchasable","13":"product-type-simple"},"acf":[],"aioseo_notices":[],"jetpack_sharing_enabled":true,"_links":{"self":[{"href":"https:\/\/antcube.shop\/de\/wp-json\/wp\/v2\/product\/4720","targetHints":{"allow":["GET"]}}],"collection":[{"href":"https:\/\/antcube.shop\/de\/wp-json\/wp\/v2\/product"}],"about":[{"href":"https:\/\/antcube.shop\/de\/wp-json\/wp\/v2\/types\/product"}],"replies":[{"embeddable":true,"href":"https:\/\/antcube.shop\/de\/wp-json\/wp\/v2\/comments?post=4720"}],"wp:featuredmedia":[{"embeddable":true,"href":"https:\/\/antcube.shop\/de\/wp-json\/wp\/v2\/media\/4924"}],"wp:attachment":[{"href":"https:\/\/antcube.shop\/de\/wp-json\/wp\/v2\/media?parent=4720"}],"wp:term":[{"taxonomy":"product_brand","embeddable":true,"href":"https:\/\/antcube.shop\/de\/wp-json\/wp\/v2\/product_brand?post=4720"},{"taxonomy":"product_cat","embeddable":true,"href":"https:\/\/antcube.shop\/de\/wp-json\/wp\/v2\/product_cat?post=4720"},{"taxonomy":"product_tag","embeddable":true,"href":"https:\/\/antcube.shop\/de\/wp-json\/wp\/v2\/product_tag?post=4720"}],"curies":[{"name":"wp","href":"https:\/\/api.w.org\/{rel}","templated":true}]}}