{"id":4716,"date":"2022-11-14T14:59:57","date_gmt":"2022-11-14T13:59:57","guid":{"rendered":"https:\/\/antcube.shop\/produkt\/gittereinsatz-acryl-50-mm-klar-fein\/"},"modified":"2026-04-13T10:49:01","modified_gmt":"2026-04-13T08:49:01","slug":"gittereinsatz-acryl-50-mm-klar-fein","status":"publish","type":"product","link":"https:\/\/antcube.shop\/de\/produkt\/gittereinsatz-acryl-50-mm-klar-fein\/","title":{"rendered":"Gittereinsatz Acryl 50 mm - klar - fein"},"content":{"rendered":"<p><strong>Menge:<\/strong> 1 St\u00fcck<\/p>\n<p><strong>Abmessungen:<\/strong> 60x10mm<\/p>\n<p><strong>Farbe:<\/strong> klar<\/p>\n<p><strong>Material:<\/strong> Kunststoff, rostfreier Stahl<\/p>\n<p><strong>Beschreibung:<\/strong> L\u00fcftungsgitter mit 50mm Einsteckdurchmesser zum Verschlie\u00dfen von \u00d6ffnungen mit 50mm Durchmesser. Enth\u00e4lt den Artikel: \"Gittereinsatz Acryl 50 mm - klar\" kombiniert mit einem sehr feinen, sehr robusten Edelstahlgitter (0,2-0,3 mm), das verhindert, dass selbst kleine Ameisen durch die breiten L\u00fcftungsschlitze des Gittereinsatzes ausbrechen k\u00f6nnen. Auch f\u00fcr sehr stark bei\u00dfende Arten wie Blattschneiderameisen geeignet!<\/p>","protected":false},"excerpt":{"rendered":"<p>F\u00fcr L\u00f6cher\/\u00d6ffnungen mit 50 mm Durchmesser.<\/p>","protected":false},"featured_media":4809,"comment_status":"open","ping_status":"closed","template":"","meta":{"_acf_changed":false,"content-type":"","_monsterinsights_skip_tracking":false,"_monsterinsights_sitenote_active":false,"_monsterinsights_sitenote_note":"","_monsterinsights_sitenote_category":0},"product_brand":[],"product_cat":[238],"product_tag":[],"class_list":{"0":"post-4716","1":"product","2":"type-product","3":"status-publish","4":"has-post-thumbnail","6":"product_cat-grid-caps-plugs-and-inserts","8":"first","9":"instock","10":"taxable","11":"shipping-taxable","12":"purchasable","13":"product-type-simple"},"acf":[],"aioseo_notices":[],"jetpack_sharing_enabled":true,"_links":{"self":[{"href":"https:\/\/antcube.shop\/de\/wp-json\/wp\/v2\/product\/4716","targetHints":{"allow":["GET"]}}],"collection":[{"href":"https:\/\/antcube.shop\/de\/wp-json\/wp\/v2\/product"}],"about":[{"href":"https:\/\/antcube.shop\/de\/wp-json\/wp\/v2\/types\/product"}],"replies":[{"embeddable":true,"href":"https:\/\/antcube.shop\/de\/wp-json\/wp\/v2\/comments?post=4716"}],"wp:featuredmedia":[{"embeddable":true,"href":"https:\/\/antcube.shop\/de\/wp-json\/wp\/v2\/media\/4809"}],"wp:attachment":[{"href":"https:\/\/antcube.shop\/de\/wp-json\/wp\/v2\/media?parent=4716"}],"wp:term":[{"taxonomy":"product_brand","embeddable":true,"href":"https:\/\/antcube.shop\/de\/wp-json\/wp\/v2\/product_brand?post=4716"},{"taxonomy":"product_cat","embeddable":true,"href":"https:\/\/antcube.shop\/de\/wp-json\/wp\/v2\/product_cat?post=4716"},{"taxonomy":"product_tag","embeddable":true,"href":"https:\/\/antcube.shop\/de\/wp-json\/wp\/v2\/product_tag?post=4716"}],"curies":[{"name":"wp","href":"https:\/\/api.w.org\/{rel}","templated":true}]}}