{"id":4712,"date":"2022-11-14T14:58:33","date_gmt":"2022-11-14T13:58:33","guid":{"rendered":"https:\/\/antcube.shop\/produkt\/humus-ziegel-brick-650g-ergibt-8-9l\/"},"modified":"2026-04-15T09:42:37","modified_gmt":"2026-04-15T07:42:37","slug":"humus-ziegel-brick-650g-ergibt-8-9l","status":"publish","type":"product","link":"https:\/\/antcube.shop\/de\/produkt\/humus-ziegel-brick-650g-ergibt-8-9l\/","title":{"rendered":"Humusziegel 650g - ergibt 8-9l"},"content":{"rendered":"<p><strong>Inhalt \/ Umfang:<\/strong> 650 g ergeben 8-10 Liter.<\/p>\n<p><strong>Beschreibung:<\/strong> Der Formicarium-Humus besteht aus nat\u00fcrlichem Kokosfaser-Humus, der zu einem Ziegelstein gepresst wurde. In Verbindung mit Wasser quillt der Humusziegel auf etwa das 8-10-fache seines Volumens auf. Dieser w\u00fchlbare Formicarium-Humus ist hervorragend f\u00fcr Ameisen aus tropischen Regionen geeignet und kann sowohl trocken als auch feucht verwendet werden. Der Formicarium Humus ist ein reines Naturprodukt, garantiert frei von jeglichen Chemikalien, Pestiziden und D\u00fcngemitteln und 100% kompostierbar.<\/p>\n<p>- 100% aus nachwachsenden Rohstoffen auf pflanzlicher Basis<br \/>\n- hohe Absorptionsf\u00e4higkeit<br \/>\n- hohe Wasserspeicherkapazit\u00e4t<\/p>\n<p><strong>Anweisungen:<\/strong> den Ziegelstein in 4-5 Liter warmem Wasser in einem Beh\u00e4lter etwa 20-30 Minuten einweichen. Wenn der Ziegel noch nicht vollst\u00e4ndig aufgel\u00f6st ist, den Rest mit der Hand zerkleinern. Gegebenenfalls \u00fcbersch\u00fcssiges Wasser aus dem Humus ausdr\u00fccken.<\/p>","protected":false},"excerpt":{"rendered":"<p>Inhalt \/ Volumen: 650g ergibt 8-10 Liter. Beschreibung: Der Formicarium Humus besteht aus nat\u00fcrlichem Kokosfaserhumus, der zu einem Ziegel gepresst wurde. In Verbindung mit Wasser quillt der Humusziegel auf etwa das 8-10-fache seines Volumens auf. Dieser w\u00fchlbare Formicarium-Humus eignet sich hervorragend f\u00fcr Ameisen aus tropischen Regionen und kann sowohl trocken als auch mit Wasser verwendet werden.","protected":false},"featured_media":4811,"comment_status":"open","ping_status":"closed","template":"","meta":{"_acf_changed":false,"content-type":"","_monsterinsights_skip_tracking":false,"_monsterinsights_sitenote_active":false,"_monsterinsights_sitenote_note":"","_monsterinsights_sitenote_category":0},"product_brand":[],"product_cat":[96],"product_tag":[],"class_list":{"0":"post-4712","1":"product","2":"type-product","3":"status-publish","4":"has-post-thumbnail","6":"product_cat-soil","8":"first","9":"instock","10":"taxable","11":"shipping-taxable","12":"purchasable","13":"product-type-simple"},"acf":[],"aioseo_notices":[],"jetpack_sharing_enabled":true,"_links":{"self":[{"href":"https:\/\/antcube.shop\/de\/wp-json\/wp\/v2\/product\/4712","targetHints":{"allow":["GET"]}}],"collection":[{"href":"https:\/\/antcube.shop\/de\/wp-json\/wp\/v2\/product"}],"about":[{"href":"https:\/\/antcube.shop\/de\/wp-json\/wp\/v2\/types\/product"}],"replies":[{"embeddable":true,"href":"https:\/\/antcube.shop\/de\/wp-json\/wp\/v2\/comments?post=4712"}],"wp:featuredmedia":[{"embeddable":true,"href":"https:\/\/antcube.shop\/de\/wp-json\/wp\/v2\/media\/4811"}],"wp:attachment":[{"href":"https:\/\/antcube.shop\/de\/wp-json\/wp\/v2\/media?parent=4712"}],"wp:term":[{"taxonomy":"product_brand","embeddable":true,"href":"https:\/\/antcube.shop\/de\/wp-json\/wp\/v2\/product_brand?post=4712"},{"taxonomy":"product_cat","embeddable":true,"href":"https:\/\/antcube.shop\/de\/wp-json\/wp\/v2\/product_cat?post=4712"},{"taxonomy":"product_tag","embeddable":true,"href":"https:\/\/antcube.shop\/de\/wp-json\/wp\/v2\/product_tag?post=4712"}],"curies":[{"name":"wp","href":"https:\/\/api.w.org\/{rel}","templated":true}]}}