{"id":4710,"date":"2022-11-14T14:58:00","date_gmt":"2022-11-14T13:58:00","guid":{"rendered":"https:\/\/antcube.shop\/produkt\/bodengrund-sand-lehm-weis-1000g\/"},"modified":"2026-04-06T18:30:28","modified_gmt":"2026-04-06T16:30:28","slug":"bodengrund-sand-lehm-weis-1000g","status":"publish","type":"product","link":"https:\/\/antcube.shop\/de\/produkt\/bodengrund-sand-lehm-weis-1000g\/","title":{"rendered":"Substrat - Sand-Lehm wei\u00df - 1000g"},"content":{"rendered":"<p><strong>Inhalt:<\/strong> 1000g<\/p>\n<p><strong>Material:<\/strong> Sand, Kalk, Kalkbindemittel<\/p>\n<p><strong>Farbe:<\/strong> wei\u00df<\/p>\n<p><strong>Mischungsverh\u00e4ltnis:<\/strong> diggable<\/p>\n<p><strong>Beschreibung:<\/strong> Diese fertige Sand-Lehm-Mischung ist ein reines Naturprodukt. Die F\u00e4rbung kommt von wei\u00dfem Kalksand. Die Festigkeit kommt von einer bindenden Kalkmischung, die f\u00fcr Tiere unsch\u00e4dlich ist.<\/p>\n<p><strong>Anwendung:<\/strong> Graberde, kann f\u00fcr Nest- und Reitplatzbereich verwendet werden! Hat eine erh\u00f6hte Festigkeit im Vergleich zum Boden-Boden beige, auch im feuchten Zustand.<\/p>\n<p><strong>Anmerkung:<\/strong> Da es sich um ein reines Naturprodukt handelt, kann es kleine Unterschiede in Farbe und Struktur geben, die wir nicht beeinflussen k\u00f6nnen.<\/p>\n<p><strong>Das ist wichtig:<\/strong> Bitte befeuchten Sie das Substrat vor der Verwendung, damit sich die Mischung verbinden und einen festen Halt im Ameisenbau entwickeln kann. Au\u00dferdem kann ein zu trockenes und staubiges Substrat dazu f\u00fchren, dass die Atemwege der Ameisen verstopft werden und die Tiere im schlimmsten Fall ersticken.<\/p>","protected":false},"excerpt":{"rendered":"<p>Nat\u00fcrliches Substrat - grubberf\u00e4hig<\/p>","protected":false},"featured_media":5725,"comment_status":"open","ping_status":"closed","template":"","meta":{"_acf_changed":false,"content-type":"","_monsterinsights_skip_tracking":false,"_monsterinsights_sitenote_active":false,"_monsterinsights_sitenote_note":"","_monsterinsights_sitenote_category":0},"product_brand":[],"product_cat":[95,96],"product_tag":[],"class_list":{"0":"post-4710","1":"product","2":"type-product","3":"status-publish","4":"has-post-thumbnail","6":"product_cat-accessories-for-ants","7":"product_cat-soil","9":"first","10":"instock","11":"taxable","12":"shipping-taxable","13":"purchasable","14":"product-type-simple"},"acf":[],"aioseo_notices":[],"jetpack_sharing_enabled":true,"_links":{"self":[{"href":"https:\/\/antcube.shop\/de\/wp-json\/wp\/v2\/product\/4710","targetHints":{"allow":["GET"]}}],"collection":[{"href":"https:\/\/antcube.shop\/de\/wp-json\/wp\/v2\/product"}],"about":[{"href":"https:\/\/antcube.shop\/de\/wp-json\/wp\/v2\/types\/product"}],"replies":[{"embeddable":true,"href":"https:\/\/antcube.shop\/de\/wp-json\/wp\/v2\/comments?post=4710"}],"wp:featuredmedia":[{"embeddable":true,"href":"https:\/\/antcube.shop\/de\/wp-json\/wp\/v2\/media\/5725"}],"wp:attachment":[{"href":"https:\/\/antcube.shop\/de\/wp-json\/wp\/v2\/media?parent=4710"}],"wp:term":[{"taxonomy":"product_brand","embeddable":true,"href":"https:\/\/antcube.shop\/de\/wp-json\/wp\/v2\/product_brand?post=4710"},{"taxonomy":"product_cat","embeddable":true,"href":"https:\/\/antcube.shop\/de\/wp-json\/wp\/v2\/product_cat?post=4710"},{"taxonomy":"product_tag","embeddable":true,"href":"https:\/\/antcube.shop\/de\/wp-json\/wp\/v2\/product_tag?post=4710"}],"curies":[{"name":"wp","href":"https:\/\/api.w.org\/{rel}","templated":true}]}}