{"id":4706,"date":"2022-11-14T14:56:58","date_gmt":"2022-11-14T13:56:58","guid":{"rendered":"https:\/\/antcube.shop\/produkt\/dekosteine-1000g-weis\/"},"modified":"2026-04-07T09:37:57","modified_gmt":"2026-04-07T07:37:57","slug":"dekosteine-1000g-weis","status":"publish","type":"product","link":"https:\/\/antcube.shop\/de\/produkt\/dekosteine-1000g-weis\/","title":{"rendered":"Dekorative Steine 1000g - wei\u00df"},"content":{"rendered":"<p><strong>Inhalt\/Volumen:<\/strong> 1000g<\/p>\n<p><strong>Gr\u00f6\u00dfe der K\u00f6rner:<\/strong> 8 - 16 mm<\/p>\n<p><strong>Beschreibung:<\/strong> Dieser Carrara-Marmor ist ein sehr dekorativer Untergrund.<\/p>\n<p><strong>Anmerkung:<\/strong> Da das Material durch den Abrieb w\u00e4hrend des Transports etwas staubig ist, sollte es vor der Verwendung im Formicarium nochmals mit Wasser gewaschen werden.<\/p>","protected":false},"excerpt":{"rendered":"<p>K\u00f6rnung: 8 - 16 mm<\/p>","protected":false},"featured_media":5522,"comment_status":"open","ping_status":"closed","template":"","meta":{"_acf_changed":false,"content-type":"","_monsterinsights_skip_tracking":false,"_monsterinsights_sitenote_active":false,"_monsterinsights_sitenote_note":"","_monsterinsights_sitenote_category":0},"product_brand":[],"product_cat":[98],"product_tag":[],"class_list":{"0":"post-4706","1":"product","2":"type-product","3":"status-publish","4":"has-post-thumbnail","6":"product_cat-decoration","8":"first","9":"instock","10":"taxable","11":"shipping-taxable","12":"purchasable","13":"product-type-simple"},"acf":[],"aioseo_notices":[],"jetpack_sharing_enabled":true,"_links":{"self":[{"href":"https:\/\/antcube.shop\/de\/wp-json\/wp\/v2\/product\/4706","targetHints":{"allow":["GET"]}}],"collection":[{"href":"https:\/\/antcube.shop\/de\/wp-json\/wp\/v2\/product"}],"about":[{"href":"https:\/\/antcube.shop\/de\/wp-json\/wp\/v2\/types\/product"}],"replies":[{"embeddable":true,"href":"https:\/\/antcube.shop\/de\/wp-json\/wp\/v2\/comments?post=4706"}],"wp:featuredmedia":[{"embeddable":true,"href":"https:\/\/antcube.shop\/de\/wp-json\/wp\/v2\/media\/5522"}],"wp:attachment":[{"href":"https:\/\/antcube.shop\/de\/wp-json\/wp\/v2\/media?parent=4706"}],"wp:term":[{"taxonomy":"product_brand","embeddable":true,"href":"https:\/\/antcube.shop\/de\/wp-json\/wp\/v2\/product_brand?post=4706"},{"taxonomy":"product_cat","embeddable":true,"href":"https:\/\/antcube.shop\/de\/wp-json\/wp\/v2\/product_cat?post=4706"},{"taxonomy":"product_tag","embeddable":true,"href":"https:\/\/antcube.shop\/de\/wp-json\/wp\/v2\/product_tag?post=4706"}],"curies":[{"name":"wp","href":"https:\/\/api.w.org\/{rel}","templated":true}]}}