{"id":4704,"date":"2022-11-14T14:56:08","date_gmt":"2022-11-14T13:56:08","guid":{"rendered":"https:\/\/antcube.shop\/produkt\/antcube-ameisenarenaeinsatz-l-20x20\/"},"modified":"2026-03-09T18:09:40","modified_gmt":"2026-03-09T17:09:40","slug":"antcube-ameisenarenaeinsatz-l-20x20","status":"publish","type":"product","link":"https:\/\/antcube.shop\/de\/produkt\/antcube-ameisenarenaeinsatz-l-20x20\/","title":{"rendered":"ANTCUBE Ameisenarena-Einsatz - L - 20\u00d720"},"content":{"rendered":"<p><strong>Abmessungen:<\/strong><br \/>\n<strong>drau\u00dfen:<\/strong> 190 x 28 x 176 mm<br \/>\n<strong>innen:<\/strong> 184 x 20 x 169 mm<\/p>\n<p><strong>Material:<\/strong> Floatglas<\/p>\n<p><strong>Farbe:<\/strong> transparent<\/p>\n<p><strong>Inhalt:<\/strong><br \/>\n1x Ameisenarena-Einsatz<br \/>\n1x Abdeckung<br \/>\n1x Fixierungspunkte 2 Stk.<\/p>\n<p><strong>Beschreibung:<\/strong><br \/>\nDieser Nesteinsatz kann in eine ANTCUBE Ameisenarena gestellt und mit einem zum Graben geeigneten Material (z.B. Sand-Lehm-Gemisch oder Digfix) gef\u00fcllt werden. Das Besondere daran ist, dass er bequem aus der Arena entnommen werden kann, z.B. zum \u00dcberwintern mit den Ameisen. Als Ein- und Ausgang und zur Bel\u00fcftung befinden sich im unteren Bereich zwei 10mm L\u00f6cher. Zur \u00dcberwinterung k\u00f6nnen diese mit 10mm Stopfen verschlossen werden. <strong>(diese sind nicht enthalten).<\/strong><\/p>\n<p><strong>Anmerkung:<\/strong> Der Glaszuschnitt erfolgt nach DIN 1249 mit einer Toleranz von +\/- 1mm. F\u00fcr extrem kleine Ameisenarten ist ein zus\u00e4tzlicher Ausbruchsschutz unerl\u00e4sslich.<\/p>","protected":false},"excerpt":{"rendered":"<p>Gr\u00f6\u00dfe: <span style=\"color: #0000ff;\"><strong>L<\/strong><\/span><\/p>","protected":false},"featured_media":4985,"comment_status":"open","ping_status":"closed","template":"","meta":{"_acf_changed":false,"content-type":"","_monsterinsights_skip_tracking":false,"_monsterinsights_sitenote_active":false,"_monsterinsights_sitenote_note":"","_monsterinsights_sitenote_category":0},"product_brand":[],"product_cat":[91,94],"product_tag":[],"class_list":{"0":"post-4704","1":"product","2":"type-product","3":"status-publish","4":"has-post-thumbnail","6":"product_cat-formicarium-modules","7":"product_cat-arena-inset","9":"first","10":"instock","11":"taxable","12":"shipping-taxable","13":"purchasable","14":"product-type-simple"},"acf":[],"aioseo_notices":[],"jetpack_sharing_enabled":true,"_links":{"self":[{"href":"https:\/\/antcube.shop\/de\/wp-json\/wp\/v2\/product\/4704","targetHints":{"allow":["GET"]}}],"collection":[{"href":"https:\/\/antcube.shop\/de\/wp-json\/wp\/v2\/product"}],"about":[{"href":"https:\/\/antcube.shop\/de\/wp-json\/wp\/v2\/types\/product"}],"replies":[{"embeddable":true,"href":"https:\/\/antcube.shop\/de\/wp-json\/wp\/v2\/comments?post=4704"}],"wp:featuredmedia":[{"embeddable":true,"href":"https:\/\/antcube.shop\/de\/wp-json\/wp\/v2\/media\/4985"}],"wp:attachment":[{"href":"https:\/\/antcube.shop\/de\/wp-json\/wp\/v2\/media?parent=4704"}],"wp:term":[{"taxonomy":"product_brand","embeddable":true,"href":"https:\/\/antcube.shop\/de\/wp-json\/wp\/v2\/product_brand?post=4704"},{"taxonomy":"product_cat","embeddable":true,"href":"https:\/\/antcube.shop\/de\/wp-json\/wp\/v2\/product_cat?post=4704"},{"taxonomy":"product_tag","embeddable":true,"href":"https:\/\/antcube.shop\/de\/wp-json\/wp\/v2\/product_tag?post=4704"}],"curies":[{"name":"wp","href":"https:\/\/api.w.org\/{rel}","templated":true}]}}