{"id":4698,"date":"2022-11-14T14:54:32","date_gmt":"2022-11-14T13:54:32","guid":{"rendered":"https:\/\/antcube.shop\/produkt\/antcube-digfix-platte-30x30-l\/"},"modified":"2026-03-16T10:37:32","modified_gmt":"2026-03-16T09:37:32","slug":"antcube-digfix-platte-30x30-l","status":"publish","type":"product","link":"https:\/\/antcube.shop\/de\/produkt\/antcube-digfix-platte-30x30-l\/","title":{"rendered":"ANTCUBE - Digfix Platte 30\u00d730 - L"},"content":{"rendered":"<p><strong>Abmessungen:<\/strong> 283x260x20 mm<\/p>\n<p><strong>Material:<\/strong> Digfix<\/p>\n<p><strong>Beschreibung:<\/strong> Die Digfix-Platte ist aus grabf\u00e4higem Material gefertigt und passt perfekt zu unseren ANTCUBE Ameisenfarmen. Sie kann sowohl trocken als auch nass verwendet werden. Sie ist auch f\u00fcr viele Ameisenarten geeignet, insbesondere f\u00fcr solche, die in Sand und in (totem) Holz nisten. Er kann anstelle von Sand-Lehm-Mischungen oder den Nesteins\u00e4tzen aus Kork verwendet werden. Ein gro\u00dfer Vorteil gegen\u00fcber den Korknestern ist, dass Digfix auch bei N\u00e4sse nicht schimmelt. Das bedeutet, dass Ameisenarten mit einem hohen Feuchtigkeitsbedarf problemlos mit ausreichend Wasser versorgt werden k\u00f6nnen. Digfix hat auch den Vorteil, dass grabende Ameisenarten beim Graben die Glasscheiben ihres Nestes nicht mit Erde verschmutzen, was eine perfekte Sicht ins Nest erm\u00f6glicht.<\/p>\n<p><strong>Anmerkung:<\/strong> Der nat\u00fcrliche Farbton kann zwischen gr\u00fcnlich\/graubraun und erdigem Braun variieren. Der Farbton hat keinen Einfluss auf die Qualit\u00e4t.<br \/>\nAufgrund der Herstellung k\u00f6nnen die Abmessungen um +\/- 1mm variieren.<\/p>","protected":false},"excerpt":{"rendered":"<p>Gr\u00f6\u00dfe: <span style=\"color: #0000ff;\"><strong>L<\/strong><\/span><\/p>","protected":false},"featured_media":4966,"comment_status":"open","ping_status":"closed","template":"","meta":{"_acf_changed":false,"content-type":"","_monsterinsights_skip_tracking":false,"_monsterinsights_sitenote_active":false,"_monsterinsights_sitenote_note":"","_monsterinsights_sitenote_category":0},"product_brand":[],"product_cat":[87,88],"product_tag":[],"class_list":{"0":"post-4698","1":"product","2":"type-product","3":"status-publish","4":"has-post-thumbnail","6":"product_cat-nest-insets","7":"product_cat-digfix","9":"first","10":"instock","11":"taxable","12":"shipping-taxable","13":"purchasable","14":"product-type-simple"},"acf":[],"aioseo_notices":[],"jetpack_sharing_enabled":true,"_links":{"self":[{"href":"https:\/\/antcube.shop\/de\/wp-json\/wp\/v2\/product\/4698","targetHints":{"allow":["GET"]}}],"collection":[{"href":"https:\/\/antcube.shop\/de\/wp-json\/wp\/v2\/product"}],"about":[{"href":"https:\/\/antcube.shop\/de\/wp-json\/wp\/v2\/types\/product"}],"replies":[{"embeddable":true,"href":"https:\/\/antcube.shop\/de\/wp-json\/wp\/v2\/comments?post=4698"}],"wp:featuredmedia":[{"embeddable":true,"href":"https:\/\/antcube.shop\/de\/wp-json\/wp\/v2\/media\/4966"}],"wp:attachment":[{"href":"https:\/\/antcube.shop\/de\/wp-json\/wp\/v2\/media?parent=4698"}],"wp:term":[{"taxonomy":"product_brand","embeddable":true,"href":"https:\/\/antcube.shop\/de\/wp-json\/wp\/v2\/product_brand?post=4698"},{"taxonomy":"product_cat","embeddable":true,"href":"https:\/\/antcube.shop\/de\/wp-json\/wp\/v2\/product_cat?post=4698"},{"taxonomy":"product_tag","embeddable":true,"href":"https:\/\/antcube.shop\/de\/wp-json\/wp\/v2\/product_tag?post=4698"}],"curies":[{"name":"wp","href":"https:\/\/api.w.org\/{rel}","templated":true}]}}