{"id":4694,"date":"2022-11-14T14:53:29","date_gmt":"2022-11-14T13:53:29","guid":{"rendered":"https:\/\/antcube.shop\/produkt\/antcube-einbauarena-30x30x20\/"},"modified":"2026-04-16T13:04:27","modified_gmt":"2026-04-16T11:04:27","slug":"antcube-einbauarena-30x30x20","status":"publish","type":"product","link":"https:\/\/antcube.shop\/de\/produkt\/antcube-einbauarena-30x30x20\/","title":{"rendered":"ANTCUBE Einbauarena 30x30x20"},"content":{"rendered":"<p>ANTCUBE Einbauarena 30x30x20 cm mit 2x 27mm Loch.<\/p>\n<p><strong>Abmessungen:<\/strong> 300 x 300 x 200 mm; 4 mm Glasdicke.<br \/>\n<strong>Material:<\/strong> Floatglas<\/p>\n<p><strong>Verbindung:<\/strong> 2x Bohrung 27 mm<\/p>\n<p><strong>Beschreibung:<\/strong> ANTCUBE fitted arena, wurde entwickelt, um ihn auch in kleineren Regalf\u00e4chern bequem unterzubringen. Zum Beispiel passt er perfekt in ein Kallax-Regal. Die L\u00f6cher (Mittelpunkt) befinden sich auf der Vorderseite (links und rechts) in 3cm H\u00f6he und 3cm Abstand von der Au\u00dfenkante. Durch die Positionierung der 27-mm-L\u00f6cher auf der Vorderseite (statt wie \u00fcblich an den Seitenfenstern) k\u00f6nnen Sie problemlos weitere Arenen und Ameisenfarmen hinzuf\u00fcgen, ohne dass der Platz an den Seiten verloren geht oder der Zugang zu den Anschl\u00fcssen blockiert wird. Arenadeckel, Ausbruchsschutzrahmen, Verbindungselemente wie Rohr- oder Schlauchanschl\u00fcsse sind separat erh\u00e4ltlich.<\/p>\n<p><strong>Anmerkung:<\/strong> Der Glaszuschnitt erfolgt nach DIN 1249 mit einer Toleranz von +\/- 1mm. F\u00fcr extrem kleine Ameisenarten ist ein zus\u00e4tzlicher Ausbruchsschutz unerl\u00e4sslich.<\/p>","protected":false},"excerpt":{"rendered":"<p>Anschluss: 2x Bohrung 27 mm<\/p>","protected":false},"featured_media":5042,"comment_status":"open","ping_status":"closed","template":"","meta":{"_acf_changed":false,"content-type":"","_monsterinsights_skip_tracking":false,"_monsterinsights_sitenote_active":false,"_monsterinsights_sitenote_note":"","_monsterinsights_sitenote_category":0},"product_brand":[],"product_cat":[85,86],"product_tag":[],"class_list":{"0":"post-4694","1":"product","2":"type-product","3":"status-publish","4":"has-post-thumbnail","6":"product_cat-ant-arenas","7":"product_cat-formicariums","9":"first","10":"instock","11":"taxable","12":"shipping-taxable","13":"purchasable","14":"product-type-simple"},"acf":[],"aioseo_notices":[],"jetpack_sharing_enabled":true,"_links":{"self":[{"href":"https:\/\/antcube.shop\/de\/wp-json\/wp\/v2\/product\/4694","targetHints":{"allow":["GET"]}}],"collection":[{"href":"https:\/\/antcube.shop\/de\/wp-json\/wp\/v2\/product"}],"about":[{"href":"https:\/\/antcube.shop\/de\/wp-json\/wp\/v2\/types\/product"}],"replies":[{"embeddable":true,"href":"https:\/\/antcube.shop\/de\/wp-json\/wp\/v2\/comments?post=4694"}],"wp:featuredmedia":[{"embeddable":true,"href":"https:\/\/antcube.shop\/de\/wp-json\/wp\/v2\/media\/5042"}],"wp:attachment":[{"href":"https:\/\/antcube.shop\/de\/wp-json\/wp\/v2\/media?parent=4694"}],"wp:term":[{"taxonomy":"product_brand","embeddable":true,"href":"https:\/\/antcube.shop\/de\/wp-json\/wp\/v2\/product_brand?post=4694"},{"taxonomy":"product_cat","embeddable":true,"href":"https:\/\/antcube.shop\/de\/wp-json\/wp\/v2\/product_cat?post=4694"},{"taxonomy":"product_tag","embeddable":true,"href":"https:\/\/antcube.shop\/de\/wp-json\/wp\/v2\/product_tag?post=4694"}],"curies":[{"name":"wp","href":"https:\/\/api.w.org\/{rel}","templated":true}]}}