{"id":4686,"date":"2022-11-14T14:51:24","date_gmt":"2022-11-14T13:51:24","guid":{"rendered":"https:\/\/antcube.shop\/produkt\/durchgangsregler-32mm\/"},"modified":"2026-03-03T09:59:11","modified_gmt":"2026-03-03T08:59:11","slug":"durchgangsregler-32mm","status":"publish","type":"product","link":"https:\/\/antcube.shop\/de\/produkt\/durchgangsregler-32mm\/","title":{"rendered":"Durchgangsregler - 32mm"},"content":{"rendered":"<p><strong>Abmessungen (LxBxH):<\/strong> 73 x 58 x 19 mm<\/p>\n<p><strong>Material:<\/strong> Acryl<\/p>\n<p><strong>Farbe:<\/strong> Farblos \/ transparent \/ klar<\/p>\n<p><strong>Inhalt:<\/strong> 1 St\u00fcck (besteht aus 10 Einzelteilen)<\/p>\n<p><strong>Beschreibung:<\/strong><br \/>\nDer Durchflussregler wird auf ein Rohr aufgesteckt.<br \/>\nDer Durchgang kann von Hand ge\u00f6ffnet oder geschlossen werden.<\/p>\n<p><strong>Anwendung:<\/strong><br \/>\nZum Anschluss von Acrylrohren mit einem Durchmesser von 32 mm<\/p>\n<p><strong>Hinweis:<\/strong><br \/>\nDer Durchflussregler sollte fest auf das passende Rohr aufgesteckt werden. Wenn er zu locker sitzt, kann das Rohr mit transparentem Klebeband vergr\u00f6\u00dfert werden, um einen festen Sitz zu gew\u00e4hrleisten.<\/p>","protected":false},"excerpt":{"rendered":"<p>Abmessungen (LxBxH): 73 x 58 x 19 mm Material: Acryl Farbe: farblos \/ transparent \/ klar Inhalt: 1 St\u00fcck (besteht aus 10 Einzelteilen) Beschreibung: Der Durchgangsregler wird auf ein Rohr aufgesteckt. Der Durchgang kann von Hand ge\u00f6ffnet oder geschlossen werden. Anwendung: Zum Anschluss von Acrylrohren mit einem Durchmesser von 32mm Hinweis: Der Durchgangsregler sollte","protected":false},"featured_media":5074,"comment_status":"open","ping_status":"closed","template":"","meta":{"_acf_changed":false,"content-type":"","_monsterinsights_skip_tracking":false,"_monsterinsights_sitenote_active":false,"_monsterinsights_sitenote_note":"","_monsterinsights_sitenote_category":0},"product_brand":[],"product_cat":[345],"product_tag":[],"class_list":{"0":"post-4686","1":"product","2":"type-product","3":"status-publish","4":"has-post-thumbnail","6":"product_cat-pipe-connectors","8":"first","9":"instock","10":"taxable","11":"shipping-taxable","12":"purchasable","13":"product-type-simple"},"acf":[],"aioseo_notices":[],"jetpack_sharing_enabled":true,"_links":{"self":[{"href":"https:\/\/antcube.shop\/de\/wp-json\/wp\/v2\/product\/4686","targetHints":{"allow":["GET"]}}],"collection":[{"href":"https:\/\/antcube.shop\/de\/wp-json\/wp\/v2\/product"}],"about":[{"href":"https:\/\/antcube.shop\/de\/wp-json\/wp\/v2\/types\/product"}],"replies":[{"embeddable":true,"href":"https:\/\/antcube.shop\/de\/wp-json\/wp\/v2\/comments?post=4686"}],"wp:featuredmedia":[{"embeddable":true,"href":"https:\/\/antcube.shop\/de\/wp-json\/wp\/v2\/media\/5074"}],"wp:attachment":[{"href":"https:\/\/antcube.shop\/de\/wp-json\/wp\/v2\/media?parent=4686"}],"wp:term":[{"taxonomy":"product_brand","embeddable":true,"href":"https:\/\/antcube.shop\/de\/wp-json\/wp\/v2\/product_brand?post=4686"},{"taxonomy":"product_cat","embeddable":true,"href":"https:\/\/antcube.shop\/de\/wp-json\/wp\/v2\/product_cat?post=4686"},{"taxonomy":"product_tag","embeddable":true,"href":"https:\/\/antcube.shop\/de\/wp-json\/wp\/v2\/product_tag?post=4686"}],"curies":[{"name":"wp","href":"https:\/\/api.w.org\/{rel}","templated":true}]}}