{"id":4682,"date":"2022-11-14T14:42:29","date_gmt":"2022-11-14T13:42:29","guid":{"rendered":"https:\/\/antcube.shop\/produkt\/antcube-rote-folie-30x30-filter\/"},"modified":"2026-04-03T17:08:16","modified_gmt":"2026-04-03T15:08:16","slug":"antcube-rote-folie-30x30-filter","status":"publish","type":"product","link":"https:\/\/antcube.shop\/de\/produkt\/antcube-rote-folie-30x30-filter\/","title":{"rendered":"ANTCUBE - Rote Folie 30\u00d730 - Filter"},"content":{"rendered":"<p><strong>Abmessungen:<\/strong> 29x24cm<\/p>\n<p><strong>Material:<\/strong> PVC<\/p>\n<p><strong>Beschreibung:<\/strong> Die rot-transparente Folie wird verwendet, um den Ameisen ein Gef\u00fchl von Untergrund zu vermitteln. Daher empfehlen wir, dieses Produkt zumindest teilweise im Nestbereich einzusetzen. Trotzdem k\u00f6nnen Sie die Ameisen im Nest gut beobachten. Exakt zugeschnitten f\u00fcr ANTCUBE \"Ameisenfarm 30x30cm S\/M\/L - stehend\".<\/p>\n<p>Diese Filterfolie hat eine bessere Lichtfilterwirkung als die normale Abdeckfolie. Temperaturbest\u00e4ndig bis zu 180\u00b0C<\/p>\n<p>Die Filterfolie h\u00e4lt bei leichtem gleichm\u00e4\u00dfigem Druck auch von selbst am Hof oder dem Nestbereich. Alternativ eignet sich transparentes Klebeband zur Befestigung. Einfach mit zwei kleinen Streifen an den oberen Ecken fixieren, so dass die Folie sp\u00e4ter f\u00fcr einen besseren Blick in den Nestbereich abgezogen werden kann.<\/p>","protected":false},"excerpt":{"rendered":"<p>Abmessungen: 19x19cm Material: PVC Beschreibung: Die rot-transparente Folie wird verwendet, um den Ameisen ein unterirdisches Gef\u00fchl zu vermitteln. Daher empfehlen wir, dieses Produkt zumindest teilweise im Nestbereich einzusetzen. Trotzdem k\u00f6nnen Sie die Ameisen im Nest gut beobachten. Exakt zugeschnitten f\u00fcr ANTCUBE \"Ameisenfarm 20x20cm S\/M\/L - stehend\". Diese Filterfolie [...]","protected":false},"featured_media":5105,"comment_status":"open","ping_status":"closed","template":"","meta":{"_acf_changed":false,"content-type":"","_monsterinsights_skip_tracking":false,"_monsterinsights_sitenote_active":false,"_monsterinsights_sitenote_note":"","_monsterinsights_sitenote_category":0},"product_brand":[],"product_cat":[239],"product_tag":[],"class_list":{"0":"post-4682","1":"product","2":"type-product","3":"status-publish","4":"has-post-thumbnail","6":"product_cat-useful-additions","8":"first","9":"outofstock","10":"taxable","11":"shipping-taxable","12":"purchasable","13":"product-type-simple"},"acf":[],"aioseo_notices":[],"jetpack_sharing_enabled":true,"_links":{"self":[{"href":"https:\/\/antcube.shop\/de\/wp-json\/wp\/v2\/product\/4682","targetHints":{"allow":["GET"]}}],"collection":[{"href":"https:\/\/antcube.shop\/de\/wp-json\/wp\/v2\/product"}],"about":[{"href":"https:\/\/antcube.shop\/de\/wp-json\/wp\/v2\/types\/product"}],"replies":[{"embeddable":true,"href":"https:\/\/antcube.shop\/de\/wp-json\/wp\/v2\/comments?post=4682"}],"wp:featuredmedia":[{"embeddable":true,"href":"https:\/\/antcube.shop\/de\/wp-json\/wp\/v2\/media\/5105"}],"wp:attachment":[{"href":"https:\/\/antcube.shop\/de\/wp-json\/wp\/v2\/media?parent=4682"}],"wp:term":[{"taxonomy":"product_brand","embeddable":true,"href":"https:\/\/antcube.shop\/de\/wp-json\/wp\/v2\/product_brand?post=4682"},{"taxonomy":"product_cat","embeddable":true,"href":"https:\/\/antcube.shop\/de\/wp-json\/wp\/v2\/product_cat?post=4682"},{"taxonomy":"product_tag","embeddable":true,"href":"https:\/\/antcube.shop\/de\/wp-json\/wp\/v2\/product_tag?post=4682"}],"curies":[{"name":"wp","href":"https:\/\/api.w.org\/{rel}","templated":true}]}}