{"id":4678,"date":"2022-11-14T14:41:24","date_gmt":"2022-11-14T13:41:24","guid":{"rendered":"https:\/\/antcube.shop\/produkt\/klebefilm-glasklar\/"},"modified":"2026-04-13T09:29:49","modified_gmt":"2026-04-13T07:29:49","slug":"klebefilm-glasklar","status":"publish","type":"product","link":"https:\/\/antcube.shop\/de\/produkt\/klebefilm-glasklar\/","title":{"rendered":"Klebefolie glasklar"},"content":{"rendered":"<p><strong>Abmessungen (LxBxH):<\/strong> 10m x19 mm<\/p>\n<p><strong>Material:<\/strong> Polypropylen<\/p>\n<p><strong>Farbe:<\/strong> kristallklar \/ transparent<\/p>\n<p><strong>Inhalt:<\/strong><br \/>\n1x Rolle Klebefolie<\/p>\n<p><strong>Beschreibung:<\/strong><br \/>\nIdeal zum Anbringen von roter Abdeckfolie oder einer Fotor\u00fcckwand am Formicarium.<br \/>\nHat eine hohe Alterungsbest\u00e4ndigkeit, ist sehr rei\u00dffest und hat eine starke Haftkraft.<br \/>\nAuch zum Verkleben von Glasscheiben geeignet.<\/p>\n<p><strong>Anwendung:<\/strong><br \/>\nDas Klebeband kann mit einer Schere oder einem Cuttermesser geschnitten werden.<br \/>\nBefestigen Sie die Abdeckfolie oder das Foto wieder an der Formicariumscheibe und fixieren Sie sie dann mit dem Klebeband.<\/p>","protected":false},"excerpt":{"rendered":"<p>Abmessungen (LxBxH): 10m x19 mm Material: Polypropylen Farbe: glasklar \/ transparent Inhalt: 1x Rolle Klebefolie Beschreibung: Ideal zum Anbringen von roter Abdeckfolie oder einer Fotor\u00fcckwand am Formicarium. Hat eine hohe Alterungsbest\u00e4ndigkeit, ist sehr rei\u00dffest und hat eine starke Klebekraft. Auch zum Zusammenkleben von Glasscheiben geeignet. Anwendung:","protected":false},"featured_media":5007,"comment_status":"open","ping_status":"closed","template":"","meta":{"_acf_changed":false,"content-type":"","_monsterinsights_skip_tracking":false,"_monsterinsights_sitenote_active":false,"_monsterinsights_sitenote_note":"","_monsterinsights_sitenote_category":0},"product_brand":[],"product_cat":[237],"product_tag":[],"class_list":{"0":"post-4678","1":"product","2":"type-product","3":"status-publish","4":"has-post-thumbnail","6":"product_cat-tools","8":"first","9":"instock","10":"taxable","11":"shipping-taxable","12":"purchasable","13":"product-type-simple"},"acf":[],"aioseo_notices":[],"jetpack_sharing_enabled":true,"_links":{"self":[{"href":"https:\/\/antcube.shop\/de\/wp-json\/wp\/v2\/product\/4678","targetHints":{"allow":["GET"]}}],"collection":[{"href":"https:\/\/antcube.shop\/de\/wp-json\/wp\/v2\/product"}],"about":[{"href":"https:\/\/antcube.shop\/de\/wp-json\/wp\/v2\/types\/product"}],"replies":[{"embeddable":true,"href":"https:\/\/antcube.shop\/de\/wp-json\/wp\/v2\/comments?post=4678"}],"wp:featuredmedia":[{"embeddable":true,"href":"https:\/\/antcube.shop\/de\/wp-json\/wp\/v2\/media\/5007"}],"wp:attachment":[{"href":"https:\/\/antcube.shop\/de\/wp-json\/wp\/v2\/media?parent=4678"}],"wp:term":[{"taxonomy":"product_brand","embeddable":true,"href":"https:\/\/antcube.shop\/de\/wp-json\/wp\/v2\/product_brand?post=4678"},{"taxonomy":"product_cat","embeddable":true,"href":"https:\/\/antcube.shop\/de\/wp-json\/wp\/v2\/product_cat?post=4678"},{"taxonomy":"product_tag","embeddable":true,"href":"https:\/\/antcube.shop\/de\/wp-json\/wp\/v2\/product_tag?post=4678"}],"curies":[{"name":"wp","href":"https:\/\/api.w.org\/{rel}","templated":true}]}}