{"id":4661,"date":"2022-11-14T14:36:42","date_gmt":"2022-11-14T13:36:42","guid":{"rendered":"https:\/\/antcube.shop\/produkt\/spruhflasche-sprayer-05-liter-messingduse\/"},"modified":"2026-03-19T13:38:58","modified_gmt":"2026-03-19T12:38:58","slug":"spruhflasche-sprayer-05-liter-messingduse","status":"publish","type":"product","link":"https:\/\/antcube.shop\/de\/produkt\/spruhflasche-sprayer-05-liter-messingduse\/","title":{"rendered":"Spr\u00fchflasche Spr\u00fcher 0,5 Liter - Messingd\u00fcse"},"content":{"rendered":"<p><strong>Abmessungen:<\/strong> H\u00f6he: 22 cm, Volumen: 0,50 Liter<\/p>\n<p><strong>Farbe:<\/strong> Wei\u00df<\/p>\n<p><strong>Beschreibung:<\/strong> PVC-Spr\u00fchflasche mit Messingd\u00fcse - ideal zum manuellen Befeuchten des Formicariums.<\/p>","protected":false},"excerpt":{"rendered":"<p>Abmessungen: H\u00f6he: 22 cm, Volumen: 0,50 Liter Farbe: Wei\u00df Beschreibung: PVC-Spr\u00fchflasche mit Messingd\u00fcse - ideal f\u00fcr die manuelle Befeuchtung des Formicariums.<\/p>","protected":false},"featured_media":4827,"comment_status":"open","ping_status":"closed","template":"","meta":{"_acf_changed":false,"content-type":"","_monsterinsights_skip_tracking":false,"_monsterinsights_sitenote_active":false,"_monsterinsights_sitenote_note":"","_monsterinsights_sitenote_category":0},"product_brand":[],"product_cat":[237],"product_tag":[],"class_list":{"0":"post-4661","1":"product","2":"type-product","3":"status-publish","4":"has-post-thumbnail","6":"product_cat-tools","8":"first","9":"instock","10":"taxable","11":"shipping-taxable","12":"purchasable","13":"product-type-simple"},"acf":[],"aioseo_notices":[],"jetpack_sharing_enabled":true,"_links":{"self":[{"href":"https:\/\/antcube.shop\/de\/wp-json\/wp\/v2\/product\/4661","targetHints":{"allow":["GET"]}}],"collection":[{"href":"https:\/\/antcube.shop\/de\/wp-json\/wp\/v2\/product"}],"about":[{"href":"https:\/\/antcube.shop\/de\/wp-json\/wp\/v2\/types\/product"}],"replies":[{"embeddable":true,"href":"https:\/\/antcube.shop\/de\/wp-json\/wp\/v2\/comments?post=4661"}],"wp:featuredmedia":[{"embeddable":true,"href":"https:\/\/antcube.shop\/de\/wp-json\/wp\/v2\/media\/4827"}],"wp:attachment":[{"href":"https:\/\/antcube.shop\/de\/wp-json\/wp\/v2\/media?parent=4661"}],"wp:term":[{"taxonomy":"product_brand","embeddable":true,"href":"https:\/\/antcube.shop\/de\/wp-json\/wp\/v2\/product_brand?post=4661"},{"taxonomy":"product_cat","embeddable":true,"href":"https:\/\/antcube.shop\/de\/wp-json\/wp\/v2\/product_cat?post=4661"},{"taxonomy":"product_tag","embeddable":true,"href":"https:\/\/antcube.shop\/de\/wp-json\/wp\/v2\/product_tag?post=4661"}],"curies":[{"name":"wp","href":"https:\/\/api.w.org\/{rel}","templated":true}]}}