{"id":4660,"date":"2022-11-14T14:36:25","date_gmt":"2022-11-14T13:36:25","guid":{"rendered":"https:\/\/antcube.shop\/produkt\/wassergel-500ml-gebrauchsfertig\/"},"modified":"2026-04-09T19:27:16","modified_gmt":"2026-04-09T17:27:16","slug":"wassergel-500ml-gebrauchsfertig","status":"publish","type":"product","link":"https:\/\/antcube.shop\/de\/produkt\/wassergel-500ml-gebrauchsfertig\/","title":{"rendered":"Wasser-Gel 500ml - gebrauchsfertig"},"content":{"rendered":"<p><strong>Inhalt:<\/strong> 500 ml<\/p>\n<p><strong>Beschreibung:<\/strong> Wassergel ist Wasser in Gelform und daher sehr einfach und flexibel zu verwenden. Man braucht keinen Wassernapf, den die Tiere verschmutzen und darin ertrinken k\u00f6nnen, aber man kann sie mit diesem Gel trotzdem mit ausreichend Feuchtigkeit versorgen. Wassergel kann auch zur F\u00fctterung der Tiere verwendet werden, wodurch sie l\u00e4nger am Leben bleiben.<\/p>","protected":false},"excerpt":{"rendered":"<p>Inhalt: 500 ml Beschreibung: Wasser-Gel ist Wasser in Gelform und daher sehr einfach und flexibel in der Anwendung. Sie ben\u00f6tigen keinen Wassernapf, den die Tiere verschmutzen und darin ertrinken k\u00f6nnen, aber Sie k\u00f6nnen sie mit diesem Gel trotzdem mit ausreichend Feuchtigkeit versorgen. Wassergel kann auch zur F\u00fctterung der Tiere verwendet werden,","protected":false},"featured_media":5038,"comment_status":"open","ping_status":"closed","template":"","meta":{"_acf_changed":false,"content-type":"","_monsterinsights_skip_tracking":false,"_monsterinsights_sitenote_active":false,"_monsterinsights_sitenote_note":"","_monsterinsights_sitenote_category":0},"product_brand":[],"product_cat":[115,116],"product_tag":[],"class_list":{"0":"post-4660","1":"product","2":"type-product","3":"status-publish","4":"has-post-thumbnail","6":"product_cat-food-and-feeding","7":"product_cat-food","9":"first","10":"instock","11":"taxable","12":"shipping-taxable","13":"purchasable","14":"product-type-simple"},"acf":[],"aioseo_notices":[],"jetpack_sharing_enabled":true,"_links":{"self":[{"href":"https:\/\/antcube.shop\/de\/wp-json\/wp\/v2\/product\/4660","targetHints":{"allow":["GET"]}}],"collection":[{"href":"https:\/\/antcube.shop\/de\/wp-json\/wp\/v2\/product"}],"about":[{"href":"https:\/\/antcube.shop\/de\/wp-json\/wp\/v2\/types\/product"}],"replies":[{"embeddable":true,"href":"https:\/\/antcube.shop\/de\/wp-json\/wp\/v2\/comments?post=4660"}],"wp:featuredmedia":[{"embeddable":true,"href":"https:\/\/antcube.shop\/de\/wp-json\/wp\/v2\/media\/5038"}],"wp:attachment":[{"href":"https:\/\/antcube.shop\/de\/wp-json\/wp\/v2\/media?parent=4660"}],"wp:term":[{"taxonomy":"product_brand","embeddable":true,"href":"https:\/\/antcube.shop\/de\/wp-json\/wp\/v2\/product_brand?post=4660"},{"taxonomy":"product_cat","embeddable":true,"href":"https:\/\/antcube.shop\/de\/wp-json\/wp\/v2\/product_cat?post=4660"},{"taxonomy":"product_tag","embeddable":true,"href":"https:\/\/antcube.shop\/de\/wp-json\/wp\/v2\/product_tag?post=4660"}],"curies":[{"name":"wp","href":"https:\/\/api.w.org\/{rel}","templated":true}]}}