{"id":4658,"date":"2022-11-14T14:35:52","date_gmt":"2022-11-14T13:35:52","guid":{"rendered":"https:\/\/antcube.shop\/produkt\/waldhonig-wa-nachfullpack-10ml\/"},"modified":"2026-03-31T18:19:09","modified_gmt":"2026-03-31T16:19:09","slug":"waldhonig-wa-nachfullpack-10ml","status":"publish","type":"product","link":"https:\/\/antcube.shop\/de\/produkt\/waldhonig-wa-nachfullpack-10ml\/","title":{"rendered":"Waldhonig (Wa) - Nachf\u00fcllpackung 10ml"},"content":{"rendered":"<p><strong>Inhalt:<\/strong> 10 ml<\/p>\n<p><strong>Beschreibung:<\/strong> Es handelt sich um ein reines Naturprodukt. Der Honig stammt aus W\u00e4ldern und ist daher ideal f\u00fcr Ameisenarten, die in W\u00e4ldern heimisch sind.<\/p>\n<p><strong>Anwendung:<\/strong> Die Futterr\u00f6hre kann als Ganzes in das Formicarium gelegt werden, alternativ k\u00f6nnen kleinere Mengen in eine Futterschale gegeben werden, je nach Bedarf bzw. je nach Gr\u00f6\u00dfe der Kolonie. Die Futtermenge sollte innerhalb von etwa 3 Tagen verbraucht werden, da sonst die Gefahr von Schimmelpilzbildung besteht; aus demselben Grund sollte die Futterschale vor dem Nachf\u00fcllen gereinigt werden.<\/p>\n<p><strong>Verwendung:<\/strong><br \/>\nW\u00fcstenhonig = f\u00fcr honigfressende Ameisenarten (Meliphagidae).<br \/>\nEs handelt sich um ein Erg\u00e4nzungsfuttermittel (Einzelfuttermittel)<br \/>\nEs kann den Tieren im angelieferten Zustand angeboten werden. Da Feuchtigkeit die Zuckerkonzentration verringert und ein G\u00e4rungsprozess einsetzt, sollte das Futter alle 3 Tage ausgetauscht werden. Reinigen Sie den Futternapf\/die Tube vor der Wiederverwendung gr\u00fcndlich.<br \/>\nEine ge\u00f6ffnete Packung sollte fest verschlossen bis zum angegebenen Mindesthaltbarkeitsdatum verwendet werden.<\/p>\n<p><strong>Enth\u00e4lt:<\/strong> Inhaltsstoffe von Honig im Allgemeinen, wobei die Anteile je nach Honigsorte variieren.<br \/>\n- ca. 38 % Fruchtzucker (Fruktose)<br \/>\n- ca. 32 % Traubenzucker (Glukose)<br \/>\n- ca. 20 % Wasser<br \/>\n- ca. 5 % Mehrfachzucker<br \/>\n- ca. 5 %-Vitamine (B1, B2, B6, C, H)<br \/>\nMineralien (Kalium, Calcium, Kupfer, Eisen, Natrium, Magnesium, Phosphor, Zink und andere Spurenelemente) Aminos\u00e4uren (Prolin, Leucin, Phenylalanin, Alanin, Histidin, Isoleucin, Glutamins\u00e4ure, Arginin, Asparagins\u00e4ure usw.) Organische S\u00e4uren Enzyme (Fermente)Aromastoffe Inhibine (antibakterielle Substanzen) Bl\u00fctenpollen<\/p>\n<p><strong>Lagerung:<\/strong> Um die Qualit\u00e4t des Futters zu gew\u00e4hrleisten, sollte es an einem dunklen und trockenen Ort gelagert werden.<\/p>\n<p><strong>Hinweis:<\/strong><br \/>\nInformationen zur Verwendung der Futterr\u00f6hren finden Sie hier: Link<br \/>\nErg\u00e4nzungsfuttermittel f\u00fcr honigfressende Ameisen.<br \/>\nDie Zusammensetzung, die analytischen Bestandteile, das Mindesthaltbarkeitsdatum und die Chargennummer entnehmen Sie bitte der Packungsbeilage.<\/p>\n<p>Informations-Hotline +49 30 439703870<\/p>\n<p>Zust\u00e4ndige Veterin\u00e4r- und Lebensmittel\u00fcberwachungsbeh\u00f6rde:<br \/>\nVeterin\u00e4ramt Steglitz<br \/>\nK\u00f6nigin-Luise-Str. 92<br \/>\n14195 Berlin<\/p>","protected":false},"excerpt":{"rendered":"<p>Erg\u00e4nzende Lebensmittel<\/p>","protected":false},"featured_media":5050,"comment_status":"open","ping_status":"closed","template":"","meta":{"_acf_changed":false,"content-type":"","_monsterinsights_skip_tracking":false,"_monsterinsights_sitenote_active":false,"_monsterinsights_sitenote_note":"","_monsterinsights_sitenote_category":0},"product_brand":[],"product_cat":[115,116],"product_tag":[],"class_list":{"0":"post-4658","1":"product","2":"type-product","3":"status-publish","4":"has-post-thumbnail","6":"product_cat-food-and-feeding","7":"product_cat-food","9":"first","10":"instock","11":"taxable","12":"shipping-taxable","13":"purchasable","14":"product-type-simple"},"acf":[],"aioseo_notices":[],"jetpack_sharing_enabled":true,"_links":{"self":[{"href":"https:\/\/antcube.shop\/de\/wp-json\/wp\/v2\/product\/4658","targetHints":{"allow":["GET"]}}],"collection":[{"href":"https:\/\/antcube.shop\/de\/wp-json\/wp\/v2\/product"}],"about":[{"href":"https:\/\/antcube.shop\/de\/wp-json\/wp\/v2\/types\/product"}],"replies":[{"embeddable":true,"href":"https:\/\/antcube.shop\/de\/wp-json\/wp\/v2\/comments?post=4658"}],"wp:featuredmedia":[{"embeddable":true,"href":"https:\/\/antcube.shop\/de\/wp-json\/wp\/v2\/media\/5050"}],"wp:attachment":[{"href":"https:\/\/antcube.shop\/de\/wp-json\/wp\/v2\/media?parent=4658"}],"wp:term":[{"taxonomy":"product_brand","embeddable":true,"href":"https:\/\/antcube.shop\/de\/wp-json\/wp\/v2\/product_brand?post=4658"},{"taxonomy":"product_cat","embeddable":true,"href":"https:\/\/antcube.shop\/de\/wp-json\/wp\/v2\/product_cat?post=4658"},{"taxonomy":"product_tag","embeddable":true,"href":"https:\/\/antcube.shop\/de\/wp-json\/wp\/v2\/product_tag?post=4658"}],"curies":[{"name":"wp","href":"https:\/\/api.w.org\/{rel}","templated":true}]}}