{"id":4655,"date":"2022-11-14T14:35:04","date_gmt":"2022-11-14T13:35:04","guid":{"rendered":"https:\/\/antcube.shop\/produkt\/zucker-honiglosung-zh-nachfullpack-10ml\/"},"modified":"2026-04-15T09:42:21","modified_gmt":"2026-04-15T07:42:21","slug":"zucker-honiglosung-zh-nachfullpack-10ml","status":"publish","type":"product","link":"https:\/\/antcube.shop\/de\/produkt\/zucker-honiglosung-zh-nachfullpack-10ml\/","title":{"rendered":"Zucker-Honig-L\u00f6sung (ZH) - Nachf\u00fcllpackung 10ml"},"content":{"rendered":"<p><strong>Inhalt:<\/strong> 10 ml<\/p>\n<p><strong>Beschreibung:<\/strong> Dies ist ein Produkt, das aus verschiedenen Kohlenhydraten (wie Honig und Zucker) besteht.<\/p>\n<p><strong>Anwendung:<\/strong> Die Futterr\u00f6hre kann als Ganzes in das Formicarium gelegt werden, alternativ k\u00f6nnen je nach Bedarf bzw. Gr\u00f6\u00dfe der Kolonie kleinere Mengen in eine Futterschale gegeben werden. Die Futtermenge sollte innerhalb von etwa 3 Tagen verbraucht werden, da sonst die Gefahr von Schimmelpilzbildung besteht; aus demselben Grund ist die Futterschale vor dem Nachf\u00fcllen zu reinigen.<\/p>\n<p><strong>Verwendung:<\/strong><br \/>\nKohlenhydrathaltige Nahrung = f\u00fcr Zucker\/Honig fressende Ameisenarten.<br \/>\nEs ist ein Erg\u00e4nzungsfuttermittel (Mischfuttermittel)<br \/>\nEs kann mit einem Tropfen Wasser gemischt werden und ist in feuchtem Zustand 3 Tage lang haltbar. Reinigen Sie den Futternapf\/die Tube vor der Wiederverwendung gr\u00fcndlich.<br \/>\nEine ge\u00f6ffnete Packung sollte gut verschlossen (bei trockener Lagerung) bis zum angegebenen Mindesthaltbarkeitsdatum verwendet werden.<\/p>\n<p><strong>Enth\u00e4lt:<\/strong><br \/>\nFruktose 27 bis 44%,<br \/>\nGlukose 22 bis 41%,<br \/>\nSaccharose bis zu 5%,<br \/>\nMaltose 4 bis 14%,<br \/>\nandere Mehrfachzucker 1 bis 14%.<br \/>\n<strong>Fett:<\/strong> 0g<br \/>\n<strong>Kohlenhydrate:<\/strong> 92g<br \/>\n<strong>Eiwei\u00df:<\/strong> 0g<br \/>\n<strong>Salz:<\/strong> 0g<\/p>\n<p>Lagerung: Um die Qualit\u00e4t des Futters zu gew\u00e4hrleisten, sollte es an einem dunklen und trockenen Ort gelagert werden.<\/p>\n<p><strong>Hinweis:<\/strong><br \/>\nInformationen zur Verwendung der Futterr\u00f6hren finden Sie hier: Link<br \/>\nDie Zusammensetzung, die analytischen Bestandteile, das Mindesthaltbarkeitsdatum und die Chargennummer entnehmen Sie bitte der Packungsbeilage.<\/p>\n<p>Informations-Hotline +49 30 439703870<\/p>\n<p>Zust\u00e4ndige Veterin\u00e4r- und Lebensmittel\u00fcberwachungsbeh\u00f6rde:<br \/>\nVeterin\u00e4ramt Steglitz<br \/>\nK\u00f6nigin-Luise-Str. 92<br \/>\n14195 Berlin<\/p>","protected":false},"excerpt":{"rendered":"<p>Erg\u00e4nzende Lebensmittel<\/p>","protected":false},"featured_media":5058,"comment_status":"open","ping_status":"closed","template":"","meta":{"_acf_changed":false,"content-type":"","_monsterinsights_skip_tracking":false,"_monsterinsights_sitenote_active":false,"_monsterinsights_sitenote_note":"","_monsterinsights_sitenote_category":0},"product_brand":[],"product_cat":[115,116],"product_tag":[],"class_list":{"0":"post-4655","1":"product","2":"type-product","3":"status-publish","4":"has-post-thumbnail","6":"product_cat-food-and-feeding","7":"product_cat-food","9":"first","10":"outofstock","11":"taxable","12":"shipping-taxable","13":"purchasable","14":"product-type-simple"},"acf":[],"aioseo_notices":[],"jetpack_sharing_enabled":true,"_links":{"self":[{"href":"https:\/\/antcube.shop\/de\/wp-json\/wp\/v2\/product\/4655","targetHints":{"allow":["GET"]}}],"collection":[{"href":"https:\/\/antcube.shop\/de\/wp-json\/wp\/v2\/product"}],"about":[{"href":"https:\/\/antcube.shop\/de\/wp-json\/wp\/v2\/types\/product"}],"replies":[{"embeddable":true,"href":"https:\/\/antcube.shop\/de\/wp-json\/wp\/v2\/comments?post=4655"}],"wp:featuredmedia":[{"embeddable":true,"href":"https:\/\/antcube.shop\/de\/wp-json\/wp\/v2\/media\/5058"}],"wp:attachment":[{"href":"https:\/\/antcube.shop\/de\/wp-json\/wp\/v2\/media?parent=4655"}],"wp:term":[{"taxonomy":"product_brand","embeddable":true,"href":"https:\/\/antcube.shop\/de\/wp-json\/wp\/v2\/product_brand?post=4655"},{"taxonomy":"product_cat","embeddable":true,"href":"https:\/\/antcube.shop\/de\/wp-json\/wp\/v2\/product_cat?post=4655"},{"taxonomy":"product_tag","embeddable":true,"href":"https:\/\/antcube.shop\/de\/wp-json\/wp\/v2\/product_tag?post=4655"}],"curies":[{"name":"wp","href":"https:\/\/api.w.org\/{rel}","templated":true}]}}