{"id":4650,"date":"2022-11-14T14:33:45","date_gmt":"2022-11-14T13:33:45","guid":{"rendered":"https:\/\/antcube.shop\/produkt\/kornerfutter-major-ma-nachfullpack-20ml\/"},"modified":"2026-04-08T04:11:19","modified_gmt":"2026-04-08T02:11:19","slug":"kornerfutter-ma-ma-nachfullpack-20ml","status":"publish","type":"product","link":"https:\/\/antcube.shop\/de\/produkt\/kornerfutter-ma-ma-nachfullpack-20ml\/","title":{"rendered":"K\u00f6rnerfutter Major (Ma) - Nachf\u00fcllpackung 20ml"},"content":{"rendered":"<p><strong>Inhalt:<\/strong> 20 ml (entspricht etwa 14 g).<\/p>\n<p><strong>Beschreibung:<\/strong> Gr\u00f6\u00dfere K\u00f6rner\/Samen f\u00fcr gr\u00f6\u00dfere Kolonien von k\u00f6rnersammelnden Ameisenarten wie der Gattung Messor, die bereits gro\u00dfe Arbeiterameisen enthalten.<\/p>\n<p><strong>Hinweis:<\/strong><br \/>\nInformationen \u00fcber die Verwendung der Zuf\u00fchrungsr\u00f6hrchen finden Sie hier: Link<br \/>\nErg\u00e4nzungsfuttermittel f\u00fcr k\u00f6rnerfressende Ameisen.<br \/>\nDie Zusammensetzung, die analytischen Bestandteile, das Mindesthaltbarkeitsdatum und die Chargennummer entnehmen Sie bitte der Packungsbeilage.<\/p>\n<p>Informations-Hotline +49 30 439703870<\/p>\n<p>Zust\u00e4ndige Veterin\u00e4r- und Lebensmittel\u00fcberwachungsbeh\u00f6rde:<br \/>\nVeterin\u00e4ramt Steglitz<br \/>\nK\u00f6nigin-Luise-Str. 92<br \/>\n14195 Berlin<\/p>","protected":false},"excerpt":{"rendered":"<p>Erg\u00e4nzende Lebensmittel<\/p>","protected":false},"featured_media":5736,"comment_status":"open","ping_status":"closed","template":"","meta":{"_acf_changed":false,"content-type":"","_monsterinsights_skip_tracking":false,"_monsterinsights_sitenote_active":false,"_monsterinsights_sitenote_note":"","_monsterinsights_sitenote_category":0},"product_brand":[],"product_cat":[115,116],"product_tag":[],"class_list":{"0":"post-4650","1":"product","2":"type-product","3":"status-publish","4":"has-post-thumbnail","6":"product_cat-food-and-feeding","7":"product_cat-food","9":"first","10":"instock","11":"taxable","12":"shipping-taxable","13":"purchasable","14":"product-type-simple"},"acf":[],"aioseo_notices":[],"jetpack_sharing_enabled":true,"_links":{"self":[{"href":"https:\/\/antcube.shop\/de\/wp-json\/wp\/v2\/product\/4650","targetHints":{"allow":["GET"]}}],"collection":[{"href":"https:\/\/antcube.shop\/de\/wp-json\/wp\/v2\/product"}],"about":[{"href":"https:\/\/antcube.shop\/de\/wp-json\/wp\/v2\/types\/product"}],"replies":[{"embeddable":true,"href":"https:\/\/antcube.shop\/de\/wp-json\/wp\/v2\/comments?post=4650"}],"wp:featuredmedia":[{"embeddable":true,"href":"https:\/\/antcube.shop\/de\/wp-json\/wp\/v2\/media\/5736"}],"wp:attachment":[{"href":"https:\/\/antcube.shop\/de\/wp-json\/wp\/v2\/media?parent=4650"}],"wp:term":[{"taxonomy":"product_brand","embeddable":true,"href":"https:\/\/antcube.shop\/de\/wp-json\/wp\/v2\/product_brand?post=4650"},{"taxonomy":"product_cat","embeddable":true,"href":"https:\/\/antcube.shop\/de\/wp-json\/wp\/v2\/product_cat?post=4650"},{"taxonomy":"product_tag","embeddable":true,"href":"https:\/\/antcube.shop\/de\/wp-json\/wp\/v2\/product_tag?post=4650"}],"curies":[{"name":"wp","href":"https:\/\/api.w.org\/{rel}","templated":true}]}}