{"id":4648,"date":"2022-11-14T14:33:14","date_gmt":"2022-11-14T13:33:14","guid":{"rendered":"https:\/\/antcube.shop\/produkt\/himbeerblatter-100g-getrocknet\/"},"modified":"2026-04-21T18:47:04","modified_gmt":"2026-04-21T16:47:04","slug":"himbeerblatter-100g-getrocknet","status":"publish","type":"product","link":"https:\/\/antcube.shop\/de\/produkt\/himbeerblatter-100g-getrocknet\/","title":{"rendered":"Himbeerbl\u00e4tter 100g - getrocknet"},"content":{"rendered":"<p><strong>Inhalt:<\/strong><br \/>\n100 g getrocknete Himbeerbl\u00e4tter<\/p>\n<p><strong>Beschreibung:<\/strong><br \/>\nHimbeerbl\u00e4tter als N\u00e4hrboden f\u00fcr pilzbewohnende Ameisenarten. Es handelt sich um ein reines Naturprodukt.<\/p>\n<p><strong>Verwendung:<\/strong><br \/>\nHimbeerbl\u00e4tter = f\u00fcr pilzbr\u00fctende Ameisenarten.<br \/>\nDie trockenen Bl\u00e4tter dienen nur als N\u00e4hrboden f\u00fcr den Pilz der Blattschneiderameisen (es ist ratsam, gleichzeitig zuckerhaltige Fl\u00fcssigkeiten anzubieten, um die fehlenden Pflanzens\u00e4fte zu ersetzen). Legen Sie die zu f\u00fctternden Bl\u00e4tter einfach in eine Trockenfutterkammer. Frische Bl\u00e4tter werden von den Tieren jedoch bevorzugt. Getrocknete Bl\u00e4tter eignen sich daher am besten zur \u00dcberbr\u00fcckung von Zeiten, in denen keine angeboten werden k\u00f6nnen.<\/p>\n<p><strong>Lagerung:<\/strong><br \/>\nIn trockener Umgebung<\/p>\n<p><strong>Enth\u00e4lt:<\/strong><br \/>\n100% getrocknete Himbeerbl\u00e4tter<\/p>","protected":false},"excerpt":{"rendered":"<p>Erg\u00e4nzende Lebensmittel<\/p>","protected":false},"featured_media":5115,"comment_status":"open","ping_status":"closed","template":"","meta":{"_acf_changed":false,"content-type":"","_monsterinsights_skip_tracking":false,"_monsterinsights_sitenote_active":false,"_monsterinsights_sitenote_note":"","_monsterinsights_sitenote_category":0},"product_brand":[],"product_cat":[115,116],"product_tag":[],"class_list":{"0":"post-4648","1":"product","2":"type-product","3":"status-publish","4":"has-post-thumbnail","6":"product_cat-food-and-feeding","7":"product_cat-food","9":"first","10":"instock","11":"taxable","12":"shipping-taxable","13":"purchasable","14":"product-type-simple"},"acf":[],"aioseo_notices":[],"jetpack_sharing_enabled":true,"_links":{"self":[{"href":"https:\/\/antcube.shop\/de\/wp-json\/wp\/v2\/product\/4648","targetHints":{"allow":["GET"]}}],"collection":[{"href":"https:\/\/antcube.shop\/de\/wp-json\/wp\/v2\/product"}],"about":[{"href":"https:\/\/antcube.shop\/de\/wp-json\/wp\/v2\/types\/product"}],"replies":[{"embeddable":true,"href":"https:\/\/antcube.shop\/de\/wp-json\/wp\/v2\/comments?post=4648"}],"wp:featuredmedia":[{"embeddable":true,"href":"https:\/\/antcube.shop\/de\/wp-json\/wp\/v2\/media\/5115"}],"wp:attachment":[{"href":"https:\/\/antcube.shop\/de\/wp-json\/wp\/v2\/media?parent=4648"}],"wp:term":[{"taxonomy":"product_brand","embeddable":true,"href":"https:\/\/antcube.shop\/de\/wp-json\/wp\/v2\/product_brand?post=4648"},{"taxonomy":"product_cat","embeddable":true,"href":"https:\/\/antcube.shop\/de\/wp-json\/wp\/v2\/product_cat?post=4648"},{"taxonomy":"product_tag","embeddable":true,"href":"https:\/\/antcube.shop\/de\/wp-json\/wp\/v2\/product_tag?post=4648"}],"curies":[{"name":"wp","href":"https:\/\/api.w.org\/{rel}","templated":true}]}}