{"id":4647,"date":"2022-11-14T14:32:59","date_gmt":"2022-11-14T13:32:59","guid":{"rendered":"https:\/\/antcube.shop\/produkt\/jelly-food-weises-protein-16g\/"},"modified":"2025-10-19T14:34:34","modified_gmt":"2025-10-19T12:34:34","slug":"gelee-lebensmittel-wiesen-eiweis-16g","status":"publish","type":"product","link":"https:\/\/antcube.shop\/de\/produkt\/gelee-lebensmittel-wiesen-eiweis-16g\/","title":{"rendered":"Jelly Food wei\u00dfes Eiwei\u00df 16g"},"content":{"rendered":"<p><strong>Menge:<\/strong> 16g<\/p>\n<p><strong>Zutaten:<\/strong><br \/>\nZusammensetzung: Wasser, Fruktosesirup, Zucker<br \/>\nAnalytische Bestandteile: Feuchtigkeitsgehalt 65%<\/p>\n<p><strong>Verwendung:<\/strong><br \/>\nF\u00fcr fruchtfressende Ameisenarten.<br \/>\nMischfuttermittel als Erg\u00e4nzungsfuttermittel<br \/>\nSollte 2-3 Mal pro Woche fruchtfressenden Ameisenarten angeboten werden.<br \/>\nEs kann den Tieren im angelieferten Zustand angeboten werden. Bei Zimmertemperatur kann das Gelee schnell schimmeln. Daher sollte das Futter mindestens alle 3 Tage ausgetauscht werden. Reinigen Sie den Futternapf vor der Wiederverwendung gr\u00fcndlich.<\/p>\n<p><strong>Haltbarkeitsdauer:<\/strong><br \/>\nVerschlossen ist das Gelee mindestens 1 Jahr haltbar (siehe Mindesthaltbarkeitsdatum auf der Verpackung); ge\u00f6ffnet sollte es im K\u00fchlschrank aufbewahrt und innerhalb von 5-7 Tagen verbraucht werden. Sie k\u00f6nnen es auch im Gefrierschrank einfrieren und bei Bedarf kleine Mengen auftauen.<\/p>\n<p><strong>Hinweis:<\/strong><br \/>\nDie Zusammensetzung, die analytischen Bestandteile, die Chargennummer und das Mindesthaltbarkeitsdatum (MHD) entnehmen Sie bitte der Packungsbeilage.<\/p>\n<p>Informations-Hotline (Fax): +49 2065-67290<\/p>\n<p>Zust\u00e4ndiges Veterin\u00e4r- und Lebensmittelinspektorat:<br \/>\nAmtlicher Tierarzt \/ Veterin\u00e4rsachverst\u00e4ndiger.<br \/>\nAm Schnabelhuck 6<br \/>\n47049 Duisburg<\/p>","protected":false},"excerpt":{"rendered":"<p>Erg\u00e4nzende Lebensmittel<\/p>","protected":false},"featured_media":5081,"comment_status":"open","ping_status":"closed","template":"","meta":{"_acf_changed":false,"content-type":"","_monsterinsights_skip_tracking":false,"_monsterinsights_sitenote_active":false,"_monsterinsights_sitenote_note":"","_monsterinsights_sitenote_category":0},"product_brand":[],"product_cat":[115,116],"product_tag":[],"class_list":{"0":"post-4647","1":"product","2":"type-product","3":"status-publish","4":"has-post-thumbnail","6":"product_cat-food-and-feeding","7":"product_cat-food","9":"first","10":"outofstock","11":"taxable","12":"shipping-taxable","13":"purchasable","14":"product-type-simple"},"acf":[],"aioseo_notices":[],"jetpack_sharing_enabled":true,"_links":{"self":[{"href":"https:\/\/antcube.shop\/de\/wp-json\/wp\/v2\/product\/4647","targetHints":{"allow":["GET"]}}],"collection":[{"href":"https:\/\/antcube.shop\/de\/wp-json\/wp\/v2\/product"}],"about":[{"href":"https:\/\/antcube.shop\/de\/wp-json\/wp\/v2\/types\/product"}],"replies":[{"embeddable":true,"href":"https:\/\/antcube.shop\/de\/wp-json\/wp\/v2\/comments?post=4647"}],"wp:featuredmedia":[{"embeddable":true,"href":"https:\/\/antcube.shop\/de\/wp-json\/wp\/v2\/media\/5081"}],"wp:attachment":[{"href":"https:\/\/antcube.shop\/de\/wp-json\/wp\/v2\/media?parent=4647"}],"wp:term":[{"taxonomy":"product_brand","embeddable":true,"href":"https:\/\/antcube.shop\/de\/wp-json\/wp\/v2\/product_brand?post=4647"},{"taxonomy":"product_cat","embeddable":true,"href":"https:\/\/antcube.shop\/de\/wp-json\/wp\/v2\/product_cat?post=4647"},{"taxonomy":"product_tag","embeddable":true,"href":"https:\/\/antcube.shop\/de\/wp-json\/wp\/v2\/product_tag?post=4647"}],"curies":[{"name":"wp","href":"https:\/\/api.w.org\/{rel}","templated":true}]}}