{"id":4639,"date":"2022-11-14T14:30:55","date_gmt":"2022-11-14T13:30:55","guid":{"rendered":"https:\/\/antcube.shop\/produkt\/durchgangsschieber-s\/"},"modified":"2026-03-02T12:58:53","modified_gmt":"2026-03-02T11:58:53","slug":"durchgangschieber-s","status":"publish","type":"product","link":"https:\/\/antcube.shop\/de\/produkt\/durchgangschieber-s\/","title":{"rendered":"Durchgangsschieber - S"},"content":{"rendered":"<p><strong>Abmessungen:<\/strong> 78 x 12 x 52 mm f\u00fcr 10\/6mm Rohre oder Ameisenfarm Gr\u00f6\u00dfe S<\/p>\n<p><strong>Material:<\/strong> PMMA<\/p>\n<p><strong>Farben:<\/strong> transparent, grau<\/p>\n<p><strong>Inhalt:<\/strong> 1x Durchgangsschieber<\/p>\n<p><strong>Beschreibung:<\/strong> Der Durchgangsschieber verschlie\u00dft oder \u00f6ffnet den Durchgang der Ameisen in einer R\u00f6hre oder zwischen zwei Formicarien.<br \/>\nEr ist transparent, so dass man beim \"Schlie\u00dfen\" sehen kann, ob sich Ameisen dazwischen befinden. Der Absperrschieber wird auch zur Kontrolle und Regulierung von Ameisenstra\u00dfen in Schl\u00e4uchen verwendet.<\/p>\n<p><strong>Hinweis zur Bewerbung<\/strong><br \/>\nAufgrund der filigranen Konstruktion ist beim Anbringen oder Abnehmen von Schl\u00e4uchen Folgendes zu beachten:<br \/>\nWenn sich der Schlauch nur sehr schwer auf die Anschlussbuchse aufstecken l\u00e4sst, sollte die Buchse leicht mit einem Tropfen unseres Ausbruchsicherungs\u00f6ls oder -pulvers eingerieben werden. Der Schlauch sollte dann durch Dreh- oder Schraubbewegungen auf die Buchse geschoben werden, ohne die Buchse durch Auf- und Abbewegungen zu belasten. Das Gleiche gilt f\u00fcr das Abziehen der Schl\u00e4uche von der Durchf\u00fchrungsschiene. Bitte nicht einfach abziehen!<\/p>","protected":false},"excerpt":{"rendered":"<p>Abmessungen: 78 x 12 x 52 mm f\u00fcr 10\/6mm Rohre oder Ameisenfarm Gr\u00f6\u00dfe S Material: PMMA Farben: transparent, grau Inhalt: 1x Durchgangsschieber Beschreibung: Der Durchgangsschieber verschlie\u00dft oder \u00f6ffnet den Durchgang der Ameisen in einer R\u00f6hre oder zwischen zwei Formicarien. Er ist transparent, so dass man sehen kann, ob sich Ameisen dazwischen befinden.","protected":false},"featured_media":5170,"comment_status":"open","ping_status":"closed","template":"","meta":{"_acf_changed":false,"content-type":"","_monsterinsights_skip_tracking":false,"_monsterinsights_sitenote_active":false,"_monsterinsights_sitenote_note":"","_monsterinsights_sitenote_category":0},"product_brand":[],"product_cat":[121],"product_tag":[],"class_list":{"0":"post-4639","1":"product","2":"type-product","3":"status-publish","4":"has-post-thumbnail","6":"product_cat-connectors","8":"first","9":"instock","10":"taxable","11":"shipping-taxable","12":"purchasable","13":"product-type-simple"},"acf":[],"aioseo_notices":[],"jetpack_sharing_enabled":true,"_links":{"self":[{"href":"https:\/\/antcube.shop\/de\/wp-json\/wp\/v2\/product\/4639","targetHints":{"allow":["GET"]}}],"collection":[{"href":"https:\/\/antcube.shop\/de\/wp-json\/wp\/v2\/product"}],"about":[{"href":"https:\/\/antcube.shop\/de\/wp-json\/wp\/v2\/types\/product"}],"replies":[{"embeddable":true,"href":"https:\/\/antcube.shop\/de\/wp-json\/wp\/v2\/comments?post=4639"}],"wp:featuredmedia":[{"embeddable":true,"href":"https:\/\/antcube.shop\/de\/wp-json\/wp\/v2\/media\/5170"}],"wp:attachment":[{"href":"https:\/\/antcube.shop\/de\/wp-json\/wp\/v2\/media?parent=4639"}],"wp:term":[{"taxonomy":"product_brand","embeddable":true,"href":"https:\/\/antcube.shop\/de\/wp-json\/wp\/v2\/product_brand?post=4639"},{"taxonomy":"product_cat","embeddable":true,"href":"https:\/\/antcube.shop\/de\/wp-json\/wp\/v2\/product_cat?post=4639"},{"taxonomy":"product_tag","embeddable":true,"href":"https:\/\/antcube.shop\/de\/wp-json\/wp\/v2\/product_tag?post=4639"}],"curies":[{"name":"wp","href":"https:\/\/api.w.org\/{rel}","templated":true}]}}