{"id":4638,"date":"2022-11-14T14:30:39","date_gmt":"2022-11-14T13:30:39","guid":{"rendered":"https:\/\/antcube.shop\/produkt\/durchgangsschieber-m\/"},"modified":"2026-04-01T13:28:12","modified_gmt":"2026-04-01T11:28:12","slug":"durchgangschieber-m","status":"publish","type":"product","link":"https:\/\/antcube.shop\/de\/produkt\/durchgangschieber-m\/","title":{"rendered":"Durchgangsschieber - M"},"content":{"rendered":"<p><strong>Abmessungen:<\/strong> 78 x 17 x 53 mm f\u00fcr 14\/10mm Rohre oder Ameisenfarm Gr\u00f6\u00dfe M<\/p>\n<p><strong>Material:<\/strong> PMMA<\/p>\n<p><strong>Farben:<\/strong> transparent, grau<\/p>\n<p><strong>Inhalt:<\/strong> 1x Durchgangsschieber<\/p>\n<p><strong>Beschreibung:<\/strong> Der Durchgangsschieber verschlie\u00dft oder \u00f6ffnet den Durchgang der Ameisen in einer R\u00f6hre oder zwischen zwei Formicarien.<br \/>\nEr ist durchsichtig, so dass man beim \"Schlie\u00dfen\" sehen kann, ob sich Ameisen dazwischen befinden. Der Absperrschieber wird auch zur Kontrolle und Regulierung des Ameisenstroms in Rohren verwendet.<\/p>\n<p><strong>Hinweis zur Bewerbung<\/strong><br \/>\nAufgrund der filigranen Konstruktion ist beim Anbringen oder Abnehmen von Schl\u00e4uchen Folgendes zu beachten:<br \/>\nWenn der Schlauch sehr schwer auf die Anschlussbuchse passt, sollte die Buchse leicht mit einem Tropfen unseres Ausbruchsicherungs\u00f6ls oder -pulvers eingerieben werden. Der Schlauch sollte dann durch Dreh- oder Schraubbewegungen auf die Buchse geschoben werden, ohne die Buchse durch Auf- und Abbewegungen zu belasten. Das Gleiche gilt f\u00fcr das Abziehen der Schl\u00e4uche von der Durchf\u00fchrungsschiene. Bitte ziehen Sie sie nicht einfach ab!<\/p>\n<p><strong>Informationen aktualisieren:<\/strong><br \/>\n15.12.2020 Produktverbesserung: Die Stangen wurden um 3 mm verst\u00e4rkt.<\/p>","protected":false},"excerpt":{"rendered":"<p>Abmessungen: 78 x 17 x 53 mm f\u00fcr 14\/10mm R\u00f6hren oder Ameisenfarm Gr\u00f6\u00dfe M Material: PMMA Farben: transparent, grau Inhalt: 1x Durchgangsschieber Beschreibung: Der Durchgangsschieber verschlie\u00dft oder \u00f6ffnet den Durchgang der Ameisen in einer R\u00f6hre oder zwischen zwei Formicarien. Er ist transparent, so dass man sehen kann, ob sich Ameisen dazwischen befinden.","protected":false},"featured_media":5172,"comment_status":"open","ping_status":"closed","template":"","meta":{"_acf_changed":false,"content-type":"","_monsterinsights_skip_tracking":false,"_monsterinsights_sitenote_active":false,"_monsterinsights_sitenote_note":"","_monsterinsights_sitenote_category":0},"product_brand":[],"product_cat":[121],"product_tag":[],"class_list":{"0":"post-4638","1":"product","2":"type-product","3":"status-publish","4":"has-post-thumbnail","6":"product_cat-connectors","8":"first","9":"instock","10":"taxable","11":"shipping-taxable","12":"purchasable","13":"product-type-simple"},"acf":[],"aioseo_notices":[],"jetpack_sharing_enabled":true,"_links":{"self":[{"href":"https:\/\/antcube.shop\/de\/wp-json\/wp\/v2\/product\/4638","targetHints":{"allow":["GET"]}}],"collection":[{"href":"https:\/\/antcube.shop\/de\/wp-json\/wp\/v2\/product"}],"about":[{"href":"https:\/\/antcube.shop\/de\/wp-json\/wp\/v2\/types\/product"}],"replies":[{"embeddable":true,"href":"https:\/\/antcube.shop\/de\/wp-json\/wp\/v2\/comments?post=4638"}],"wp:featuredmedia":[{"embeddable":true,"href":"https:\/\/antcube.shop\/de\/wp-json\/wp\/v2\/media\/5172"}],"wp:attachment":[{"href":"https:\/\/antcube.shop\/de\/wp-json\/wp\/v2\/media?parent=4638"}],"wp:term":[{"taxonomy":"product_brand","embeddable":true,"href":"https:\/\/antcube.shop\/de\/wp-json\/wp\/v2\/product_brand?post=4638"},{"taxonomy":"product_cat","embeddable":true,"href":"https:\/\/antcube.shop\/de\/wp-json\/wp\/v2\/product_cat?post=4638"},{"taxonomy":"product_tag","embeddable":true,"href":"https:\/\/antcube.shop\/de\/wp-json\/wp\/v2\/product_tag?post=4638"}],"curies":[{"name":"wp","href":"https:\/\/api.w.org\/{rel}","templated":true}]}}