{"id":4637,"date":"2022-11-14T14:30:23","date_gmt":"2022-11-14T13:30:23","guid":{"rendered":"https:\/\/antcube.shop\/produkt\/durchgangsschieber-l\/"},"modified":"2026-04-20T09:56:45","modified_gmt":"2026-04-20T07:56:45","slug":"durchgangschieber-l","status":"publish","type":"product","link":"https:\/\/antcube.shop\/de\/produkt\/durchgangschieber-l\/","title":{"rendered":"Durchgangsschieber - L"},"content":{"rendered":"<p><strong>Abmessungen:<\/strong> 78 x 27 x 53 mm f\u00fcr 14\/16\/18\/20 mm Schl\u00e4uche oder Ameisenfarm Gr\u00f6\u00dfe L<\/p>\n<p>Der 14\/10-Schlauch wird fest in die 14-mm-Buchse gesteckt.<br \/>\nDas 20\/16-Rohr wird auf der ersten 16-mm-Stufe befestigt.<br \/>\n22\/18-Rohr wird auf der zweiten 20-mm-Stufe befestigt<br \/>\nDer 24\/20-Schlauch wird lose auf die zweite 20-mm-Stufe montiert.<\/p>\n<p><strong>Material:<\/strong> PMMA<\/p>\n<p><strong>Farben:<\/strong> kristallklar, grau<\/p>\n<p><strong>Inhalt:<\/strong> 1x Schieber mit Durchgangsbohrung<\/p>\n<p><strong>Beschreibung:<\/strong> Der Durchgangsschieber blockiert oder \u00f6ffnet den Durchgang von Ameisen in einer R\u00f6hre oder zwischen zwei Formicarien.<br \/>\nEr ist transparent, so dass man beim \"Schlie\u00dfen\" sehen kann, ob sich Ameisen dazwischen befinden. Der Absperrschieber wird auch zur Kontrolle und Regulierung des Ameisenflusses in Schl\u00e4uchen verwendet.<\/p>\n<p>Hinweis zur Bewerbung<br \/>\nAufgrund der filigranen Bauweise ist beim Anbringen oder L\u00f6sen von Schl\u00e4uchen folgendes zu beachten:<br \/>\nWenn sich der Schlauch nur sehr schwer auf die Anschlussbuchse aufstecken l\u00e4sst, sollte die Buchse leicht mit einem Tropfen unseres Ausbruchsicherungs\u00f6ls oder -pulvers eingerieben werden. Der Schlauch sollte dann durch Dreh- oder Schraubbewegungen auf die Buchse geschoben werden, ohne die Buchse durch Auf- und Abbewegungen zu belasten. Das Gleiche gilt f\u00fcr das Abziehen der Schl\u00e4uche von der Durchf\u00fchrungsschiene. Bitte ziehen Sie sie nicht einfach ab!<\/p>\n<p><strong>Aktualisierung:<\/strong><br \/>\n15.12.2020 Produktverbesserung: Die St\u00e4be wurden um 3 mm verst\u00e4rkt.<\/p>","protected":false},"excerpt":{"rendered":"<p>Abmessungen: 78 x 27 x 53 mm f\u00fcr 14\/16\/18\/20-mm-Schl\u00e4uche oder Ameisenfarm Gr\u00f6\u00dfe L 14\/10-Schl\u00e4uche werden fest in die 14-mm-Buchse gesteckt 20\/16-Schl\u00e4uche werden auf der ersten 16-mm-Stufe befestigt 22\/18-Schl\u00e4uche werden auf der zweiten 20-mm-Stufe befestigt 24\/20-Schl\u00e4uche werden lose auf der zweiten 20-mm-Stufe befestigt Material: PMMA Farben: Kristall","protected":false},"featured_media":5606,"comment_status":"open","ping_status":"closed","template":"","meta":{"_acf_changed":false,"content-type":"","_monsterinsights_skip_tracking":false,"_monsterinsights_sitenote_active":false,"_monsterinsights_sitenote_note":"","_monsterinsights_sitenote_category":0},"product_brand":[],"product_cat":[121],"product_tag":[],"class_list":{"0":"post-4637","1":"product","2":"type-product","3":"status-publish","4":"has-post-thumbnail","6":"product_cat-connectors","8":"first","9":"instock","10":"taxable","11":"shipping-taxable","12":"purchasable","13":"product-type-simple"},"acf":[],"aioseo_notices":[],"jetpack_sharing_enabled":true,"_links":{"self":[{"href":"https:\/\/antcube.shop\/de\/wp-json\/wp\/v2\/product\/4637","targetHints":{"allow":["GET"]}}],"collection":[{"href":"https:\/\/antcube.shop\/de\/wp-json\/wp\/v2\/product"}],"about":[{"href":"https:\/\/antcube.shop\/de\/wp-json\/wp\/v2\/types\/product"}],"replies":[{"embeddable":true,"href":"https:\/\/antcube.shop\/de\/wp-json\/wp\/v2\/comments?post=4637"}],"wp:featuredmedia":[{"embeddable":true,"href":"https:\/\/antcube.shop\/de\/wp-json\/wp\/v2\/media\/5606"}],"wp:attachment":[{"href":"https:\/\/antcube.shop\/de\/wp-json\/wp\/v2\/media?parent=4637"}],"wp:term":[{"taxonomy":"product_brand","embeddable":true,"href":"https:\/\/antcube.shop\/de\/wp-json\/wp\/v2\/product_brand?post=4637"},{"taxonomy":"product_cat","embeddable":true,"href":"https:\/\/antcube.shop\/de\/wp-json\/wp\/v2\/product_cat?post=4637"},{"taxonomy":"product_tag","embeddable":true,"href":"https:\/\/antcube.shop\/de\/wp-json\/wp\/v2\/product_tag?post=4637"}],"curies":[{"name":"wp","href":"https:\/\/api.w.org\/{rel}","templated":true}]}}