{"id":4629,"date":"2022-11-14T14:28:18","date_gmt":"2022-11-14T13:28:18","guid":{"rendered":"https:\/\/antcube.shop\/produkt\/antcube-ameisenfarm-l-30x30-wand\/"},"modified":"2026-03-23T17:45:00","modified_gmt":"2026-03-23T16:45:00","slug":"antcube-ameisenfarm-l-30x30-wand","status":"publish","type":"product","link":"https:\/\/antcube.shop\/de\/produkt\/antcube-ameisenfarm-l-30x30-wand\/","title":{"rendered":"ANTCUBE - Ameisenfarm - L - 30\u00d730 - Wand"},"content":{"rendered":"<p><strong>Au\u00dferhalb:<\/strong> 32,5 x 32,5 cm \/ Innen: 29,2 x 29,2 cm<\/p>\n<p><strong>Material:<\/strong><br \/>\nFloatglas, Holz, PMMA<\/p>\n<p><strong>Farbe:<\/strong><br \/>\nkristallklar, wei\u00df<\/p>\n<p><strong>Inhalt:<\/strong><br \/>\n1x Ameisenfarm 20mm Plattenabstand mit Wandmontage.<br \/>\n1x Abdeckung<br \/>\n1x Holzrahmen wei\u00df lackiert mit Magnetverschluss<br \/>\n2x Abstandshalter f\u00fcr Nesteins\u00e4tze<br \/>\n6x Schrauben und D\u00fcbel (f\u00fcr Holz\/Steinwand)<\/p>\n<p><strong>Verbindung:<\/strong><br \/>\n2x 14\/16\/18\/20 x 20mm Buchse<\/p>\n<p>Der 14\/10-Schlauch wird mit festem Sitz in die 14-mm-Muffe eingef\u00fchrt.<br \/>\nDer 20\/16-Schlauch wird fest auf die erste 16-mm-Stufe aufgesteckt.<\/p>\n<p><strong>Beschreibung:<\/strong><br \/>\nDiese Ameisenfarmen sind f\u00fcr die Wandmontage konzipiert und lassen sich leicht an Holz- und Steinw\u00e4nden anbringen.<br \/>\nDer Rahmen ist aus echtem Naturholz gefertigt und wei\u00df lackiert, in einem modernen, zeitlosen Design.<br \/>\nDieser Rahmen kann zum \u00d6ffnen der Farm abgenommen und \u00fcber einen Magnethalter wieder an der Farm befestigt werden.<\/p>\n<p><strong>Montageanleitung:<\/strong><br \/>\nUm die 6 D\u00fcbel \"S6\" in der Wand zu befestigen, ben\u00f6tigen Sie einen Bohrer mit einem 6-mm-Bohrer (je nach Material Holz oder Stein).<br \/>\nEs m\u00fcssen 40 mm tiefe L\u00f6cher in die Wand gebohrt werden, um die D\u00fcbel mit den 4x30 mm Schrauben zu versenken.<\/p>\n<p><strong>Hinweise zur Produktion<\/strong><br \/>\nDas Glas ist nach DIN 1249 mit einer Toleranz von +\/- 1mm geschliffen. F\u00fcr extrem kleine Ameisenarten ist ein zus\u00e4tzlicher Ausbruchsschutz erforderlich.<\/p>\n<p><strong>Anmerkung zum Bauernhof<\/strong><br \/>\nBeim Anbringen oder Entfernen von Schl\u00e4uchen ist Folgendes zu beachten:<br \/>\nWenn sich der Schlauch nur sehr schwer auf die Anschlussbuchse aufstecken l\u00e4sst, sollte die Buchse leicht mit einem Tropfen unseres Ausbruchsicherungs\u00f6ls oder -pulvers eingerieben werden. Der Schlauch sollte dann durch Dreh- oder Schraubbewegungen auf die Buchse geschoben werden, ohne die Buchse durch Auf- und Abbewegungen zu belasten. Das Gleiche gilt f\u00fcr das Abziehen der Schl\u00e4uche von der Anschlussbuchse des Betriebes. Bitte nicht einfach abziehen!<\/p>","protected":false},"excerpt":{"rendered":"<p><strong>Verbindung:<\/strong> Buchse 2x 14\/16 x 20mm; <strong>Abstand der Platten:<\/strong> innen 20mm<br \/>\n<strong>Gr\u00f6\u00dfe:<\/strong> <span style=\"color: #0000ff;\"><strong>L<\/strong> <\/span><\/p>","protected":false},"featured_media":5188,"comment_status":"open","ping_status":"closed","template":"","meta":{"_acf_changed":false,"content-type":"","_monsterinsights_skip_tracking":false,"_monsterinsights_sitenote_active":false,"_monsterinsights_sitenote_note":"","_monsterinsights_sitenote_category":0},"product_brand":[],"product_cat":[80,83],"product_tag":[],"class_list":{"0":"post-4629","1":"product","2":"type-product","3":"status-publish","4":"has-post-thumbnail","6":"product_cat-antfarms","7":"product_cat-antfarms-l","9":"first","10":"instock","11":"taxable","12":"shipping-taxable","13":"purchasable","14":"product-type-simple"},"acf":[],"aioseo_notices":[],"jetpack_sharing_enabled":true,"_links":{"self":[{"href":"https:\/\/antcube.shop\/de\/wp-json\/wp\/v2\/product\/4629","targetHints":{"allow":["GET"]}}],"collection":[{"href":"https:\/\/antcube.shop\/de\/wp-json\/wp\/v2\/product"}],"about":[{"href":"https:\/\/antcube.shop\/de\/wp-json\/wp\/v2\/types\/product"}],"replies":[{"embeddable":true,"href":"https:\/\/antcube.shop\/de\/wp-json\/wp\/v2\/comments?post=4629"}],"wp:featuredmedia":[{"embeddable":true,"href":"https:\/\/antcube.shop\/de\/wp-json\/wp\/v2\/media\/5188"}],"wp:attachment":[{"href":"https:\/\/antcube.shop\/de\/wp-json\/wp\/v2\/media?parent=4629"}],"wp:term":[{"taxonomy":"product_brand","embeddable":true,"href":"https:\/\/antcube.shop\/de\/wp-json\/wp\/v2\/product_brand?post=4629"},{"taxonomy":"product_cat","embeddable":true,"href":"https:\/\/antcube.shop\/de\/wp-json\/wp\/v2\/product_cat?post=4629"},{"taxonomy":"product_tag","embeddable":true,"href":"https:\/\/antcube.shop\/de\/wp-json\/wp\/v2\/product_tag?post=4629"}],"curies":[{"name":"wp","href":"https:\/\/api.w.org\/{rel}","templated":true}]}}