{"id":4626,"date":"2022-11-14T14:27:28","date_gmt":"2022-11-14T13:27:28","guid":{"rendered":"https:\/\/antcube.shop\/produkt\/bundle-offer-starter-set-kork-camponotus-nicobarensis-cricket-jam\/"},"modified":"2026-04-25T16:20:14","modified_gmt":"2026-04-25T14:20:14","slug":"bundle-offer-starter-set-kork-camponotus-nicobarensis-cricket-jam","status":"publish","type":"product","link":"https:\/\/antcube.shop\/de\/produkt\/bundle-offer-starter-set-kork-camponotus-nicobarensis-cricket-jam\/","title":{"rendered":"B\u00fcndelangebot - Camponotus nicobarensis"},"content":{"rendered":"<p><span data-text-color=\"secondary\"><strong>Paketangebot mit einer Camponotus nicobarensis-Ameisenkolonie (K\u00f6nigin + 5\u201310 Arbeiterinnen + Brut), einem Kork-Starter-Set, 2x Formicarium-Pads, einer Nachf\u00fcllpackung Honigtau-Mix 10 ml und einem Glas unserer speziellen Grillenmarmelade 25 g (feuchtes Protein).<\/strong><\/span><\/p>\n<p><span data-text-color=\"alert\"><strong>Nur solange der Vorrat reicht.<\/strong><\/span><\/p>\n<p><strong>Alles, was Sie f\u00fcr eine Camponotus nicobarensis-Ameisenkolonie ben\u00f6tigen<\/strong><br \/>\nDieses Paket enth\u00e4lt alles, was Sie brauchen, um eine Camponotus nicobarensis-Kolonie erfolgreich durch die ersten Monate zu bringen. Es ist flexibel erweiterbar und ausdr\u00fccklich auch f\u00fcr Anf\u00e4nger in der Ameisenhaltung geeignet.<\/p>\n<p><strong>Ameisenart Camponotus nicobarensis<\/strong><br \/>\nCamponotus nicobarensis ist eine relativ gro\u00dfe Art der Gattung Camponotus und entwickelt sich im Gegensatz zu anderen Camponotus-Arten recht schnell. Sie ist daher sehr gut f\u00fcr Anf\u00e4nger in der Ameisenhaltung geeignet. Au\u00dferdem muss sie keinen Winterschlaf halten und kann daher auch im Winter leicht zu Hause beobachtet werden. In freier Wildbahn lebt sie unter anderem in den Halbw\u00fcsten und Steppen S\u00fcdostasiens, aber auch in feuchteren Regionen. Aufgrund seines sehr gro\u00dfen Verbreitungsgebietes ist er tolerant gegen\u00fcber Temperatur und Feuchtigkeit.<\/p>\n<p><strong>Nahrung f\u00fcr Camponotus nicobarensis<\/strong><br \/>\nCamponotus nicobarensis ern\u00e4hrt sich von Honigwasser und kleinen lebenden oder toten Insekten, aber auch Fr\u00fcchte werden gerne angenommen. Unser Eiwei\u00dfersatzfutter kann auch als Alternative zu Insekten gegeben werden. Frische\" Proteine wie unsere Cricket Jam sind jedoch besser f\u00fcr die Entwicklung der Kolonie. Auch frisches Wasser sollte zur Verf\u00fcgung gestellt werden.<\/p>\n<p><strong>Formicarium f\u00fcr Camponotus nicobarensis<\/strong><br \/>\nCamponotus nicobarensis wird am besten in unseren Starter Sets L mit Korknesteinsatz gehalten. Die Tiere leben in freier Wildbahn meist in morschem Holz, nutzen aber gerne jede Art von nat\u00fcrlicher H\u00f6hle zum Nestbau. Unsere Korknesteins\u00e4tze eignen sich aufgrund ihrer \u00c4hnlichkeit mit morschem Holz am besten f\u00fcr die Haltung in einem Formicarium.<\/p>\n<p><strong>Inhalt:<\/strong><br \/>\n1x Camponotus nicobarensis (K\u00f6nigin + 5-10 Arbeiterinnen + Brut)<\/p>\n<div>1x Grillenmarmelade 25g<\/div>\n<div>1x  Honigtau-Mix (HT) - Nachf\u00fcllpackung 10ml<\/div>\n<div>1x Formicarium Basis - 20x20cm<\/div>\n<div>1x Formicarium Basis - 20x6cm<\/div>\n<div><\/div>\n<div>1x ANTCUBE - Arena 20x20x10 - flach<\/div>\n<div>1x Ameisenarena-Rahmen 20\u00d720<\/div>\n<div>1x Ameisenarena-Abdeckung 20\u00d720<\/div>\n<div>4x Befestigungspunkt f\u00fcr Arenadeckel<\/div>\n<div>1x ANTCUBE - Ameisenfarm - L - 20\u00d720 - stehend<\/div>\n<div><\/div>\n<div>1x ANTCUBE - Korknest 20\u00d720 - aufrecht<\/div>\n<div>1x 0,5m Schlauch transparent 20\/16 mm<\/div>\n<div>1x ANTCUBE - Rote Folie 20\u00d720 - Filter<\/div>\n<div>1x Klebeklammern - transparent 2 Stk.<\/div>\n<div>1x Substrat - Sand-Lehm beige - 1000g<\/div>\n<div><\/div>\n<div>2x Grid insert acrylic &#8211; 50 mm with sealing ring<\/div>\n<div>1x Grid insert acrylic &#8211; 27 mm with sealing ring<\/div>\n<div>1x Gitterkappe - 16mm - rostfreier Stahl<\/div>\n<div><\/div>\n<div>1x Tankschlauchanschluss 27-14,16,20 mm - transparent<\/div>\n<div>1x Foil thermometer &#8211; farm<\/div>\n<div>1x Foil thermometer Display<\/div>\n<div>1x drinking clear 5ml &#8211; sponge<\/div>\n<div>1x Feeding dish white rectangle &#8211; 3 compartments<\/div>\n<div>1x Drinking trough 2ml &#8211; 360 Degrees<\/div>\n<div>1x Ameisenschutz\u00f6l 10ml<\/div>\n<div>1x Pinzette Federstahl - breit - weich<\/div>\n<div>1x Pinzette Kunststoff transparent<\/div>\n<div>1x Kunststoffpipette 3ml<\/div>\n<div>1x Handlupe - 2x - 30mm<\/div>\n<div>1x Schaumstoffwischer 150x18x2,5mm<\/div>\n<p><strong>Beschreibung Starter-Set:<\/strong><br \/>\nDieses Kork-Starter-Set mit vorgefertigten G\u00e4ngen und Kammern ist f\u00fcr verschiedene Ameisenarten geeignet, insbesondere f\u00fcr Arten, die in (totem) Holz nisten.<\/p>\n<p>Das \"ANTCUBE - Korknest\" kann in die vollst\u00e4ndig transparente Farm eingesetzt werden. Alternativ k\u00f6nnen Sie auch das Substrat \"Sand-Lehm beige\" verwenden, um die Farm zu bef\u00fcllen oder einige Kammern des Korknests zu verschlie\u00dfen. \u00dcber die 50-mm-L\u00f6cher im Deckel k\u00f6nnen bei Bedarf weitere Module angeschlossen werden, z. B. die separat erh\u00e4ltlichen Nebler, L\u00fcfter oder Leuchten. Alternativ sind passende Gittereins\u00e4tze und Formicarienstopfen zum Verschlie\u00dfen der \u00d6ffnungen im Lieferumfang enthalten. Auf Wunsch kann das Formicarium auch offen betrieben werden, indem man einfach den Wechselrahmen auflegt und den Rand mit Ameisenschutz\u00f6l bestreicht.<\/p>\n<p><strong>Das ist wichtig:<\/strong> Bitte befeuchten Sie das Substrat vor der Verwendung, damit sich die Mischung verbinden und einen festen Halt im Ameisenbau entwickeln kann. Ist das Substrat au\u00dferdem zu trocken und staubig, k\u00f6nnen die Atemwege der Ameisen verstopft werden und im schlimmsten Fall k\u00f6nnen die Tiere ersticken.<\/p>\n<p><strong>Empfehlung:<\/strong> Wir empfehlen eine Substratschicht von 2 mm H\u00f6he, damit die Tiere nicht in die Arena hineinw\u00fchlen k\u00f6nnen und stattdessen den daf\u00fcr vorgesehenen Hof nutzen.<\/p>\n<p><strong>Hinweise zur Glasproduktion<\/strong><br \/>\nDer Glaszuschnitt erfolgt nach DIN 1249 mit einer Toleranz von +\/- 1 mm. F\u00fcr extrem kleine Ameisenarten ist ein zus\u00e4tzlicher Ausbruchsschutz erforderlich.<\/p>\n<p><strong>Anmerkungen zum Bauernhof<\/strong><br \/>\nDas Nest sollte nur in einem trockenen Formicarium verwendet werden. Wenn das Nest st\u00e4ndig feucht gehalten wird, kann das Material schimmeln.<\/p>\n<p><strong>Beim Anbringen oder Entfernen von Schl\u00e4uchen ist Folgendes zu beachten:<\/strong><br \/>\nL\u00e4sst sich der Schlauch nur sehr schwer auf den Anschlussstutzen aufstecken, sollte der Stutzen leicht mit einem Tropfen unseres Ausbruchsicherungs\u00f6ls oder -pulvers eingerieben werden. Der Schlauch sollte dann mit drehenden oder schraubenden Bewegungen auf den Stutzen geschoben werden, ohne den Stutzen durch Auf- und Abw\u00e4rtsbewegungen zu belasten. Das Gleiche gilt f\u00fcr das Abziehen der Schl\u00e4uche von der Hofanschlussmuffe. Bitte nicht einfach abziehen!<\/p>\n<p><strong>Anweisungen: <\/strong>(Version 2023, die aktualisierte Version f\u00fcr 2024 wird sp\u00e4testens am 04\/2024 verf\u00fcgbar sein)<br \/>\n<span data-sheets-root=\"1\" data-sheets-value=\"{&quot;1&quot;:2,&quot;2&quot;:&quot;DE Gebrauchsanweisung Starter Set Kork (PDF 3,80 MB)&quot;}\" data-sheets-userformat=\"{&quot;2&quot;:513,&quot;3&quot;:{&quot;1&quot;:0},&quot;12&quot;:0}\" data-sheets-hyperlink=\"https:\/\/www.antstore.net\/shop\/images\/info\/de\/Gebrauchsanweisung Starter Set Kork.pdf\" data-sheets-hyperlinkruns=\"{&quot;1&quot;:3,&quot;2&quot;:&quot;https:\/\/www.antstore.net\/shop\/images\/info\/de\/Gebrauchsanweisung Starter Set Kork.pdf&quot;}\uee10{&quot;1&quot;:38}\"><a class=\"in-cell-link\" href=\"https:\/\/www.antstore.net\/shop\/images\/info\/de\/Gebrauchsanweisung Starter Set Kork.pdf\" target=\"_blank\" rel=\"noopener\">- DE <\/a><a class=\"in-cell-link\" href=\"https:\/\/www.antstore.net\/shop\/images\/info\/de\/Gebrauchsanweisung Starter Set Kork.pdf\" target=\"_blank\" rel=\"noopener\">Gebrauchsanweisung Starter Set Kork<\/a><a class=\"in-cell-link\" href=\"https:\/\/www.antstore.net\/shop\/images\/info\/de\/Gebrauchsanweisung Starter Set Kork.pdf\" target=\"_blank\" rel=\"noopener\"> (PDF 3,80 MB)<\/a><\/span><br \/>\n<a href=\"https:\/\/www.antstore.net\/shop\/images\/info\/en\/Instructions%20for%20use%20-%20Starter%20Set%20Cork.pdf\">- DE Gebrauchsanweisung - Starter Set Kork (PDF 3,79 MB)<\/a><br \/>\n<a href=\"https:\/\/www.antstore.net\/shop\/images\/info\/es\/Manual%20de%20instrucciones%20-%20Set%20de%20inicio%20de%20corcho.pdf\">- ES Gebrauchsanweisung - Einf\u00fchrungsset (PDF 3,79 MB)<\/a><br \/>\n<a href=\"https:\/\/www.antstore.net\/shop\/images\/info\/fr\/Manuel%20d'instruction%20-%20Kit%20de%20d%C3%A9marrage%20en%20li%C3%A8ge.pdf\">- FR Anleitungshandbuch - Bausatz f\u00fcr die Demontage im Freien (PDF 3,79 MB)<\/a><\/p>\n<p><strong>Anmerkungen zum Cricket Jam:<\/strong><br \/>\nUnsere blanchierten Grillen sind eine einfache M\u00f6glichkeit, Ihre Ameisen mit frisch konservierter Proteinnahrung zu versorgen, ohne lebende Insekten f\u00fcttern zu m\u00fcssen. Die enthaltenen Grillen (Acheta domesticus) wurden schonend blanchiert, um sicherzustellen, dass N\u00e4hrwerte, Geschmack und Aroma erhalten bleiben. Au\u00dferdem wird der Chitinpanzer der Insekten auf diese Weise aufgeweicht, so dass er leichter verdaut werden kann. Die Bindungen der kollagenen Proteine werden aufgebrochen, so dass die Ameisen sie besser verwerten k\u00f6nnen. Acheta domesticus in Dosen hat den gleichen N\u00e4hrwert wie lebende Grillen, ist aber leichter zu verdauen.<\/p>\n<p>Cricket Jam eignet sich nicht f\u00fcr die Jagd auf Ameisenarten, die Lebendfutter ben\u00f6tigen (z. B. Ponerinen (Gro\u00dfe Ameisen) wie Harpegnathos oder Odontomachus).<\/p>\n<p><strong>Weitere Vorteile:<\/strong><br \/>\nGarantiert milbenfrei<br \/>\nKann portioniert und mit Wasser verd\u00fcnnt werden<br \/>\nSterilisiert und vakuumverpackt<br \/>\nOhne Zusatzstoffe<br \/>\nGrillen aus nachhaltiger, rein biologischer Zucht, gef\u00fcttert mit Bioabf\u00e4llen<\/p>\n<p><strong>Anmerkung:<\/strong><br \/>\nNach dem \u00d6ffnen etwa vier Tage im K\u00fchlschrank aufbewahren. L\u00e4nger haltbar, wenn eingefroren.<br \/>\n<strong>Achtung!<\/strong> Erst portionieren, dann einfrieren.<\/p>\n<p><strong>Anmerkung zum Honigtau:<\/strong><br \/>\nInhalt: 10 ml<br \/>\nEs handelt sich um ein Naturprodukt, das wir nach ausgiebigen Tests in unserem Labor verfeinert und zu einem von den Ameisen sehr gut angenommenen Futter entwickelt haben. Der Grund daf\u00fcr ist, dass unverarbeiteter Honigtauhonig in seiner konzentrierten urspr\u00fcnglichen Form von Ameisen und deren Stoffwechsel nicht gut angenommen wird.<br \/>\nUnser Honigtau wurde in den unber\u00fchrten wilden Bergw\u00e4ldern Bulgariens gesammelt. Honigtau wird nur f\u00fcr eine sehr begrenzte Zeit produziert, etwa zwei Monate im Sommer. Er ist daher sehr selten. Aufgrund der besonderen Bodenbeschaffenheit der W\u00e4lder und des Klimas werden wichtige N\u00e4hrstoffe in den Bl\u00e4ttern der B\u00e4ume gespeichert, die von den Blattl\u00e4usen aufgenommen werden. Das macht diese Honigtau-Mischung f\u00fcr die Ameisen so begehrenswert.<\/p>\n<p><strong>Anwendung:<\/strong><br \/>\nDie Lebensmittelmenge sollte innerhalb von etwa 3 Tagen verbraucht werden.<\/p>\n<p><strong>Beschreibung:<\/strong><br \/>\nHonigtau wird im Gegensatz zu Bl\u00fctenhonig aus Sekreten von Insekten gewonnen, die an Pflanzen saugen, z. B. Blattl\u00e4usen. Honigtau ist eine beliebte Nahrungsquelle f\u00fcr viele Insekten wie Ameisen, Bienen und Hummeln. Bienen und Hummeln lecken ihn von den Bl\u00e4ttern oder Nadeln verschiedener B\u00e4ume ab. Ameisen wie Lasius niger halten die Blattl\u00e4use buchst\u00e4blich fest. Sie verteidigen sie sogar gegen Fressfeinde und tragen sie zu neuen Trieben.<\/p>\n<p>Honigtau ist bei Ameisen wegen seiner etwas anderen Bestandteile besonders beliebt. Die wichtigsten Zuckerarten im Honigtau sind Saccharose und Fruktose, aber auch kleinere Mengen an Maltose, Trehalose, Melezitose, Raffinose und anderen Oligosacchariden sind enthalten. Neben Zucker und Wasser enth\u00e4lt der Honigtau auch essenzielle Aminos\u00e4uren, Mineralstoffe, Spurenelemente, Adenosine, Phosphate und andere Inhaltsstoffe wie Vitamine.<\/p>\n<p><strong>Verwendung:<\/strong><br \/>\nF\u00fcr honigfressende Ameisenarten (Meliphagidae)<br \/>\nDies ist ein Erg\u00e4nzungsfuttermittel<br \/>\nEs kann den Tieren wie geliefert angeboten werden. Da die Zuckerkonzentration durch die Feuchtigkeit verringert wird und ein G\u00e4rungsprozess einsetzt, sollte das Futter alle 3 Tage ausgetauscht werden. Reinigen Sie den Futternapf\/die Tube vor der Wiederverwendung gr\u00fcndlich.<br \/>\nNach dem \u00d6ffnen sollte die Packung bis zum Ablauf des Verfallsdatums fest verschlossen aufbewahrt werden.<\/p>\n<p><strong>N\u00e4hrwertangaben pro 100 g:<\/strong><br \/>\nca. 2,7 % Fette<br \/>\ndavon ges\u00e4ttigt ca. 0,45 %<br \/>\nca. 95 % Kohlenhydrate<br \/>\ndavon Zucker ca. 71<br \/>\nca. 2,85% Protein<br \/>\nMineralstoffe (Kalium, Calcium, Kupfer, Eisen, Natrium, Magnesium, Phosphor, Zink und andere Spurenelemente) Aminos\u00e4uren (Prolin, Leucin, Phenylalanin, Alanin, Histidin, Isoleucin, Glutamins\u00e4ure, Arginin, Asparagins\u00e4ure usw.) Organische S\u00e4uren Enzyme (Fermente)Aromastoffe Inhibine (antibakterielle Substanzen) Blumen Pollen<\/p>\n<p><strong>Lagerung:<\/strong><br \/>\nUm die Qualit\u00e4t des Futters zu gew\u00e4hrleisten, sollte es an einem dunklen und trockenen Ort gelagert werden.<\/p>\n<p><strong>Anmerkung:<\/strong><br \/>\nErg\u00e4nzungsfuttermittel f\u00fcr honigfressende Ameisen.<br \/>\nDie Zusammensetzung, die analytischen Bestandteile, das Mindesthaltbarkeitsdatum und die Chargennummer entnehmen Sie bitte der Packungsbeilage.<\/p>\n<p>Informations-Hotline +49 30 439703870<\/p>\n<p>Zust\u00e4ndiges Veterin\u00e4r- und Lebensmittelinspektorat:<br \/>\nVeterin\u00e4ramt Steglitz<br \/>\nK\u00f6nigin-Luise-Str. 92<br \/>\n14195 Berlin<\/p>","protected":false},"excerpt":{"rendered":"<p>Das Set besteht aus 33 Teilen<br \/>\nGr\u00f6\u00dfe: <span style=\"color: #0000ff;\"><strong>L<\/strong><\/span><\/p>","protected":false},"featured_media":7121,"comment_status":"open","ping_status":"closed","template":"","meta":{"_acf_changed":false,"content-type":"","_monsterinsights_skip_tracking":false,"_monsterinsights_sitenote_active":false,"_monsterinsights_sitenote_note":"","_monsterinsights_sitenote_category":0},"product_brand":[],"product_cat":[355,73,76,89],"product_tag":[],"class_list":{"0":"post-4626","1":"product","2":"type-product","3":"status-publish","4":"has-post-thumbnail","6":"product_cat-bundle-offers","7":"product_cat-starter-sets","8":"product_cat-starter-sets-cork","9":"product_cat-cork","11":"first","12":"instock","13":"taxable","14":"shipping-taxable","15":"purchasable","16":"product-type-simple"},"acf":[],"aioseo_notices":[],"jetpack_sharing_enabled":true,"_links":{"self":[{"href":"https:\/\/antcube.shop\/de\/wp-json\/wp\/v2\/product\/4626","targetHints":{"allow":["GET"]}}],"collection":[{"href":"https:\/\/antcube.shop\/de\/wp-json\/wp\/v2\/product"}],"about":[{"href":"https:\/\/antcube.shop\/de\/wp-json\/wp\/v2\/types\/product"}],"replies":[{"embeddable":true,"href":"https:\/\/antcube.shop\/de\/wp-json\/wp\/v2\/comments?post=4626"}],"wp:featuredmedia":[{"embeddable":true,"href":"https:\/\/antcube.shop\/de\/wp-json\/wp\/v2\/media\/7121"}],"wp:attachment":[{"href":"https:\/\/antcube.shop\/de\/wp-json\/wp\/v2\/media?parent=4626"}],"wp:term":[{"taxonomy":"product_brand","embeddable":true,"href":"https:\/\/antcube.shop\/de\/wp-json\/wp\/v2\/product_brand?post=4626"},{"taxonomy":"product_cat","embeddable":true,"href":"https:\/\/antcube.shop\/de\/wp-json\/wp\/v2\/product_cat?post=4626"},{"taxonomy":"product_tag","embeddable":true,"href":"https:\/\/antcube.shop\/de\/wp-json\/wp\/v2\/product_tag?post=4626"}],"curies":[{"name":"wp","href":"https:\/\/api.w.org\/{rel}","templated":true}]}}