{"id":4625,"date":"2022-11-14T14:21:09","date_gmt":"2022-11-14T13:21:09","guid":{"rendered":"https:\/\/antcube.shop\/produkt\/acrylglas-xt-rohr-50-46mm-1m\/"},"modified":"2026-03-26T18:04:53","modified_gmt":"2026-03-26T17:04:53","slug":"acrylglas-xt-rohr-50-46mm-1m","status":"publish","type":"product","link":"https:\/\/antcube.shop\/de\/produkt\/acrylglas-xt-rohr-50-46mm-1m\/","title":{"rendered":"Ameisenrohr - glasklar - 50mm - 1m"},"content":{"rendered":"<p><strong>Abmessungen:<\/strong> Au\u00dfendurchmesser 50 mm, L\u00e4nge: 1 m<\/p>\n<p><strong>Material:<\/strong> Acrylglas<\/p>\n<p><strong>Farbe:<\/strong> transparent, klar<\/p>\n<p><strong>Beschreibung:<\/strong> Kann mit Hilfe von Adaptern an das Formicarium angeschlossen werden oder mehrere Formicarien miteinander verbinden.<\/p>\n<p><strong>Anmerkung:<\/strong> Aus Verpackungsgr\u00fcnden k\u00f6nnen die 1-Meter-Rohre halbiert und optional mit einem passenden Schlauchst\u00fcck bestellt werden. Wenn Sie die Rohre auf jeden Fall als 1-Meter-Rohre geliefert haben m\u00f6chten, m\u00fcssen Sie dies als Extra ausw\u00e4hlen.<\/p>","protected":false},"excerpt":{"rendered":"<p>Abmessungen: Au\u00dfendurchmesser 50 mm, L\u00e4nge: 1m Material: Acrylglas Farbe: transparent, klar Beschreibung: Kann \u00fcber Adapter an das Formicarium angeschlossen werden oder mehrere Formicarien miteinander verbinden. Hinweis: Aus Verpackungsgr\u00fcnden k\u00f6nnen die 1-Meter-Schl\u00e4uche halbiert und optional mit einem passenden Schlauchst\u00fcck bestellt werden. Wenn Sie die","protected":false},"featured_media":5122,"comment_status":"open","ping_status":"closed","template":"","meta":{"_acf_changed":false,"content-type":"","_monsterinsights_skip_tracking":false,"_monsterinsights_sitenote_active":false,"_monsterinsights_sitenote_note":"","_monsterinsights_sitenote_category":0},"product_brand":[],"product_cat":[119,120],"product_tag":[],"class_list":{"0":"post-4625","1":"product","2":"type-product","3":"status-publish","4":"has-post-thumbnail","6":"product_cat-formicarium-components","7":"product_cat-hoses","9":"first","10":"instock","11":"taxable","12":"shipping-taxable","13":"purchasable","14":"product-type-simple"},"acf":[],"aioseo_notices":[],"jetpack_sharing_enabled":true,"_links":{"self":[{"href":"https:\/\/antcube.shop\/de\/wp-json\/wp\/v2\/product\/4625","targetHints":{"allow":["GET"]}}],"collection":[{"href":"https:\/\/antcube.shop\/de\/wp-json\/wp\/v2\/product"}],"about":[{"href":"https:\/\/antcube.shop\/de\/wp-json\/wp\/v2\/types\/product"}],"replies":[{"embeddable":true,"href":"https:\/\/antcube.shop\/de\/wp-json\/wp\/v2\/comments?post=4625"}],"wp:featuredmedia":[{"embeddable":true,"href":"https:\/\/antcube.shop\/de\/wp-json\/wp\/v2\/media\/5122"}],"wp:attachment":[{"href":"https:\/\/antcube.shop\/de\/wp-json\/wp\/v2\/media?parent=4625"}],"wp:term":[{"taxonomy":"product_brand","embeddable":true,"href":"https:\/\/antcube.shop\/de\/wp-json\/wp\/v2\/product_brand?post=4625"},{"taxonomy":"product_cat","embeddable":true,"href":"https:\/\/antcube.shop\/de\/wp-json\/wp\/v2\/product_cat?post=4625"},{"taxonomy":"product_tag","embeddable":true,"href":"https:\/\/antcube.shop\/de\/wp-json\/wp\/v2\/product_tag?post=4625"}],"curies":[{"name":"wp","href":"https:\/\/api.w.org\/{rel}","templated":true}]}}