{"id":4615,"date":"2022-11-01T18:09:59","date_gmt":"2022-11-01T17:09:59","guid":{"rendered":"https:\/\/antcube.shop\/produkt\/gittereinsatz-acryl-50-mm-klar\/"},"modified":"2026-03-16T10:37:31","modified_gmt":"2026-03-16T09:37:31","slug":"gittereinsatz-acryl-50-mm-klar","status":"publish","type":"product","link":"https:\/\/antcube.shop\/de\/produkt\/gittereinsatz-acryl-50-mm-klar\/","title":{"rendered":"Gittereinsatz Acryl 50 mm - klar"},"content":{"rendered":"<p><strong>Menge:<\/strong> 1 St\u00fcck<\/p>\n<p><strong>Abmessungen:<\/strong> 60x10mm<\/p>\n<p><strong>Farbe:<\/strong> klar<\/p>\n<p><strong>Material:<\/strong> Kunststoff<\/p>\n<p><strong>Beschreibung:<\/strong> L\u00fcftungsgitter mit 50mm Einsteckdurchmesser zum Verschlie\u00dfen von \u00d6ffnungen mit 50mm Durchmesser. Die L\u00fcftungsschlitze sind 1,5 mm breit.<\/p>","protected":false},"excerpt":{"rendered":"<p>F\u00fcr L\u00f6cher\/\u00d6ffnungen mit 50 mm Durchmesser.<\/p>","protected":false},"featured_media":4829,"comment_status":"open","ping_status":"closed","template":"","meta":{"_acf_changed":false,"content-type":"","_monsterinsights_skip_tracking":false,"_monsterinsights_sitenote_active":false,"_monsterinsights_sitenote_note":"","_monsterinsights_sitenote_category":0},"product_brand":[],"product_cat":[238],"product_tag":[],"class_list":{"0":"post-4615","1":"product","2":"type-product","3":"status-publish","4":"has-post-thumbnail","6":"product_cat-grid-caps-plugs-and-inserts","8":"first","9":"instock","10":"taxable","11":"shipping-taxable","12":"purchasable","13":"product-type-simple"},"acf":[],"aioseo_notices":[],"jetpack_sharing_enabled":true,"_links":{"self":[{"href":"https:\/\/antcube.shop\/de\/wp-json\/wp\/v2\/product\/4615","targetHints":{"allow":["GET"]}}],"collection":[{"href":"https:\/\/antcube.shop\/de\/wp-json\/wp\/v2\/product"}],"about":[{"href":"https:\/\/antcube.shop\/de\/wp-json\/wp\/v2\/types\/product"}],"replies":[{"embeddable":true,"href":"https:\/\/antcube.shop\/de\/wp-json\/wp\/v2\/comments?post=4615"}],"wp:featuredmedia":[{"embeddable":true,"href":"https:\/\/antcube.shop\/de\/wp-json\/wp\/v2\/media\/4829"}],"wp:attachment":[{"href":"https:\/\/antcube.shop\/de\/wp-json\/wp\/v2\/media?parent=4615"}],"wp:term":[{"taxonomy":"product_brand","embeddable":true,"href":"https:\/\/antcube.shop\/de\/wp-json\/wp\/v2\/product_brand?post=4615"},{"taxonomy":"product_cat","embeddable":true,"href":"https:\/\/antcube.shop\/de\/wp-json\/wp\/v2\/product_cat?post=4615"},{"taxonomy":"product_tag","embeddable":true,"href":"https:\/\/antcube.shop\/de\/wp-json\/wp\/v2\/product_tag?post=4615"}],"curies":[{"name":"wp","href":"https:\/\/api.w.org\/{rel}","templated":true}]}}