{"id":4614,"date":"2022-11-01T18:09:43","date_gmt":"2022-11-01T17:09:43","guid":{"rendered":"https:\/\/antcube.shop\/produkt\/formicarienunterlage-40x20cm\/"},"modified":"2026-04-05T19:45:30","modified_gmt":"2026-04-05T17:45:30","slug":"formicarienunterlage-40x20cm","status":"publish","type":"product","link":"https:\/\/antcube.shop\/de\/produkt\/formicarienunterlage-40x20cm\/","title":{"rendered":"Formicarium Unterlage - 40x20cm"},"content":{"rendered":"<p><strong>Abmessungen:<\/strong> 400 x 200 x 4 mm<\/p>\n<p><strong>Material:<\/strong> PE-Schaumstoff<\/p>\n<p><strong>Farbe:<\/strong> grau<\/p>\n<p><strong>Inhalt: <\/strong>1 Stk.<\/p>\n<p><strong>Beschreibung:<\/strong><br \/>\nDas Formicarium-Polster ist aus einem weichen Schaumstoff gefertigt.<br \/>\nSie sch\u00fctzt sowohl das Formicarium als auch das M\u00f6belst\u00fcck, auf dem das Formicarium steht, vor Kratzern.<br \/>\nDar\u00fcber hinaus dient die Unterlage als W\u00e4rmed\u00e4mmung, um kleinste Unebenheiten auszugleichen und sch\u00fctzt zudem vor Vibrationen.<\/p>","protected":false},"excerpt":{"rendered":"<p>Abmessungen: 390 x 60 x 4mm Material: PE-Schaumstoff Farbe: grau Inhalt: 1 Stk. Beschreibung: Die Formicariumunterlage ist aus einem weichen Schaumstoff gefertigt. Sie sch\u00fctzt sowohl das Formicarium als auch das M\u00f6belst\u00fcck, auf dem das Formicarium steht, vor Kratzern. Dar\u00fcber hinaus dient die Unterlage als W\u00e4rmed\u00e4mmung zum Ausgleich von","protected":false},"featured_media":5125,"comment_status":"open","ping_status":"closed","template":"","meta":{"_acf_changed":false,"content-type":"","_monsterinsights_skip_tracking":false,"_monsterinsights_sitenote_active":false,"_monsterinsights_sitenote_note":"","_monsterinsights_sitenote_category":0},"product_brand":[],"product_cat":[239],"product_tag":[],"class_list":{"0":"post-4614","1":"product","2":"type-product","3":"status-publish","4":"has-post-thumbnail","6":"product_cat-useful-additions","8":"first","9":"instock","10":"taxable","11":"shipping-taxable","12":"purchasable","13":"product-type-simple"},"acf":[],"aioseo_notices":[],"jetpack_sharing_enabled":true,"_links":{"self":[{"href":"https:\/\/antcube.shop\/de\/wp-json\/wp\/v2\/product\/4614","targetHints":{"allow":["GET"]}}],"collection":[{"href":"https:\/\/antcube.shop\/de\/wp-json\/wp\/v2\/product"}],"about":[{"href":"https:\/\/antcube.shop\/de\/wp-json\/wp\/v2\/types\/product"}],"replies":[{"embeddable":true,"href":"https:\/\/antcube.shop\/de\/wp-json\/wp\/v2\/comments?post=4614"}],"wp:featuredmedia":[{"embeddable":true,"href":"https:\/\/antcube.shop\/de\/wp-json\/wp\/v2\/media\/5125"}],"wp:attachment":[{"href":"https:\/\/antcube.shop\/de\/wp-json\/wp\/v2\/media?parent=4614"}],"wp:term":[{"taxonomy":"product_brand","embeddable":true,"href":"https:\/\/antcube.shop\/de\/wp-json\/wp\/v2\/product_brand?post=4614"},{"taxonomy":"product_cat","embeddable":true,"href":"https:\/\/antcube.shop\/de\/wp-json\/wp\/v2\/product_cat?post=4614"},{"taxonomy":"product_tag","embeddable":true,"href":"https:\/\/antcube.shop\/de\/wp-json\/wp\/v2\/product_tag?post=4614"}],"curies":[{"name":"wp","href":"https:\/\/api.w.org\/{rel}","templated":true}]}}