{"id":4613,"date":"2022-11-01T18:09:28","date_gmt":"2022-11-01T17:09:28","guid":{"rendered":"https:\/\/antcube.shop\/produkt\/antcube-starter-set-vivarium-30x30x30-cube\/"},"modified":"2026-04-01T11:20:15","modified_gmt":"2026-04-01T09:20:15","slug":"pflanzenwurfel-vivarium-20x20x20-biom","status":"publish","type":"product","link":"https:\/\/antcube.shop\/de\/produkt\/pflanzenwurfel-vivarium-20x20x20-biom\/","title":{"rendered":"PLANTCUBE - Vivarium 20x20x20 Biom"},"content":{"rendered":"<p><b>Inhalt:<\/b><b><br \/>\n<\/b><span style=\"font-weight: 400;\">1x PLANTCUBE Vivarium 20x20x20 Biom<\/span><span style=\"font-weight: 400;\"><br \/>\n<\/span><span style=\"font-weight: 400;\">2x D\u00fcbel f\u00fcr 10mm Loch<\/span><\/p>\n<p><span style=\"font-weight: 400;\">Glasw\u00fcrfel 20x20x20cm mit 2x Seite 27mm Loch und 2x Seite 10mm Loch<\/span><span style=\"font-weight: 400;\"><br \/>\n<\/span><span style=\"font-weight: 400;\">Das 27-mm-Loch (Mittelpunkt) befindet sich auf 8,5 cm H\u00f6he.\u00a0<\/span><\/p>\n<p><b>Abmessungen:<\/b><span style=\"font-weight: 400;\"> 200 x 200 x 200 mm; 4 mm Glasdicke<\/span><\/p>\n<p><b>Material:<\/b><span style=\"font-weight: 400;\"> Floatglas<\/span><\/p>\n<p><b>Seitliche \u00d6ffnungen:<\/b><b><br \/>\n<\/b><span style=\"font-weight: 400;\">2x Loch 27mm<\/span><span style=\"font-weight: 400;\"><br \/>\n<\/span><span style=\"font-weight: 400;\">2x Loch 10mm<\/span><\/p>\n<p><span style=\"font-weight: 400;\">Mit unseren PLANTCUBE Vivarien k\u00f6nnen Sie Ihr eigenes lebendes Kunstwerk f\u00fcr Ihr Wohnzimmer gestalten. Sie k\u00f6nnen auch kleine Tiere in einem PLANTCUBE halten, so dass Ihrer Kreativit\u00e4t keine Grenzen gesetzt sind.<\/span><\/p>\n<p><span style=\"font-weight: 400;\">Wenn Sie mehr \u00fcber PLANTCUBE erfahren oder unsere Schritt-f\u00fcr-Schritt-Anleitung zum Einrichten Ihres Vivariums lesen m\u00f6chten, besuchen Sie den folgenden Link: <a href=\"http:\/\/antcube.shop\/PLANTCUBE\">antcube.shop\/PLANTCUBE<\/a><\/span><\/p>\n<p><b>Passen Sie Ihren PLANTCUBE an Ihre eigenen Bed\u00fcrfnisse oder die Ihrer Pflanzen und Tiere an:<\/b><\/p>\n<p><span style=\"font-weight: 400;\">Die beiden 10mm L\u00f6cher an der Seite, die sich in 2cm H\u00f6he (Mitte) vom Boden befinden, sind zum Ablassen von \u00fcbersch\u00fcssigem Wasser. Sie k\u00f6nnen z.B. unseren Schlauch transparent 10\/06mm zum Ablassen des Wassers verwenden. Die beiden 27mm L\u00f6cher k\u00f6nnen entweder mit Stopfen verschlossen werden oder dienen bei Ausstattung mit Gittereins\u00e4tzen als zus\u00e4tzliche Bel\u00fcftung. Sie k\u00f6nnen hier sogar zwei Aufbauten \u00fcber ein Acrylrohr miteinander verbinden. So k\u00f6nnen die Tiere, die Sie in Ihrem Vivarium halten, frei von einer Einrichtung zur anderen wandern.<\/span><\/p>\n<p><b>Wie Sie Ihren PLANTCUBE in ein bioaktives \u00d6kosystem verwandeln?<\/b><\/p>\n<p><b>Erstellen Sie eine Drainageschicht:<\/b><\/p>\n<p><span style=\"font-weight: 400;\">Um Ihre Pflanzen zu unterst\u00fctzen, sollten Sie zuerst eine Drainageschicht in Ihrem Vivarium aufbauen. Wir empfehlen Ihnen, 2-3 cm Tongranulat (4-8 mm) zu verwenden, da dieses leicht ist. Achten Sie darauf, sie vor dem Einsetzen unter flie\u00dfendem Wasser zu waschen, um sie von Staub zu befreien.\u00a0<\/span><\/p>\n<p><span style=\"font-weight: 400;\">Sie k\u00f6nnen ein Drainagevlies auf das Tongranulat legen, um die Drainage vom Substrat zu trennen.<\/span><\/p>\n<p><b>Welche Pflanzen und welche Erde zu verwenden sind:<\/b><\/p>\n<p><span style=\"font-weight: 400;\">Das h\u00e4ngt alles von der Art des \"\u00d6kosystems\" ab, das Sie schaffen wollen. Wenn Sie ein W\u00fcsten- oder eher trockenes Vivarium einrichten wollen, brauchen Sie Pflanzen, die in diesem Klima gedeihen, und den entsprechenden Boden, in dem sie gerne wachsen. F\u00fcr tropische Vivarien gilt nat\u00fcrlich das Gleiche. Versuchen Sie, Pflanzen aus \u00e4hnlichen Regionen und\/oder Klimazonen zu verwenden, damit sie alle in der gleichen Art von Boden und Klima gut gedeihen. Ein gutes Pflanzengesch\u00e4ft sollte immer Informationen \u00fcber das passende Klima und den passenden Boden f\u00fcr die Pflanzen haben, die es verkauft.<\/span><\/p>\n<p><b>Das ist wichtig:<\/b><span style=\"font-weight: 400;\"> Wenn Sie Pflanzen und Tiere zusammen halten wollen, sollten Sie niemals Pflanzen verwenden, von denen Sie nicht wissen, ob sie mit D\u00fcngemitteln oder Pestiziden in Kontakt gekommen sind. Verwenden Sie nur Pflanzen aus Terrariengesch\u00e4ften oder \u00e4hnlichem, die garantiert frei von Pestiziden und D\u00fcngemitteln sind. Diese k\u00f6nnen sonst zum Tod Ihrer Tiere f\u00fchren.<\/span><\/p>\n<p><b>F\u00fchren Sie eine \"Clean up crew\" ein, um Ihr Vivarium bioaktiv zu machen<\/b><\/p>\n<p><b>Was ist bioaktiv? <\/b><span style=\"font-weight: 400;\">Was ist bioaktiv? Dies kommt einer selbstversorgenden Einrichtung am n\u00e4chsten. Es geht darum, eine geeignete Bodenmischung und organisches Material hinzuzuf\u00fcgen, damit sich eine Mikroflora bilden kann, sowie die notwendige Mikrofauna, um einen N\u00e4hrstoffkreislauf in Ihrem Vivarium zu schaffen.<\/span><\/p>\n<p><span style=\"font-weight: 400;\">Unser Tipp: F\u00fcgen Sie immer kleine Lebewesen wie Springschw\u00e4nze und Asseln hinzu. Diese sind nicht nur selbst eine gute \"unendliche\" Nahrungsquelle, wenn Sie andere Tiere in Ihrem Vivarium halten wollen. Sie ern\u00e4hren sich vor allem von Schimmelpilzen, die sich aufgrund der hohen Luftfeuchtigkeit bilden k\u00f6nnen, und reichern den Boden mit N\u00e4hrstoffen an, die wiederum ein gesundes Wachstum der Pflanzen erm\u00f6glichen.<\/span><\/p>\n<p><span style=\"font-weight: 400;\">F\u00fcgen Sie Ihrem Boden etwas Holzkohle hinzu, die die Besiedlung durch Mikroben f\u00f6rdert. Moos und Korkrinde oder wei\u00dfes, verrottetes Holz sowie Laubstreu sehen nicht nur nat\u00fcrlich aus, sie bieten auch Nahrung f\u00fcr Ihre \"Putzkolonne\", Versteck- und Brutm\u00f6glichkeiten f\u00fcr sie und lassen sich leicht in N\u00e4hrstoffe f\u00fcr Ihre Pflanzen umwandeln.<\/span><\/p>\n<p><b>In der Natur dreht sich alles um das Gleichgewicht<\/b><\/p>\n<p><span style=\"font-weight: 400;\">Es ist jedoch nicht ratsam, bestimmte Isopodenarten zu verwenden, ohne etwas hinzuzuf\u00fcgen, das sie jagt, da eine Isopodenpopulation ohne Fressfeinde wie z. B. Ameisen gerne aus dem Ruder l\u00e4uft und die Pflanzen in Ihrem Vivarium dann schnell zu einer unerw\u00fcnschten Nahrungsquelle werden. In der Natur dreht sich alles um das Gleichgewicht.<\/span><\/p>\n<p><b>Weitere Informationen:<\/b><\/p>\n<p><span style=\"font-weight: 400;\">Das Glas ist nach DIN 1249 mit einer Toleranz von +\/- 1mm geschliffen. F\u00fcr extrem kleine Ameisenarten ist ein zus\u00e4tzlicher Ausbruchsschutz erforderlich.<\/span><\/p>","protected":false},"excerpt":{"rendered":"<p>Anschluss: 2x Bohrung 27 mm<br \/>\n2x Bohrung 10 mm<\/p>","protected":false},"featured_media":12297,"comment_status":"open","ping_status":"closed","template":"","meta":{"_acf_changed":false,"content-type":"","_monsterinsights_skip_tracking":false,"_monsterinsights_sitenote_active":false,"_monsterinsights_sitenote_note":"","_monsterinsights_sitenote_category":0},"product_brand":[483],"product_cat":[341],"product_tag":[],"class_list":{"0":"post-4613","1":"product","2":"type-product","3":"status-publish","4":"has-post-thumbnail","6":"product_brand-plantcube","7":"product_cat-vivariums","9":"first","10":"instock","11":"taxable","12":"shipping-taxable","13":"purchasable","14":"product-type-simple"},"acf":[],"aioseo_notices":[],"jetpack_sharing_enabled":true,"_links":{"self":[{"href":"https:\/\/antcube.shop\/de\/wp-json\/wp\/v2\/product\/4613","targetHints":{"allow":["GET"]}}],"collection":[{"href":"https:\/\/antcube.shop\/de\/wp-json\/wp\/v2\/product"}],"about":[{"href":"https:\/\/antcube.shop\/de\/wp-json\/wp\/v2\/types\/product"}],"replies":[{"embeddable":true,"href":"https:\/\/antcube.shop\/de\/wp-json\/wp\/v2\/comments?post=4613"}],"wp:featuredmedia":[{"embeddable":true,"href":"https:\/\/antcube.shop\/de\/wp-json\/wp\/v2\/media\/12297"}],"wp:attachment":[{"href":"https:\/\/antcube.shop\/de\/wp-json\/wp\/v2\/media?parent=4613"}],"wp:term":[{"taxonomy":"product_brand","embeddable":true,"href":"https:\/\/antcube.shop\/de\/wp-json\/wp\/v2\/product_brand?post=4613"},{"taxonomy":"product_cat","embeddable":true,"href":"https:\/\/antcube.shop\/de\/wp-json\/wp\/v2\/product_cat?post=4613"},{"taxonomy":"product_tag","embeddable":true,"href":"https:\/\/antcube.shop\/de\/wp-json\/wp\/v2\/product_tag?post=4613"}],"curies":[{"name":"wp","href":"https:\/\/api.w.org\/{rel}","templated":true}]}}