{"id":4609,"date":"2022-11-01T18:08:27","date_gmt":"2022-11-01T17:08:27","guid":{"rendered":"https:\/\/antcube.shop\/produkt\/ameisenarena-abdeckung-30x30\/"},"modified":"2026-04-14T12:07:19","modified_gmt":"2026-04-14T10:07:19","slug":"ameisenarena-abdeckung-30x30","status":"publish","type":"product","link":"https:\/\/antcube.shop\/de\/produkt\/ameisenarena-abdeckung-30x30\/","title":{"rendered":"Abdeckung der Ameisenarena 30\u00d730"},"content":{"rendered":"<p><strong>Abmessungen (LxBxH):<\/strong> 30x30x0,4 cm<\/p>\n<p><strong>Material:<\/strong> Floatglas<\/p>\n<p><strong>Farbe:<\/strong> kristallklar \/ transparent<\/p>\n<p><strong>Inhalt:<\/strong><br \/>\n1x Ameisen-Arena Abdeckung<br \/>\n1x Fixierpunkte \u00e0 4 Stk.<\/p>\n<p><strong>Beschreibung:<\/strong><br \/>\nAbdeckung aus Glas f\u00fcr die Ameisenarena als Fluchtschutz.<\/p>\n<p><strong>Anwendung:<\/strong><br \/>\nDie Ameisenarena-Abdeckung aus Glas wird auf eine Ameisenarena aufgesetzt und dient auch gleich zur Klimaregulierung.<br \/>\nIn die 50-mm-\u00d6ffnungen k\u00f6nnen verschiedene Module zur Klimatisierung eingesetzt werden, z.B. L\u00fcftungsgitter, Beleuchtung oder Befeuchtung.<br \/>\nUm zu verhindern, dass die Ameisen durch die \u00d6ffnungen entkommen, sollte auf der Unterseite um die L\u00f6cher herum ein Fluchtschutz (\u00d6l, Pulver oder Lack) aufgetragen werden.<\/p>\n<p><strong>Hinweis:<\/strong><br \/>\nDa der Artikel aus Glas besteht und daher bruchgef\u00e4hrdet ist, sollte er sehr vorsichtig behandelt werden.<\/p>","protected":false},"excerpt":{"rendered":"<p>Abmessungen (LxBxH): 30x30x0,4 cm Material: Floatglas Farbe: glasklar \/ transparent Inhalt: 1x Ameisenhallendeckel 1x Fixierpunkte \u00e0 4 Stk. Beschreibung: Abdeckung aus Glas f\u00fcr die Ameisenarena als Fluchtschutz. Anwendung: Die Ameisenarena-Abdeckung aus Glas wird auf eine Ameisenarena aufgesetzt und dient auch gleich zur","protected":false},"featured_media":4800,"comment_status":"open","ping_status":"closed","template":"","meta":{"_acf_changed":false,"content-type":"","_monsterinsights_skip_tracking":false,"_monsterinsights_sitenote_active":false,"_monsterinsights_sitenote_note":"","_monsterinsights_sitenote_category":0},"product_brand":[],"product_cat":[91,92],"product_tag":[],"class_list":{"0":"post-4609","1":"product","2":"type-product","3":"status-publish","4":"has-post-thumbnail","6":"product_cat-formicarium-modules","7":"product_cat-arena-cover","9":"first","10":"instock","11":"taxable","12":"shipping-taxable","13":"purchasable","14":"product-type-simple"},"acf":[],"aioseo_notices":[],"jetpack_sharing_enabled":true,"_links":{"self":[{"href":"https:\/\/antcube.shop\/de\/wp-json\/wp\/v2\/product\/4609","targetHints":{"allow":["GET"]}}],"collection":[{"href":"https:\/\/antcube.shop\/de\/wp-json\/wp\/v2\/product"}],"about":[{"href":"https:\/\/antcube.shop\/de\/wp-json\/wp\/v2\/types\/product"}],"replies":[{"embeddable":true,"href":"https:\/\/antcube.shop\/de\/wp-json\/wp\/v2\/comments?post=4609"}],"wp:featuredmedia":[{"embeddable":true,"href":"https:\/\/antcube.shop\/de\/wp-json\/wp\/v2\/media\/4800"}],"wp:attachment":[{"href":"https:\/\/antcube.shop\/de\/wp-json\/wp\/v2\/media?parent=4609"}],"wp:term":[{"taxonomy":"product_brand","embeddable":true,"href":"https:\/\/antcube.shop\/de\/wp-json\/wp\/v2\/product_brand?post=4609"},{"taxonomy":"product_cat","embeddable":true,"href":"https:\/\/antcube.shop\/de\/wp-json\/wp\/v2\/product_cat?post=4609"},{"taxonomy":"product_tag","embeddable":true,"href":"https:\/\/antcube.shop\/de\/wp-json\/wp\/v2\/product_tag?post=4609"}],"curies":[{"name":"wp","href":"https:\/\/api.w.org\/{rel}","templated":true}]}}