{"id":4606,"date":"2022-11-01T18:07:22","date_gmt":"2022-11-01T17:07:22","guid":{"rendered":"https:\/\/antcube.shop\/produkt\/formicariengranulat-1000ml-rot\/"},"modified":"2026-04-09T09:31:27","modified_gmt":"2026-04-09T07:31:27","slug":"formicariengranulat-1000ml-rot","status":"publish","type":"product","link":"https:\/\/antcube.shop\/de\/produkt\/formicariengranulat-1000ml-rot\/","title":{"rendered":"Formicarium-Granulat 1000ml - rot"},"content":{"rendered":"<p><strong>Inhalt:<\/strong> 1000ml (entspricht ~400g)<\/p>\n<p><strong>Gr\u00f6\u00dfe der K\u00f6rner:<\/strong> 1 - 6 mm<\/p>\n<p><strong>Farbe:<\/strong> rot<\/p>\n<p><strong>Grundmaterial:<\/strong> spezielle Mischung aus hochwertigen Tonen<\/p>\n<p><strong>Beschreibung:<\/strong> Das Material speichert die Feuchtigkeit und sorgt f\u00fcr eine gute Durchl\u00fcftung des Bodens im Formicarium und sch\u00fctzt vor Staun\u00e4sse und F\u00e4ulnis. Die Granulatschicht sollte etwa 1-2 cm als unterste Bodenschicht in einem Betrieb verwendet werden.<\/p>\n<p><strong>Eigenschaften:<\/strong><br \/>\n- anorganisches, mineralisches Produkt<br \/>\n- biologisch und chemisch neutral<br \/>\n- strukturell stabil<br \/>\n- speichert Feuchtigkeit<\/p>","protected":false},"excerpt":{"rendered":"<p>F\u00fcr roten Sand\/Lehmsubstrat<\/p>","protected":false},"featured_media":5732,"comment_status":"open","ping_status":"closed","template":"","meta":{"_acf_changed":false,"content-type":"","_monsterinsights_skip_tracking":false,"_monsterinsights_sitenote_active":false,"_monsterinsights_sitenote_note":"","_monsterinsights_sitenote_category":0},"product_brand":[],"product_cat":[241],"product_tag":[],"class_list":{"0":"post-4606","1":"product","2":"type-product","3":"status-publish","4":"has-post-thumbnail","6":"product_cat-granules","8":"first","9":"instock","10":"taxable","11":"shipping-taxable","12":"purchasable","13":"product-type-simple"},"acf":[],"aioseo_notices":[],"jetpack_sharing_enabled":true,"_links":{"self":[{"href":"https:\/\/antcube.shop\/de\/wp-json\/wp\/v2\/product\/4606","targetHints":{"allow":["GET"]}}],"collection":[{"href":"https:\/\/antcube.shop\/de\/wp-json\/wp\/v2\/product"}],"about":[{"href":"https:\/\/antcube.shop\/de\/wp-json\/wp\/v2\/types\/product"}],"replies":[{"embeddable":true,"href":"https:\/\/antcube.shop\/de\/wp-json\/wp\/v2\/comments?post=4606"}],"wp:featuredmedia":[{"embeddable":true,"href":"https:\/\/antcube.shop\/de\/wp-json\/wp\/v2\/media\/5732"}],"wp:attachment":[{"href":"https:\/\/antcube.shop\/de\/wp-json\/wp\/v2\/media?parent=4606"}],"wp:term":[{"taxonomy":"product_brand","embeddable":true,"href":"https:\/\/antcube.shop\/de\/wp-json\/wp\/v2\/product_brand?post=4606"},{"taxonomy":"product_cat","embeddable":true,"href":"https:\/\/antcube.shop\/de\/wp-json\/wp\/v2\/product_cat?post=4606"},{"taxonomy":"product_tag","embeddable":true,"href":"https:\/\/antcube.shop\/de\/wp-json\/wp\/v2\/product_tag?post=4606"}],"curies":[{"name":"wp","href":"https:\/\/api.w.org\/{rel}","templated":true}]}}