{"id":4605,"date":"2022-11-01T18:07:07","date_gmt":"2022-11-01T17:07:07","guid":{"rendered":"https:\/\/antcube.shop\/produkt\/formicariengranulat-1000ml-schwarz\/"},"modified":"2026-04-02T18:12:06","modified_gmt":"2026-04-02T16:12:06","slug":"formicariengranulat-1000ml-schwarz","status":"publish","type":"product","link":"https:\/\/antcube.shop\/de\/produkt\/formicariengranulat-1000ml-schwarz\/","title":{"rendered":"Formicarium Granulat 1000ml - schwarz"},"content":{"rendered":"<p><strong>Inhalt:<\/strong> 1000ml (entspricht ~600g)<\/p>\n<p><strong>Gr\u00f6\u00dfe der K\u00f6rner:<\/strong> 1 - 8 mm<\/p>\n<p><strong>Farbe:<\/strong> schwarz<\/p>\n<p><strong>Grundmaterial:<\/strong> spezielle Mischung aus hochwertigem Vulkangestein<\/p>\n<p><strong>Beschreibung:<\/strong> Das Material speichert die Feuchtigkeit und sorgt f\u00fcr eine gute Durchl\u00fcftung des Bodens im Formicarium und sch\u00fctzt vor Staun\u00e4sse und F\u00e4ulnis. Die Granulatschicht sollte etwa 1-2 cm als unterste Bodenschicht in einem Betrieb verwendet werden.<\/p>\n<p><strong>Eigenschaften:<\/strong><br \/>\n- anorganisches, mineralisches Produkt<br \/>\n- biologisch und chemisch neutral<br \/>\n- strukturell stabil<br \/>\n- speichert Feuchtigkeit<\/p>","protected":false},"excerpt":{"rendered":"<p>F\u00fcr Wald- oder Regenwaldsubstrat<\/p>","protected":false},"featured_media":5733,"comment_status":"open","ping_status":"closed","template":"","meta":{"_acf_changed":false,"content-type":"","_monsterinsights_skip_tracking":false,"_monsterinsights_sitenote_active":false,"_monsterinsights_sitenote_note":"","_monsterinsights_sitenote_category":0},"product_brand":[],"product_cat":[101,100,241],"product_tag":[],"class_list":{"0":"post-4605","1":"product","2":"type-product","3":"status-publish","4":"has-post-thumbnail","6":"product_cat-forest","7":"product_cat-rainforest","8":"product_cat-granules","10":"first","11":"instock","12":"taxable","13":"shipping-taxable","14":"purchasable","15":"product-type-simple"},"acf":[],"aioseo_notices":[],"jetpack_sharing_enabled":true,"_links":{"self":[{"href":"https:\/\/antcube.shop\/de\/wp-json\/wp\/v2\/product\/4605","targetHints":{"allow":["GET"]}}],"collection":[{"href":"https:\/\/antcube.shop\/de\/wp-json\/wp\/v2\/product"}],"about":[{"href":"https:\/\/antcube.shop\/de\/wp-json\/wp\/v2\/types\/product"}],"replies":[{"embeddable":true,"href":"https:\/\/antcube.shop\/de\/wp-json\/wp\/v2\/comments?post=4605"}],"wp:featuredmedia":[{"embeddable":true,"href":"https:\/\/antcube.shop\/de\/wp-json\/wp\/v2\/media\/5733"}],"wp:attachment":[{"href":"https:\/\/antcube.shop\/de\/wp-json\/wp\/v2\/media?parent=4605"}],"wp:term":[{"taxonomy":"product_brand","embeddable":true,"href":"https:\/\/antcube.shop\/de\/wp-json\/wp\/v2\/product_brand?post=4605"},{"taxonomy":"product_cat","embeddable":true,"href":"https:\/\/antcube.shop\/de\/wp-json\/wp\/v2\/product_cat?post=4605"},{"taxonomy":"product_tag","embeddable":true,"href":"https:\/\/antcube.shop\/de\/wp-json\/wp\/v2\/product_tag?post=4605"}],"curies":[{"name":"wp","href":"https:\/\/api.w.org\/{rel}","templated":true}]}}