{"id":4373,"date":"2022-06-20T09:12:57","date_gmt":"2022-06-20T07:12:57","guid":{"rendered":"https:\/\/antcube.shop\/produkt\/cricket-jam\/"},"modified":"2026-04-04T18:27:12","modified_gmt":"2026-04-04T16:27:12","slug":"cricket-jam","status":"publish","type":"product","link":"https:\/\/antcube.shop\/de\/produkt\/cricket-jam\/","title":{"rendered":"Cricket-Jam"},"content":{"rendered":"<p><strong>Nettogewicht:<\/strong> 25 g pro Glas<br \/>\np\u00fcrierte und ged\u00e4mpfte Grillen<\/p>\n<p>Einzeleinspeisung<\/p>\n<p><strong>Beschreibung:<\/strong><br \/>\nUnsere Grillenmarmelade ist eine einfache M\u00f6glichkeit, Ihre Ameisen mit frisch konservierter Proteinnahrung zu versorgen, ohne lebende Insekten f\u00fcttern zu m\u00fcssen. Die enthaltenen Grillen (Acheta domesticus) wurden schonend ged\u00e4mpft, um sicherzustellen, dass N\u00e4hrwert, Geschmack und Aroma erhalten bleiben. Au\u00dferdem wird der Chitinpanzer der Insekten auf diese Weise aufgeweicht, so dass er leichter verdaut werden kann. Die Verbindungen der kollagenen Proteine werden aufgespalten, so dass die Ameisen sie besser verwerten k\u00f6nnen. Zerkleinerte Acheta domesticus hat den gleichen N\u00e4hrwert wie lebende Grillen, ist aber leichter zu verdauen. Im Gegensatz zu gefrorenen oder getrockneten Grillen, bei denen etwa 60% Protein verloren gehen, kann das enthaltene Protein zu fast 100% verarbeitet werden.<\/p>\n<p>Die Cricket Jam ist nicht f\u00fcr die Jagd auf Ameisenarten geeignet, die lebende Nahrung ben\u00f6tigen (z. B. Ponerinen (Urameisen) wie Harpegnathos oder Odontomachus).<\/p>\n<p><strong>Weitere Vorteile:<\/strong><\/p>\n<p>Garantiert milbenfrei<\/p>\n<p>Portionierbar und mit Wasser verd\u00fcnnbar.<\/p>\n<p>Sterilisiert und vakuumiert<br \/>\nOhne Zusatzstoffe<br \/>\nGrillen aus nachhaltiger, rein biologischer Zucht, gef\u00fcttert mit organischen Abf\u00e4llen<\/p>\n<p><strong>N\u00e4hrwertangaben:<\/strong><br \/>\nRohprotein: 20%<br \/>\nRohes Fett: 7%<br \/>\nRohfaser: 22%<br \/>\nEsche: 4%<br \/>\nLuftfeuchtigkeit: 46%<\/p>\n<p><strong>Hinweis:<\/strong><br \/>\nNach dem \u00d6ffnen sind sie im K\u00fchlschrank etwa vier Tage haltbar. L\u00e4nger haltbar, wenn sie eingefroren werden.<br \/>\n<strong>Achtung!<\/strong> Erst portionieren, dann einfrieren.<\/p>","protected":false},"excerpt":{"rendered":"<p>Einzelne Einspeisung<\/p>","protected":false},"featured_media":4378,"comment_status":"open","ping_status":"closed","template":"","meta":{"_acf_changed":false,"content-type":"","_monsterinsights_skip_tracking":false,"_monsterinsights_sitenote_active":false,"_monsterinsights_sitenote_note":"","_monsterinsights_sitenote_category":0},"product_brand":[],"product_cat":[257,115,116],"product_tag":[],"class_list":{"0":"post-4373","1":"product","2":"type-product","3":"status-publish","4":"has-post-thumbnail","6":"product_cat-new-innovatve-products","7":"product_cat-food-and-feeding","8":"product_cat-food","10":"first","11":"instock","12":"taxable","13":"shipping-taxable","14":"purchasable","15":"product-type-simple"},"acf":[],"aioseo_notices":[],"jetpack_sharing_enabled":true,"_links":{"self":[{"href":"https:\/\/antcube.shop\/de\/wp-json\/wp\/v2\/product\/4373","targetHints":{"allow":["GET"]}}],"collection":[{"href":"https:\/\/antcube.shop\/de\/wp-json\/wp\/v2\/product"}],"about":[{"href":"https:\/\/antcube.shop\/de\/wp-json\/wp\/v2\/types\/product"}],"replies":[{"embeddable":true,"href":"https:\/\/antcube.shop\/de\/wp-json\/wp\/v2\/comments?post=4373"}],"wp:featuredmedia":[{"embeddable":true,"href":"https:\/\/antcube.shop\/de\/wp-json\/wp\/v2\/media\/4378"}],"wp:attachment":[{"href":"https:\/\/antcube.shop\/de\/wp-json\/wp\/v2\/media?parent=4373"}],"wp:term":[{"taxonomy":"product_brand","embeddable":true,"href":"https:\/\/antcube.shop\/de\/wp-json\/wp\/v2\/product_brand?post=4373"},{"taxonomy":"product_cat","embeddable":true,"href":"https:\/\/antcube.shop\/de\/wp-json\/wp\/v2\/product_cat?post=4373"},{"taxonomy":"product_tag","embeddable":true,"href":"https:\/\/antcube.shop\/de\/wp-json\/wp\/v2\/product_tag?post=4373"}],"curies":[{"name":"wp","href":"https:\/\/api.w.org\/{rel}","templated":true}]}}