{"id":4372,"date":"2022-06-20T09:12:42","date_gmt":"2022-06-20T07:12:42","guid":{"rendered":"https:\/\/antcube.shop\/produkt\/ganze-blanchierte-heimchen\/"},"modified":"2026-04-05T19:45:36","modified_gmt":"2026-04-05T17:45:36","slug":"ganz-blanchierte-heimchen","status":"publish","type":"product","link":"https:\/\/antcube.shop\/de\/produkt\/ganz-blanchierte-heimchen\/","title":{"rendered":"Blanchierte ganze Grillen"},"content":{"rendered":"<p><strong>Nettogewicht:<\/strong> 10g pro Glas<br \/>\nblanchierte mittelgro\u00dfe Grillen im St\u00fcck<\/p>\n<p>Einzeleinspeisung<\/p>\n<p><strong>Beschreibung:<\/strong><br \/>\nUnsere blanchierten Heimchen sind eine einfache M\u00f6glichkeit, Ihre Ameisen mit frisch konservierter Proteinnahrung zu versorgen, ohne lebende Insekten f\u00fcttern zu m\u00fcssen. Die enthaltenen Grillen (Acheta domesticus) wurden schonend ged\u00e4mpft, um sicherzustellen, dass N\u00e4hrwert, Geschmack und Aroma erhalten bleiben. Au\u00dferdem wird der Chitinpanzer der Insekten auf diese Weise aufgeweicht, so dass er leichter verdaut werden kann. Die Verbindungen der kollagenen Proteine werden aufgespalten, so dass die Ameisen sie besser verwerten k\u00f6nnen. Zerkleinerte Acheta domesticus hat den gleichen N\u00e4hrwert wie lebende Grillen, ist aber leichter zu verdauen. Im Gegensatz zu gefrorenen oder getrockneten Grillen, bei denen etwa 60% Protein verloren gehen, kann das enthaltene Protein zu fast 100% verarbeitet werden.<\/p>\n<p>Die blanchierten Grillen eignen sich nicht f\u00fcr die Jagd auf Ameisenarten, die Lebendfutter ben\u00f6tigen (z. B. Ponerinen (Urameisen) wie Harpegnathos oder Odontomachus).<\/p>\n<p><strong>Weitere Vorteile:<\/strong><\/p>\n<p>Garantiert milbenfrei<br \/>\nPortionierbar<br \/>\nSterilisiert und vakuumiert<br \/>\nOhne Zusatzstoffe<br \/>\nGrillen aus nachhaltiger, rein biologischer Zucht, gef\u00fcttert mit Bioabf\u00e4llen<\/p>\n<p><strong>N\u00e4hrwertangaben:<\/strong><br \/>\nRohprotein: 20%<br \/>\nRohes Fett: 7%<br \/>\nRohfaser: 22%<br \/>\nEsche: 4%<br \/>\nLuftfeuchtigkeit: 46%<\/p>\n<p><strong>Hinweis:<\/strong><br \/>\nNach dem \u00d6ffnen etwa vier Tage im K\u00fchlschrank haltbar. Im Gefrierfach l\u00e4nger haltbar.<br \/>\n<strong>Achtung!<\/strong> Erst portionieren, dann einfrieren. So ist auch eine einmalige Entnahme m\u00f6glich (IQF)<\/p>","protected":false},"excerpt":{"rendered":"<p>Einzeleinspeisung<\/p>","protected":false},"featured_media":4375,"comment_status":"open","ping_status":"closed","template":"","meta":{"_acf_changed":false,"content-type":"","_monsterinsights_skip_tracking":false,"_monsterinsights_sitenote_active":false,"_monsterinsights_sitenote_note":"","_monsterinsights_sitenote_category":0},"product_brand":[],"product_cat":[257,115,116],"product_tag":[],"class_list":{"0":"post-4372","1":"product","2":"type-product","3":"status-publish","4":"has-post-thumbnail","6":"product_cat-new-innovatve-products","7":"product_cat-food-and-feeding","8":"product_cat-food","10":"first","11":"instock","12":"taxable","13":"shipping-taxable","14":"purchasable","15":"product-type-simple"},"acf":[],"aioseo_notices":[],"jetpack_sharing_enabled":true,"_links":{"self":[{"href":"https:\/\/antcube.shop\/de\/wp-json\/wp\/v2\/product\/4372","targetHints":{"allow":["GET"]}}],"collection":[{"href":"https:\/\/antcube.shop\/de\/wp-json\/wp\/v2\/product"}],"about":[{"href":"https:\/\/antcube.shop\/de\/wp-json\/wp\/v2\/types\/product"}],"replies":[{"embeddable":true,"href":"https:\/\/antcube.shop\/de\/wp-json\/wp\/v2\/comments?post=4372"}],"wp:featuredmedia":[{"embeddable":true,"href":"https:\/\/antcube.shop\/de\/wp-json\/wp\/v2\/media\/4375"}],"wp:attachment":[{"href":"https:\/\/antcube.shop\/de\/wp-json\/wp\/v2\/media?parent=4372"}],"wp:term":[{"taxonomy":"product_brand","embeddable":true,"href":"https:\/\/antcube.shop\/de\/wp-json\/wp\/v2\/product_brand?post=4372"},{"taxonomy":"product_cat","embeddable":true,"href":"https:\/\/antcube.shop\/de\/wp-json\/wp\/v2\/product_cat?post=4372"},{"taxonomy":"product_tag","embeddable":true,"href":"https:\/\/antcube.shop\/de\/wp-json\/wp\/v2\/product_tag?post=4372"}],"curies":[{"name":"wp","href":"https:\/\/api.w.org\/{rel}","templated":true}]}}