{"id":4343,"date":"2022-06-08T14:36:54","date_gmt":"2022-06-08T12:36:54","guid":{"rendered":"https:\/\/antcube.shop\/produkt\/naturbusch-auf-schieferplatte-gros\/"},"modified":"2025-10-19T15:15:12","modified_gmt":"2025-10-19T13:15:12","slug":"naturbusch-auf-schieferplatte-gros","status":"publish","type":"product","link":"https:\/\/antcube.shop\/de\/produkt\/naturbusch-auf-schieferplatte-gros\/","title":{"rendered":"Zierstrauch"},"content":{"rendered":"<p>Gr\u00f6\u00dfe \/ H\u00f6he 17 cm bis 19 cm, Durchmesser ~ 10 cm -12 cm, ideal f\u00fcr die Arenen 30x30x30 cm und dar\u00fcber.<br \/>\nDas Gewicht variiert zwischen 50 und 80 Gramm<\/p>\n<p>Dekorativer Artikel, der aus einem nat\u00fcrlich getrockneten Holzstrauch und einem Kunstharzsockel (Grundplatte) besteht.<br \/>\nDieser Zierstrauch wurde in Deutschland handgefertigt und zeichnet sich daher durch Nachhaltigkeit aus.<\/p>\n<p><strong>ACHTUNG!<\/strong> Bitte nicht in sehr feuchte Formicarien stellen (\u00fcber 60% Luftfeuchtigkeit). Der Strauch kann anfangen zu schimmeln. Bei sehr guter Bel\u00fcftung kann der Strauch auch in feuchtere Formikarien gestellt werden.<\/p>\n<p>Einige Zierstr\u00e4ucher stehen aufgrund ihrer H\u00f6he nicht von alleine im Formicarium. In diesem Fall hilft es, die Basis ein wenig mit Substrat zu bedecken oder das Produkt in die N\u00e4he der Au\u00dfenfenster zu stellen.<\/p>\n<p><span data-text-color=\"alert\"><strong>WICHTIGER HINWEIS ZU DIESEM ARTIKEL:<\/strong><\/span><br \/>\nDa es sich um ein Naturprodukt \/ Unikat handelt, sind die Bilder hier nicht ganz identisch mit dem Artikel, den Sie erhalten. Es gibt Abweichungen in der Gr\u00f6\u00dfe, Form und Farbe des Mini-Baumes sowie der Bodenplatte aus Bruchschiefer. Wir garantieren nur die maximale H\u00f6he des Artikels.<\/p>\n<p>Mit der Bestellung dieses Artikels erkl\u00e4ren Sie sich mit den oben genannten m\u00f6glichen Variationen des Produkts in Gr\u00f6\u00dfe, Form und Farbe zum Zeitpunkt des Kaufs einverstanden und stimmen diesen zu.<\/p>","protected":false},"excerpt":{"rendered":"<p>Gr\u00f6\u00dfe: 17-19 cm hoch<\/p>","protected":false},"featured_media":6380,"comment_status":"open","ping_status":"closed","template":"","meta":{"_acf_changed":false,"content-type":"","_monsterinsights_skip_tracking":false,"_monsterinsights_sitenote_active":false,"_monsterinsights_sitenote_note":"","_monsterinsights_sitenote_category":0},"product_brand":[],"product_cat":[99,101,102],"product_tag":[],"class_list":{"0":"post-4343","1":"product","2":"type-product","3":"status-publish","4":"has-post-thumbnail","6":"product_cat-desert","7":"product_cat-forest","8":"product_cat-meadow","10":"first","11":"outofstock","12":"taxable","13":"shipping-taxable","14":"purchasable","15":"product-type-simple"},"acf":[],"aioseo_notices":[],"jetpack_sharing_enabled":true,"_links":{"self":[{"href":"https:\/\/antcube.shop\/de\/wp-json\/wp\/v2\/product\/4343","targetHints":{"allow":["GET"]}}],"collection":[{"href":"https:\/\/antcube.shop\/de\/wp-json\/wp\/v2\/product"}],"about":[{"href":"https:\/\/antcube.shop\/de\/wp-json\/wp\/v2\/types\/product"}],"replies":[{"embeddable":true,"href":"https:\/\/antcube.shop\/de\/wp-json\/wp\/v2\/comments?post=4343"}],"wp:featuredmedia":[{"embeddable":true,"href":"https:\/\/antcube.shop\/de\/wp-json\/wp\/v2\/media\/6380"}],"wp:attachment":[{"href":"https:\/\/antcube.shop\/de\/wp-json\/wp\/v2\/media?parent=4343"}],"wp:term":[{"taxonomy":"product_brand","embeddable":true,"href":"https:\/\/antcube.shop\/de\/wp-json\/wp\/v2\/product_brand?post=4343"},{"taxonomy":"product_cat","embeddable":true,"href":"https:\/\/antcube.shop\/de\/wp-json\/wp\/v2\/product_cat?post=4343"},{"taxonomy":"product_tag","embeddable":true,"href":"https:\/\/antcube.shop\/de\/wp-json\/wp\/v2\/product_tag?post=4343"}],"curies":[{"name":"wp","href":"https:\/\/api.w.org\/{rel}","templated":true}]}}