{"id":4342,"date":"2022-06-08T14:36:40","date_gmt":"2022-06-08T12:36:40","guid":{"rendered":"https:\/\/antcube.shop\/produkt\/naturbusch-auf-schieferplatte-klein\/"},"modified":"2026-04-20T16:40:53","modified_gmt":"2026-04-20T14:40:53","slug":"naturbusch-auf-schieferplatte-klein","status":"publish","type":"product","link":"https:\/\/antcube.shop\/de\/produkt\/naturbusch-auf-schieferplatte-klein\/","title":{"rendered":"Nat\u00fcrlicher Busch auf Schiefer - Klein"},"content":{"rendered":"<p>Gr\u00f6\u00dfe \/ H\u00f6he bis zu 9 cm, ideal f\u00fcr die Arenen 20x20x10 cm.<br \/>\nDas Gewicht variiert zwischen 200 und 600 Gramm<\/p>\n<p>Dekorativer Artikel, der aus rein nat\u00fcrlichen Bestandteilen besteht, aus einem getrockneten Holzstrauch und einer Schieferplatte (Bodenplatte). Beides unbehandelte Naturprodukte.<br \/>\nDieser Mini-Baum wurde in Deutschland handgefertigt und zeichnet sich somit durch Nachhaltigkeit aus.<\/p>\n<p><strong>ACHTUNG!<\/strong> Bitte nicht in sehr feuchte Formicaria (\u00fcber 60% Luftfeuchtigkeit) stellen. Der Strauch kann anfangen zu schimmeln. Bei sehr guter Bel\u00fcftung kann der Strauch in feuchtere Formicarien gestellt werden.<\/p>\n<p><strong>WICHTIGER HINWEIS ZUM ARTIKEL:<\/strong><br \/>\nDa es sich um ein Naturprodukt \/ Unikat handelt, sind die Bilder hier nicht ganz identisch mit dem Artikel, den Sie erhalten. Es gibt Abweichungen in der Gr\u00f6\u00dfe, Form und Farbe des Mini-Baumes sowie der Bodenplatte aus Bruchschiefer. Wir garantieren nur die maximale H\u00f6he des Artikels.<\/p>\n<p>Mit der Bestellung dieses Artikels erkl\u00e4ren Sie sich mit den oben genannten m\u00f6glichen Variationen des Produkts in Gr\u00f6\u00dfe, Form und Farbe zum Zeitpunkt des Kaufs einverstanden und stimmen diesen zu.<\/p>","protected":false},"excerpt":{"rendered":"<p>Gr\u00f6\u00dfe: 18x15x9<\/p>","protected":false},"featured_media":4355,"comment_status":"open","ping_status":"closed","template":"","meta":{"_acf_changed":false,"content-type":"","_monsterinsights_skip_tracking":false,"_monsterinsights_sitenote_active":false,"_monsterinsights_sitenote_note":"","_monsterinsights_sitenote_category":0},"product_brand":[],"product_cat":[99,101,102],"product_tag":[],"class_list":{"0":"post-4342","1":"product","2":"type-product","3":"status-publish","4":"has-post-thumbnail","6":"product_cat-desert","7":"product_cat-forest","8":"product_cat-meadow","10":"first","11":"instock","12":"taxable","13":"shipping-taxable","14":"purchasable","15":"product-type-simple"},"acf":[],"aioseo_notices":[],"jetpack_sharing_enabled":true,"_links":{"self":[{"href":"https:\/\/antcube.shop\/de\/wp-json\/wp\/v2\/product\/4342","targetHints":{"allow":["GET"]}}],"collection":[{"href":"https:\/\/antcube.shop\/de\/wp-json\/wp\/v2\/product"}],"about":[{"href":"https:\/\/antcube.shop\/de\/wp-json\/wp\/v2\/types\/product"}],"replies":[{"embeddable":true,"href":"https:\/\/antcube.shop\/de\/wp-json\/wp\/v2\/comments?post=4342"}],"wp:featuredmedia":[{"embeddable":true,"href":"https:\/\/antcube.shop\/de\/wp-json\/wp\/v2\/media\/4355"}],"wp:attachment":[{"href":"https:\/\/antcube.shop\/de\/wp-json\/wp\/v2\/media?parent=4342"}],"wp:term":[{"taxonomy":"product_brand","embeddable":true,"href":"https:\/\/antcube.shop\/de\/wp-json\/wp\/v2\/product_brand?post=4342"},{"taxonomy":"product_cat","embeddable":true,"href":"https:\/\/antcube.shop\/de\/wp-json\/wp\/v2\/product_cat?post=4342"},{"taxonomy":"product_tag","embeddable":true,"href":"https:\/\/antcube.shop\/de\/wp-json\/wp\/v2\/product_tag?post=4342"}],"curies":[{"name":"wp","href":"https:\/\/api.w.org\/{rel}","templated":true}]}}