{"id":4287,"date":"2022-04-28T15:49:09","date_gmt":"2022-04-28T13:49:09","guid":{"rendered":"https:\/\/antcube.shop\/produkt\/reagenzglaser-150x16-mm-10-st\/"},"modified":"2026-04-14T12:07:22","modified_gmt":"2026-04-14T10:07:22","slug":"reagenzglaser-150x16-mm-10-st","status":"publish","type":"product","link":"https:\/\/antcube.shop\/de\/produkt\/reagenzglaser-150x16-mm-10-st\/","title":{"rendered":"Pr\u00fcfglasr\u00f6hrchen 150\u00d716 mm \/ 10 St\u00fcck."},"content":{"rendered":"<p><b>Gr\u00f6\u00dfe:<\/b> 150\u00d716 mm<\/p>\n<p><strong>Kapazit\u00e4t:<\/strong> 20 ml<\/p>\n<p><b>Beschreibung:<\/b> Reagenzglas aus Kalk-Natron-Glas, dickwandig mit Rand. Kann \u00fcber einen l\u00e4ngeren Zeitraum als Nistkammer verwendet werden, indem man es zu 1\/3 mit Wasser f\u00fcllt und mit saugf\u00e4higer Baumwolle verschlie\u00dft. Auch als Transportbeh\u00e4lter geeignet.<\/p>","protected":false},"excerpt":{"rendered":"<p>Gr\u00f6\u00dfe: 150\u00d716 mm Fassungsverm\u00f6gen: 20 ml Beschreibung: Reagenzglas aus Kalk-Natron-Glas, dickwandig mit Rand. Kann als Nestkammer f\u00fcr l\u00e4ngere Zeit verwendet werden, indem 1\/3 mit Wasser gef\u00fcllt und mit saugf\u00e4higer Baumwolle verschlossen wird. Auch als Transportbeh\u00e4lter geeignet.<\/p>","protected":false},"featured_media":4290,"comment_status":"open","ping_status":"closed","template":"","meta":{"_acf_changed":false,"content-type":"","_monsterinsights_skip_tracking":false,"_monsterinsights_sitenote_active":false,"_monsterinsights_sitenote_note":"","_monsterinsights_sitenote_category":0},"product_brand":[],"product_cat":[237],"product_tag":[],"class_list":{"0":"post-4287","1":"product","2":"type-product","3":"status-publish","4":"has-post-thumbnail","6":"product_cat-tools","8":"first","9":"instock","10":"taxable","11":"shipping-taxable","12":"purchasable","13":"product-type-simple"},"acf":[],"aioseo_notices":[],"jetpack_sharing_enabled":true,"_links":{"self":[{"href":"https:\/\/antcube.shop\/de\/wp-json\/wp\/v2\/product\/4287","targetHints":{"allow":["GET"]}}],"collection":[{"href":"https:\/\/antcube.shop\/de\/wp-json\/wp\/v2\/product"}],"about":[{"href":"https:\/\/antcube.shop\/de\/wp-json\/wp\/v2\/types\/product"}],"replies":[{"embeddable":true,"href":"https:\/\/antcube.shop\/de\/wp-json\/wp\/v2\/comments?post=4287"}],"wp:featuredmedia":[{"embeddable":true,"href":"https:\/\/antcube.shop\/de\/wp-json\/wp\/v2\/media\/4290"}],"wp:attachment":[{"href":"https:\/\/antcube.shop\/de\/wp-json\/wp\/v2\/media?parent=4287"}],"wp:term":[{"taxonomy":"product_brand","embeddable":true,"href":"https:\/\/antcube.shop\/de\/wp-json\/wp\/v2\/product_brand?post=4287"},{"taxonomy":"product_cat","embeddable":true,"href":"https:\/\/antcube.shop\/de\/wp-json\/wp\/v2\/product_cat?post=4287"},{"taxonomy":"product_tag","embeddable":true,"href":"https:\/\/antcube.shop\/de\/wp-json\/wp\/v2\/product_tag?post=4287"}],"curies":[{"name":"wp","href":"https:\/\/api.w.org\/{rel}","templated":true}]}}