{"id":4286,"date":"2022-04-28T15:48:56","date_gmt":"2022-04-28T13:48:56","guid":{"rendered":"https:\/\/antcube.shop\/produkt\/reagenzglas-200x25-mm\/"},"modified":"2026-04-01T12:29:59","modified_gmt":"2026-04-01T10:29:59","slug":"reagenzglas-200x25-mm","status":"publish","type":"product","link":"https:\/\/antcube.shop\/de\/produkt\/reagenzglas-200x25-mm\/","title":{"rendered":"Pr\u00fcfglasr\u00f6hre 200\u00d725 mm"},"content":{"rendered":"<p><b>Gr\u00f6\u00dfe:<\/b><br \/>\nL\u00e4nge: 200 mm<br \/>\nDurchmesser: 25 mm (au\u00dfen)<br \/>\nDicke 1mm<\/p>\n<p><b>Beschreibung:<\/b> Reagenzglas aus Kalk-Natron-Glas, dickwandig mit Rand. Kann \u00fcber einen l\u00e4ngeren Zeitraum als Nistkammer verwendet werden, indem man es zu 1\/3 mit Wasser f\u00fcllt und mit saugf\u00e4higer Baumwolle verschlie\u00dft. Auch als Transportbeh\u00e4lter geeignet.<\/p>","protected":false},"excerpt":{"rendered":"<p>Gr\u00f6\u00dfe: L\u00e4nge: 200mm Durchmesser: 25mm (au\u00dfen) Dicke 1mm Beschreibung: Reagenzglas aus Kalk-Natron-Glas, dickwandig mit Rand. Kann als Nestkammer f\u00fcr l\u00e4ngere Zeit verwendet werden, indem 1\/3 mit Wasser gef\u00fcllt und mit saugf\u00e4higer Baumwolle verschlossen wird. Auch als Transportbeh\u00e4lter geeignet.<\/p>","protected":false},"featured_media":4289,"comment_status":"open","ping_status":"closed","template":"","meta":{"_acf_changed":false,"content-type":"","_monsterinsights_skip_tracking":false,"_monsterinsights_sitenote_active":false,"_monsterinsights_sitenote_note":"","_monsterinsights_sitenote_category":0},"product_brand":[],"product_cat":[237],"product_tag":[],"class_list":{"0":"post-4286","1":"product","2":"type-product","3":"status-publish","4":"has-post-thumbnail","6":"product_cat-tools","8":"first","9":"instock","10":"taxable","11":"shipping-taxable","12":"purchasable","13":"product-type-simple"},"acf":[],"aioseo_notices":[],"jetpack_sharing_enabled":true,"_links":{"self":[{"href":"https:\/\/antcube.shop\/de\/wp-json\/wp\/v2\/product\/4286","targetHints":{"allow":["GET"]}}],"collection":[{"href":"https:\/\/antcube.shop\/de\/wp-json\/wp\/v2\/product"}],"about":[{"href":"https:\/\/antcube.shop\/de\/wp-json\/wp\/v2\/types\/product"}],"replies":[{"embeddable":true,"href":"https:\/\/antcube.shop\/de\/wp-json\/wp\/v2\/comments?post=4286"}],"wp:featuredmedia":[{"embeddable":true,"href":"https:\/\/antcube.shop\/de\/wp-json\/wp\/v2\/media\/4289"}],"wp:attachment":[{"href":"https:\/\/antcube.shop\/de\/wp-json\/wp\/v2\/media?parent=4286"}],"wp:term":[{"taxonomy":"product_brand","embeddable":true,"href":"https:\/\/antcube.shop\/de\/wp-json\/wp\/v2\/product_brand?post=4286"},{"taxonomy":"product_cat","embeddable":true,"href":"https:\/\/antcube.shop\/de\/wp-json\/wp\/v2\/product_cat?post=4286"},{"taxonomy":"product_tag","embeddable":true,"href":"https:\/\/antcube.shop\/de\/wp-json\/wp\/v2\/product_tag?post=4286"}],"curies":[{"name":"wp","href":"https:\/\/api.w.org\/{rel}","templated":true}]}}