{"id":4261,"date":"2022-04-28T14:01:16","date_gmt":"2022-04-28T12:01:16","guid":{"rendered":"https:\/\/antcube.shop\/produkt\/nestrohrchen-rack-25mm\/"},"modified":"2026-01-12T12:36:20","modified_gmt":"2026-01-12T11:36:20","slug":"nestrohrchen-rack-25mm","status":"publish","type":"product","link":"https:\/\/antcube.shop\/de\/produkt\/nestrohrchen-rack-25mm\/","title":{"rendered":"Nestrohrgestell 25mm"},"content":{"rendered":"<p style=\"margin-bottom: 0cm;\"><strong>Abmessungen:<\/strong> 25x12x4 cm<\/p>\n<p><strong>Materialien: <\/strong>PMMA, PVC<\/p>\n<p><strong>Farbe: <\/strong>kristallklar, transparent, durchsichtig<\/p>\n<p><strong>Inhalt:<\/strong><br \/>\n2x Bohrungsplatte<br \/>\n2x Griffschale<br \/>\n4x elastische B\u00e4nder<\/p>\n<p><strong>Anmerkung: <\/strong>Die Teile werden als Bausatz oder Stecksystem geliefert. Ein Verkleben ist nicht erforderlich.<\/p>\n<p><strong>Verbindung:<\/strong><br \/>\nf\u00fcr Nestr\u00f6hren mit einem Durchmesser von 25 mm<\/p>\n<p><strong>Beschreibung:<\/strong> Das Nestr\u00f6hrenregal dient der sorgf\u00e4ltigen Aufbewahrung von Ameisennestr\u00f6hren. Der Bausatz ist leicht zusammenzubauen.<\/p>\n<p><strong>Anwendung:<\/strong> Zur Aufbewahrung von Nestr\u00f6hren. Geeignet f\u00fcr unseren Ameisen-Inkubator<\/p>\n<p><strong>Anmerkung:<\/strong> Um die Stabilit\u00e4t beim Stapeln zu verbessern, empfehlen wir die Verwendung von \"Dichtungsring transparent flexibel 20-50 mm - 10 St\u00fcck\" siehe Artikel-Empfehlung.<\/p>","protected":false},"excerpt":{"rendered":"<p>f\u00fcr 25-mm-Nestrohre<\/p>","protected":false},"featured_media":4279,"comment_status":"open","ping_status":"closed","template":"","meta":{"_acf_changed":false,"content-type":"","_monsterinsights_skip_tracking":false,"_monsterinsights_sitenote_active":false,"_monsterinsights_sitenote_note":"","_monsterinsights_sitenote_category":0},"product_brand":[],"product_cat":[237],"product_tag":[],"class_list":{"0":"post-4261","1":"product","2":"type-product","3":"status-publish","4":"has-post-thumbnail","6":"product_cat-tools","8":"first","9":"instock","10":"taxable","11":"shipping-taxable","12":"purchasable","13":"product-type-simple"},"acf":[],"aioseo_notices":[],"jetpack_sharing_enabled":true,"_links":{"self":[{"href":"https:\/\/antcube.shop\/de\/wp-json\/wp\/v2\/product\/4261","targetHints":{"allow":["GET"]}}],"collection":[{"href":"https:\/\/antcube.shop\/de\/wp-json\/wp\/v2\/product"}],"about":[{"href":"https:\/\/antcube.shop\/de\/wp-json\/wp\/v2\/types\/product"}],"replies":[{"embeddable":true,"href":"https:\/\/antcube.shop\/de\/wp-json\/wp\/v2\/comments?post=4261"}],"wp:featuredmedia":[{"embeddable":true,"href":"https:\/\/antcube.shop\/de\/wp-json\/wp\/v2\/media\/4279"}],"wp:attachment":[{"href":"https:\/\/antcube.shop\/de\/wp-json\/wp\/v2\/media?parent=4261"}],"wp:term":[{"taxonomy":"product_brand","embeddable":true,"href":"https:\/\/antcube.shop\/de\/wp-json\/wp\/v2\/product_brand?post=4261"},{"taxonomy":"product_cat","embeddable":true,"href":"https:\/\/antcube.shop\/de\/wp-json\/wp\/v2\/product_cat?post=4261"},{"taxonomy":"product_tag","embeddable":true,"href":"https:\/\/antcube.shop\/de\/wp-json\/wp\/v2\/product_tag?post=4261"}],"curies":[{"name":"wp","href":"https:\/\/api.w.org\/{rel}","templated":true}]}}