{"id":4258,"date":"2022-04-28T14:00:36","date_gmt":"2022-04-28T12:00:36","guid":{"rendered":"https:\/\/antcube.shop\/produkt\/ameisen-inkubator\/"},"modified":"2026-04-09T15:04:51","modified_gmt":"2026-04-09T13:04:51","slug":"ameisen-inkubator","status":"publish","type":"product","link":"https:\/\/antcube.shop\/de\/produkt\/ameisen-inkubator\/","title":{"rendered":"Ameisen-Inkubator"},"content":{"rendered":"<p><strong>Gr\u00f6\u00dfe:\u00a0<\/strong>Gr\u00f6\u00dfe der Einheit: 40\u00d739,5\u00d748 cm ; Innen: 32\u00d722,5\u00d737 cm<\/p>\n<p><strong>Farbe:<\/strong> Schwarz<\/p>\n<p><strong>Technische Daten:<\/strong><br \/>\nSpannung: 220-240V, 50Hz<br \/>\nLeistung: 70W<br \/>\nKabell\u00e4nge Netzkabel: 1.60m<br \/>\nTemperaturbereich: 5\u00b0C - 40\u00b0C<\/p>\n<p><strong>Material:<\/strong> Metall, Glas<\/p>\n<p><strong>Beschreibung:<\/strong><br \/>\nDieser Ameisenbrutkasten ist nicht nur f\u00fcr die Aufzucht von Ameisenv\u00f6lkern aus tropischen Regionen, sondern auch f\u00fcr Ameisenv\u00f6lker im Winterschlaf sehr gut geeignet.<br \/>\nEr verf\u00fcgt \u00fcber einen Temperaturregler mit Digitalanzeige und einen herausnehmbaren Zwischenboden f\u00fcr mehr Platz. Die Temperatur kann je nach Bedarf eingestellt und ver\u00e4ndert werden. Das Ger\u00e4t kann sowohl k\u00fchlen (bis ca. 5\u00b0C) als auch heizen (bis ca. 40\u00b0C). Der einstellbare Temperaturbereich betr\u00e4gt ca. 5\u00b0C-40\u00b0C. Es kann daher auch f\u00fcr die \u00dcberwinterung einheimischer Ameisen verwendet werden.<\/p>\n<p><strong>Vorteile:<\/strong><br \/>\nOft steht man vor der Frage, wie man Ameisen zur \u00dcberwinterung unkompliziert bei der richtigen Temperatur lagern kann. Der K\u00fchlschrank ist ohnehin zu voll, auf dem Balkon kann es den Tieren zu kalt werden und im Keller ist es auch zu eng, oder man hat nicht genug Kontrolle.<br \/>\n<strong>Hier ist die L\u00f6sung:<\/strong> Entweder Sie lassen die Tiere im Inkubator mit unseren Nistr\u00f6hrengestellen in Reagenzgl\u00e4sern \u00fcberwintern, in diesem Fall sogar bis zu 100 Kolonien gleichzeitig, oder zusammen mit dem ganzen ANTCUBE Formicarium. Zum Beispiel unsere ANTCUBE Arena Combi, die komplett hineinpasst. Aber auch ein Starterset mit Arena 20x20x10 und 2 Nestern 20\u00d720 h\u00e4tte gen\u00fcgend Platz.<br \/>\nAuch Lagerung &amp; Transport mit dem Auto, zum Beispiel w\u00e4hrend eines Schwarmfluges, Umzuges oder eines Transportes der besonders empfindlichen Blattschneiderameisen sind damit realisierbar.<br \/>\nDie praktischen Gestelle f\u00fcr Reagenzgl\u00e4ser (Nestr\u00f6hrchen) gibt es in drei verschiedenen Gr\u00f6\u00dfen. Hier ist unsere Empfehlung:<\/p>\n<p><strong>Empfehlung:<\/strong><br \/>\nDer Platz im Inkubator ist geeignet f\u00fcr:<br \/>\nBis zu 24x Cricket-Reagenzgl\u00e4ser\/ oder 24x die Sammelbox transparent 115x115x55<br \/>\nF\u00fcr Ameisen in Nestr\u00f6hren empfehlen wir die Nestr\u00f6hrenst\u00e4nder zur Aufbewahrung<br \/>\nPasst in den Innenraum:<br \/>\n- Nestr\u00f6hrenst\u00e4nder f\u00fcr 16mm = 12 St\u00fcck oder 120 Nestr\u00f6hren mit 16mm Durchmesser<br \/>\n- Nesting Tube Rack f\u00fcr 18mm = 12 St\u00fcck oder 120 Nesting Tubes mit 18mm Durchmesser<br \/>\n- Nesting Tube Rack f\u00fcr 25mm = 9 St\u00fcck bzw. 54 Nesting Tubes mit 25mm Durchmesser<\/p>\n<p><strong>Anmerkung:<\/strong><br \/>\n- Stellen Sie das Ger\u00e4t nicht in direktem Sonnenlicht oder in der N\u00e4he einer W\u00e4rmequelle auf, da externe Temperaturschwankungen die Innentemperatur beeinflussen.<br \/>\n- Stellen Sie das Ger\u00e4t an einem trockenen Ort auf, an dem die Temperatur m\u00f6glichst konstant ist.<br \/>\n- Die Ventilatoren m\u00fcssen sich frei drehen k\u00f6nnen.<br \/>\n- Die Luftfl\u00e4chen m\u00fcssen frei bleiben<br \/>\n- Regelm\u00e4\u00dfig auf Besch\u00e4digungen pr\u00fcfen -&gt; falls vorhanden, Betrieb sofort einstellen<br \/>\n- Der Inkubator kann mit einem zus\u00e4tzlichen Thermo Control II oder Thermo Control Pro II doppelt abgesichert werden. Eine entsprechende Durchf\u00fchrung befindet sich auf der R\u00fcckseite des Ger\u00e4ts.<\/p>\n<p><strong>Anmerkung: <\/strong>20.01.2025 - Produktaktualisierung - neues Modell<\/p>","protected":false},"excerpt":{"rendered":"<p>Gr\u00f6\u00dfe: Ger\u00e4tegr\u00f6\u00dfe: 40\u00d739,5\u00d748 cm ; Innen: 32\u00d722,5\u00d737 cm Farbe: Schwarz Technische Daten: Spannung: 220-240V, 50Hz Leistung: 70W Kabell\u00e4nge Netzkabel: 1.60m Temperaturbereich: 5\u00b0C - 40\u00b0C Material: Metall, Glas Beschreibung: Dieser Ameisenbrutkasten ist nicht nur f\u00fcr die Aufzucht von Ameisenv\u00f6lkern aus tropischen Regionen, sondern auch f\u00fcr Ameisenv\u00f6lker im Winterschlaf sehr gut geeignet. Er hat [...]","protected":false},"featured_media":11099,"comment_status":"open","ping_status":"closed","template":"","meta":{"_acf_changed":false,"content-type":"","_monsterinsights_skip_tracking":false,"_monsterinsights_sitenote_active":false,"_monsterinsights_sitenote_note":"","_monsterinsights_sitenote_category":0},"product_brand":[],"product_cat":[237],"product_tag":[],"class_list":{"0":"post-4258","1":"product","2":"type-product","3":"status-publish","4":"has-post-thumbnail","6":"product_cat-tools","8":"first","9":"instock","10":"taxable","11":"shipping-taxable","12":"purchasable","13":"product-type-simple"},"acf":[],"aioseo_notices":[],"jetpack_sharing_enabled":true,"_links":{"self":[{"href":"https:\/\/antcube.shop\/de\/wp-json\/wp\/v2\/product\/4258","targetHints":{"allow":["GET"]}}],"collection":[{"href":"https:\/\/antcube.shop\/de\/wp-json\/wp\/v2\/product"}],"about":[{"href":"https:\/\/antcube.shop\/de\/wp-json\/wp\/v2\/types\/product"}],"replies":[{"embeddable":true,"href":"https:\/\/antcube.shop\/de\/wp-json\/wp\/v2\/comments?post=4258"}],"wp:featuredmedia":[{"embeddable":true,"href":"https:\/\/antcube.shop\/de\/wp-json\/wp\/v2\/media\/11099"}],"wp:attachment":[{"href":"https:\/\/antcube.shop\/de\/wp-json\/wp\/v2\/media?parent=4258"}],"wp:term":[{"taxonomy":"product_brand","embeddable":true,"href":"https:\/\/antcube.shop\/de\/wp-json\/wp\/v2\/product_brand?post=4258"},{"taxonomy":"product_cat","embeddable":true,"href":"https:\/\/antcube.shop\/de\/wp-json\/wp\/v2\/product_cat?post=4258"},{"taxonomy":"product_tag","embeddable":true,"href":"https:\/\/antcube.shop\/de\/wp-json\/wp\/v2\/product_tag?post=4258"}],"curies":[{"name":"wp","href":"https:\/\/api.w.org\/{rel}","templated":true}]}}