{"id":4175,"date":"2022-03-14T17:24:15","date_gmt":"2022-03-14T16:24:15","guid":{"rendered":"https:\/\/antcube.shop\/produkt\/candy-ant-snack-20g\/"},"modified":"2026-04-04T06:34:17","modified_gmt":"2026-04-04T04:34:17","slug":"bonbon-ameisen-snack-20g","status":"publish","type":"product","link":"https:\/\/antcube.shop\/de\/produkt\/bonbon-ameisen-snack-20g\/","title":{"rendered":"Candy Ant Snack - 20g"},"content":{"rendered":"<p><strong>Inhalt:<\/strong><br \/>\n20g<\/p>\n<p><strong>Beschreibung:<\/strong><br \/>\nDies ist ein reines Naturprodukt. Unser Candy Ant Snack, hergestellt aus biologisch angebautem Acheta domesticus, umh\u00fcllt von biologischem Honig.<br \/>\nLeicht verdaulich. Dank der hochwertigen Proteine ist es fast ein vollst\u00e4ndiges Futter (ersetzt Honig\/Zucker und Proteine) f\u00fcr die meisten Ameisenarten wie Lasius sp., Camponotus sp. oder Messor sp. etc. Die Ameisen lieben es. Es ersetzt nicht das von den Ameisen ben\u00f6tigte Frischwasser. Es ersetzt auch nicht den Bedarf an lebenden Proteinen, wie z. B. kleinen Insekten.<\/p>\n<p>Dieses Erg\u00e4nzungsfuttermittel ist voll von Power-Protein und enth\u00e4lt etwa 50% reines nat\u00fcrliches Protein.<br \/>\nDar\u00fcber hinaus wurde das Produkt mit pestizidfreien organischen Pflanzenabf\u00e4llen gef\u00fcttert, was einen hohen \u00f6kologischen Wert hat, da bei der Herstellung weniger Energie und Wasser verbraucht wird.<\/p>\n<p>Der Mehrwert f\u00fcr alle Ameisenliebhaber ist die Kombination aus nat\u00fcrlichem Protein und dem \u00dcberzug mit nat\u00fcrlichem Honig. Die Ameisen lieben und brauchen dies f\u00fcr eine gute Brutentwicklung und ein gesundes Wachstum der Kolonie.<\/p>\n<p><strong>Anwendung:<\/strong><br \/>\nZur F\u00fctterung sollte Candy Ant Snack in kleinere Portionen aufgeteilt oder in Wasser aufgel\u00f6st werden.<\/p>\n<p><strong>Enth\u00e4lt:<\/strong><br \/>\nNat\u00fcrlich getrocknete Acheta domesticus, umh\u00fcllt von biologischem Honig. Nicht f\u00fcr den menschlichen Verzehr bestimmt. Nur f\u00fcr Ameisen.<br \/>\nUngef\u00e4hres Mischungsverh\u00e4ltnis 70% Acheta domesticus und 30% Honig.<\/p>\n<p><strong>Lagerung:<\/strong><br \/>\nWiederverschlie\u00dfbar. Bitte an einem dunklen, k\u00fchlen und trockenen Ort aufbewahren.<\/p>\n<p><strong>Anmerkung:<\/strong><br \/>\nErg\u00e4nzungsfuttermittel f\u00fcr Ameisen.<br \/>\nDie Zusammensetzung, die analytischen Bestandteile, das Mindesthaltbarkeitsdatum und die Chargennummer entnehmen Sie bitte der Packungsbeilage.<\/p>\n<p>Informations-Hotline +49 30 439703870<\/p>\n<p>Zust\u00e4ndiges Veterin\u00e4r- und Lebensmittelinspektorat:<br \/>\nVeterin\u00e4ramt Steglitz<br \/>\nK\u00f6nigin-Luise-Str. 92<br \/>\n14195 Berlin<\/p>","protected":false},"excerpt":{"rendered":"<p>Erg\u00e4nzende Lebensmittel<\/p>","protected":false},"featured_media":4182,"comment_status":"open","ping_status":"closed","template":"","meta":{"_acf_changed":false,"content-type":"","_monsterinsights_skip_tracking":false,"_monsterinsights_sitenote_active":false,"_monsterinsights_sitenote_note":"","_monsterinsights_sitenote_category":0},"product_brand":[],"product_cat":[115,116],"product_tag":[],"class_list":{"0":"post-4175","1":"product","2":"type-product","3":"status-publish","4":"has-post-thumbnail","6":"product_cat-food-and-feeding","7":"product_cat-food","9":"first","10":"instock","11":"taxable","12":"shipping-taxable","13":"purchasable","14":"product-type-simple"},"acf":[],"aioseo_notices":[],"jetpack_sharing_enabled":true,"_links":{"self":[{"href":"https:\/\/antcube.shop\/de\/wp-json\/wp\/v2\/product\/4175","targetHints":{"allow":["GET"]}}],"collection":[{"href":"https:\/\/antcube.shop\/de\/wp-json\/wp\/v2\/product"}],"about":[{"href":"https:\/\/antcube.shop\/de\/wp-json\/wp\/v2\/types\/product"}],"replies":[{"embeddable":true,"href":"https:\/\/antcube.shop\/de\/wp-json\/wp\/v2\/comments?post=4175"}],"wp:featuredmedia":[{"embeddable":true,"href":"https:\/\/antcube.shop\/de\/wp-json\/wp\/v2\/media\/4182"}],"wp:attachment":[{"href":"https:\/\/antcube.shop\/de\/wp-json\/wp\/v2\/media?parent=4175"}],"wp:term":[{"taxonomy":"product_brand","embeddable":true,"href":"https:\/\/antcube.shop\/de\/wp-json\/wp\/v2\/product_brand?post=4175"},{"taxonomy":"product_cat","embeddable":true,"href":"https:\/\/antcube.shop\/de\/wp-json\/wp\/v2\/product_cat?post=4175"},{"taxonomy":"product_tag","embeddable":true,"href":"https:\/\/antcube.shop\/de\/wp-json\/wp\/v2\/product_tag?post=4175"}],"curies":[{"name":"wp","href":"https:\/\/api.w.org\/{rel}","templated":true}]}}